{"id":38,"date":"2024-11-15T07:25:12","date_gmt":"2024-11-15T07:25:12","guid":{"rendered":"https:\/\/www.apsmke.com\/?page_id=38"},"modified":"2026-02-16T20:54:19","modified_gmt":"2026-02-16T20:54:19","slug":"informacion-sobre-la-reversion-de-la-pildora-abortiva","status":"publish","type":"page","link":"http:\/\/www.apsmke.com\/es\/abortion-pill-reversal-info\/","title":{"rendered":"Informaci\u00f3n sobre la reversi\u00f3n de la p\u00edldora abortiva"},"content":{"rendered":"<div data-elementor-type=\"wp-page\" data-elementor-id=\"38\" class=\"elementor elementor-38\" data-elementor-post-type=\"page\">\n\t\t\t\t<div class=\"elementor-element elementor-element-69b1d425 e-flex e-con-boxed e-con e-parent\" data-id=\"69b1d425\" data-element_type=\"container\" data-e-type=\"container\" data-settings=\"{&quot;background_background&quot;:&quot;gradient&quot;}\">\n\t\t\t\t\t<div class=\"e-con-inner\">\n\t\t<div class=\"elementor-element elementor-element-10ff837e e-con-full e-flex e-con e-child\" data-id=\"10ff837e\" data-element_type=\"container\" data-e-type=\"container\" data-settings=\"{&quot;background_background&quot;:&quot;classic&quot;}\">\n\t\t\t\t<div class=\"elementor-element elementor-element-7575248d elementor-invisible elementor-widget elementor-widget-heading\" data-id=\"7575248d\" data-element_type=\"widget\" data-e-type=\"widget\" data-settings=\"{&quot;_animation&quot;:&quot;fadeInUp&quot;}\" data-widget_type=\"heading.default\">\n\t\t\t\t<div class=\"elementor-widget-container\">\n\t\t\t\t\t<h1 class=\"elementor-heading-title elementor-size-default\">Informaci\u00f3n sobre la reversi\u00f3n de la p\u00edldora abortiva<\/h1>\t\t\t\t<\/div>\n\t\t\t\t<\/div>\n\t\t\t\t<\/div>\n\t\t\t\t\t<\/div>\n\t\t\t\t<\/div>\n\t\t<div class=\"elementor-element elementor-element-684b4860 e-flex e-con-boxed e-con e-parent\" data-id=\"684b4860\" data-element_type=\"container\" data-e-type=\"container\" data-settings=\"{&quot;background_background&quot;:&quot;classic&quot;}\">\n\t\t\t\t\t<div class=\"e-con-inner\">\n\t\t<div class=\"elementor-element elementor-element-46415778 e-con-full e-flex elementor-invisible e-con e-child\" data-id=\"46415778\" data-element_type=\"container\" data-e-type=\"container\" data-settings=\"{&quot;background_background&quot;:&quot;classic&quot;,&quot;animation&quot;:&quot;fadeInUp&quot;}\">\n\t\t\t\t<div class=\"elementor-element elementor-element-89c68db common-cont custom-inherit-heading elementor-widget elementor-widget-text-editor\" data-id=\"89c68db\" data-element_type=\"widget\" data-e-type=\"widget\" data-widget_type=\"text-editor.default\">\n\t\t\t\t<div class=\"elementor-widget-container\">\n\t\t\t\t\t\t\t\t\t<h3>\u00bfYa tomaste la primera dosis de la p\u00edldora abortiva? \u00bfCambiaste de opini\u00f3n? <br \/><strong>A\u00fan puede haber tiempo para salvar tu embarazo.<\/strong> Hay <strong>GRATIS<\/strong> soporte disponible.<\/h3><h3><strong>\u00a1Llama o visita el sitio web AHORA!<\/strong><\/h3>\t\t\t\t\t\t\t\t<\/div>\n\t\t\t\t<\/div>\n\t\t\t\t<\/div>\n\t\t\t\t\t<\/div>\n\t\t\t\t<\/div>\n\t\t<div class=\"elementor-element elementor-element-370eb83 e-flex e-con-boxed e-con e-parent\" data-id=\"370eb83\" data-element_type=\"container\" data-e-type=\"container\">\n\t\t\t\t\t<div class=\"e-con-inner\">\n\t\t<div class=\"elementor-element elementor-element-3151162 e-con-full e-flex e-con e-child\" data-id=\"3151162\" data-element_type=\"container\" data-e-type=\"container\">\n\t\t\t\t<div class=\"elementor-element elementor-element-421147d elementor-align-center elementor-widget elementor-widget-button\" data-id=\"421147d\" data-element_type=\"widget\" data-e-type=\"widget\" data-widget_type=\"button.default\">\n\t\t\t\t<div class=\"elementor-widget-container\">\n\t\t\t\t\t\t\t\t\t<div class=\"elementor-button-wrapper\">\n\t\t\t\t\t<a class=\"elementor-button elementor-button-link elementor-size-sm\" href=\"tel:18775580333\">\n\t\t\t\t\t\t<span class=\"elementor-button-content-wrapper\">\n\t\t\t\t\t\t<span class=\"elementor-button-icon\">\n\t\t\t\t<svg aria-hidden=\"true\" class=\"e-font-icon-svg e-fas-phone-alt\" viewbox=\"0 0 512 512\" xmlns=\"http:\/\/www.w3.org\/2000\/svg\"><path d=\"M497.39 361.8l-112-48a24 24 0 0 0-28 6.9l-49.6 60.6A370.66 370.66 0 0 1 130.6 204.11l60.6-49.6a23.94 23.94 0 0 0 6.9-28l-48-112A24.16 24.16 0 0 0 122.6.61l-104 24A24 24 0 0 0 0 48c0 256.5 207.9 464 464 464a24 24 0 0 0 23.4-18.6l24-104a24.29 24.29 0 0 0-14.01-27.6z\"><\/path><\/svg>\t\t\t<\/span>\n\t\t\t\t\t\t\t\t\t<span class=\"elementor-button-text\">(877) 558-0333<\/span>\n\t\t\t\t\t<\/span>\n\t\t\t\t\t<\/a>\n\t\t\t\t<\/div>\n\t\t\t\t\t\t\t\t<\/div>\n\t\t\t\t<\/div>\n\t\t\t\t<\/div>\n\t\t<div class=\"elementor-element elementor-element-b318956 e-con-full e-flex e-con e-child\" data-id=\"b318956\" data-element_type=\"container\" data-e-type=\"container\">\n\t\t\t\t<div class=\"elementor-element elementor-element-123422d elementor-align-center elementor-widget elementor-widget-button\" data-id=\"123422d\" data-element_type=\"widget\" data-e-type=\"widget\" data-widget_type=\"button.default\">\n\t\t\t\t<div class=\"elementor-widget-container\">\n\t\t\t\t\t\t\t\t\t<div class=\"elementor-button-wrapper\">\n\t\t\t\t\t<a class=\"elementor-button elementor-button-link elementor-size-sm\" href=\"mailto:abortionpillreversal.com\">\n\t\t\t\t\t\t<span class=\"elementor-button-content-wrapper\">\n\t\t\t\t\t\t<span class=\"elementor-button-icon\">\n\t\t\t\t<svg aria-hidden=\"true\" class=\"e-font-icon-svg e-fas-location-arrow\" viewbox=\"0 0 512 512\" xmlns=\"http:\/\/www.w3.org\/2000\/svg\"><path d=\"M444.52 3.52L28.74 195.42c-47.97 22.39-31.98 92.75 19.19 92.75h175.91v175.91c0 51.17 70.36 67.17 92.75 19.19l191.9-415.78c15.99-38.39-25.59-79.97-63.97-63.97z\"><\/path><\/svg>\t\t\t<\/span>\n\t\t\t\t\t\t\t\t\t<span class=\"elementor-button-text\">pastillaparaabortar.com<\/span>\n\t\t\t\t\t<\/span>\n\t\t\t\t\t<\/a>\n\t\t\t\t<\/div>\n\t\t\t\t\t\t\t\t<\/div>\n\t\t\t\t<\/div>\n\t\t\t\t<\/div>\n\t\t\t\t\t<\/div>\n\t\t\t\t<\/div>\n\t\t<div class=\"elementor-element elementor-element-8ba093e e-flex e-con-boxed e-con e-parent\" data-id=\"8ba093e\" data-element_type=\"container\" data-e-type=\"container\">\n\t\t\t\t\t<div class=\"e-con-inner\">\n\t\t\t\t<div class=\"elementor-element elementor-element-2706164 common-cont custom-inherit-heading elementor-widget elementor-widget-text-editor\" data-id=\"2706164\" data-element_type=\"widget\" data-e-type=\"widget\" data-widget_type=\"text-editor.default\">\n\t\t\t\t<div class=\"elementor-widget-container\">\n\t\t\t\t\t\t\t\t\t<p>Despu\u00e9s de hablar con la l\u00ednea de ayuda, APS Medical est\u00e1 aqu\u00ed para apoyarte.<\/p>\t\t\t\t\t\t\t\t<\/div>\n\t\t\t\t<\/div>\n\t\t\t\t\t<\/div>\n\t\t\t\t<\/div>\n\t\t<div class=\"elementor-element elementor-element-2029025 e-flex e-con-boxed e-con e-parent\" data-id=\"2029025\" data-element_type=\"container\" data-e-type=\"container\">\n\t\t\t\t\t<div class=\"e-con-inner\">\n\t\t\t\t<div class=\"elementor-element elementor-element-2dffdab elementor-align-center elementor-invisible elementor-widget elementor-widget-button\" data-id=\"2dffdab\" data-element_type=\"widget\" data-e-type=\"widget\" data-settings=\"{&quot;_animation&quot;:&quot;fadeInUp&quot;}\" data-widget_type=\"button.default\">\n\t\t\t\t<div class=\"elementor-widget-container\">\n\t\t\t\t\t\t\t\t\t<div class=\"elementor-button-wrapper\">\n\t\t\t\t\t<a class=\"elementor-button elementor-button-link elementor-size-sm\" href=\"https:\/\/www.apsmke.com\/es\/solicitud-de-cita-medica\/\">\n\t\t\t\t\t\t<span class=\"elementor-button-content-wrapper\">\n\t\t\t\t\t\t\t\t\t<span class=\"elementor-button-text\">Concierte una cita confidencial <\/span>\n\t\t\t\t\t<\/span>\n\t\t\t\t\t<\/a>\n\t\t\t\t<\/div>\n\t\t\t\t\t\t\t\t<\/div>\n\t\t\t\t<\/div>\n\t\t\t\t\t<\/div>\n\t\t\t\t<\/div>\n\t\t<div class=\"elementor-element elementor-element-4f1d37d8 e-flex e-con-boxed e-con e-parent\" data-id=\"4f1d37d8\" data-element_type=\"container\" data-e-type=\"container\">\n\t\t\t\t\t<div class=\"e-con-inner\">\n\t\t<div class=\"elementor-element elementor-element-5ba9af55 e-con-full e-flex e-con e-child\" data-id=\"5ba9af55\" data-element_type=\"container\" data-e-type=\"container\" data-settings=\"{&quot;background_background&quot;:&quot;classic&quot;}\">\n\t\t<div class=\"elementor-element elementor-element-fd0eac5 e-con-full e-flex e-con e-child\" data-id=\"fd0eac5\" data-element_type=\"container\" data-e-type=\"container\">\n\t\t<div class=\"elementor-element elementor-element-91da005 e-con-full e-flex elementor-invisible e-con e-child\" data-id=\"91da005\" data-element_type=\"container\" data-e-type=\"container\" data-settings=\"{&quot;animation&quot;:&quot;fadeInUp&quot;}\">\n\t\t\t\t<div class=\"elementor-element elementor-element-95ac83f elementor-widget elementor-widget-heading\" data-id=\"95ac83f\" data-element_type=\"widget\" data-e-type=\"widget\" data-widget_type=\"heading.default\">\n\t\t\t\t<div class=\"elementor-widget-container\">\n\t\t\t\t\t<div class=\"elementor-heading-title elementor-size-default\">Sabemos que un embarazo no planificado puede ser aterrador y muchas mujeres toman la decisi\u00f3n de abortar cuando est\u00e1n aterrorizadas y estresadas. Tambi\u00e9n sabemos que despu\u00e9s de un tiempo, muchas mujeres cambian de opini\u00f3n sobre un aborto qu\u00edmico.<\/div>\t\t\t\t<\/div>\n\t\t\t\t<\/div>\n\t\t\t\t<div class=\"elementor-element elementor-element-2aad805 common-cont elementor-widget elementor-widget-text-editor\" data-id=\"2aad805\" data-element_type=\"widget\" data-e-type=\"widget\" data-widget_type=\"text-editor.default\">\n\t\t\t\t<div class=\"elementor-widget-container\">\n\t\t\t\t\t\t\t\t\t<p>Si usted o alguien que conoce tom\u00f3 la p\u00edldora abortiva y se arrepiente, a\u00fan podr\u00eda haber tiempo para salvar su embarazo.<\/p><p><strong>\u00bfQu\u00e9 es la \u201cp\u00edldora abortiva\u201d?<\/strong><br \/>La \u201cp\u00edldora\u201d abortiva RU486 en realidad son 2 tipos diferentes de medicamentos que se toman con 24 a 48 horas de diferencia. La primera p\u00edldora (mifepristona) funciona bloqueando la progesterona, una hormona vital para continuar un embarazo.<\/p><p><strong>\u00bfSe puede revertir?<\/strong><br \/>Un proceso efectivo llamado Reversi\u00f3n de la P\u00edldora del Aborto* le da a su futuro beb\u00e9 una segunda oportunidad de vida.\u00a0<\/p><p>El proceso de reversi\u00f3n es muy exitoso pero no est\u00e1 garantizado. El tiempo es importante. Este proceso funciona introduciendo m\u00e1s progesterona en el cuerpo para contrarrestar los efectos de las primeras p\u00edldoras. La progesterona es completamente segura durante el embarazo, de hecho, es una hormona que su cuerpo ya produce, y el proceso de reversi\u00f3n simplemente a\u00f1ade m\u00e1s. La tasa de \u00e9xito oscila entre el 64 y el 68%. Puede experimentar sangrado o c\u00f3licos durante el proceso de reversi\u00f3n; si aumenta o experimenta desmayos, dolor intenso o fiebre, busque atenci\u00f3n m\u00e9dica inmediata.<\/p><p>El proceso de reversi\u00f3n comenzar\u00eda dentro de las 24 (pero hasta 72) horas posteriores a la toma de la primera pastilla y antes de tomar la segunda pastilla (misoprostol).<\/p>\t\t\t\t\t\t\t\t<\/div>\n\t\t\t\t<\/div>\n\t\t\t\t<\/div>\n\t\t\t\t<\/div>\n\t\t<div class=\"elementor-element elementor-element-267c28e2 e-con-full e-flex elementor-invisible e-con e-child\" data-id=\"267c28e2\" data-element_type=\"container\" data-e-type=\"container\" data-settings=\"{&quot;animation&quot;:&quot;fadeInUp&quot;}\">\n\t\t\t\t<div class=\"elementor-element elementor-element-5765119d elementor-widget elementor-widget-image\" data-id=\"5765119d\" data-element_type=\"widget\" data-e-type=\"widget\" data-widget_type=\"image.default\">\n\t\t\t\t<div class=\"elementor-widget-container\">\n\t\t\t\t\t\t\t\t\t\t\t\t\t\t\t<img alt=\"\" fetchpriority=\"high\" decoding=\"async\" width=\"1920\" height=\"1280\" src=\"https:\/\/www.apsmke.com\/wp-content\/uploads\/2024\/11\/Canva-BeautifulHispanicWoman-1920w-1.jpg\" class=\"attachment-full size-full wp-image-170\" srcset=\"https:\/\/www.apsmke.com\/wp-content\/uploads\/2024\/11\/Canva-BeautifulHispanicWoman-1920w-1.jpg 1920w, https:\/\/www.apsmke.com\/wp-content\/uploads\/2024\/11\/Canva-BeautifulHispanicWoman-1920w-1-300x200.jpg 300w, https:\/\/www.apsmke.com\/wp-content\/uploads\/2024\/11\/Canva-BeautifulHispanicWoman-1920w-1-1024x683.jpg 1024w, https:\/\/www.apsmke.com\/wp-content\/uploads\/2024\/11\/Canva-BeautifulHispanicWoman-1920w-1-768x512.jpg 768w, https:\/\/www.apsmke.com\/wp-content\/uploads\/2024\/11\/Canva-BeautifulHispanicWoman-1920w-1-1536x1024.jpg 1536w, https:\/\/www.apsmke.com\/wp-content\/uploads\/2024\/11\/Canva-BeautifulHispanicWoman-1920w-1-600x400.jpg 600w\" sizes=\"(max-width: 1920px) 100vw, 1920px\" \/>\t\t\t\t\t\t\t\t\t\t\t\t\t\t\t<\/div>\n\t\t\t\t<\/div>\n\t\t\t\t<div class=\"elementor-element elementor-element-14cdc522 common-cont elementor-widget elementor-widget-text-editor\" data-id=\"14cdc522\" data-element_type=\"widget\" data-e-type=\"widget\" data-widget_type=\"text-editor.default\">\n\t\t\t\t<div class=\"elementor-widget-container\">\n\t\t\t\t\t\t\t\t\t<p>Si esto es algo que est\u00e1s considerando, entendemos que est\u00e1s pasando por mucho.<\/p><p><a href=\"tel:4144652246\">Llamar<\/a> o <a href=\"sms:4144652246\">texto<\/a> nosotros y te explicaremos el Protocolo APR y te referiremos a los recursos de APR dentro de la comunidad de Milwaukee.<\/p>\t\t\t\t\t\t\t\t<\/div>\n\t\t\t\t<\/div>\n\t\t\t\t<div class=\"elementor-element elementor-element-c2d4193 common-cont elementor-widget elementor-widget-text-editor\" data-id=\"c2d4193\" data-element_type=\"widget\" data-e-type=\"widget\" data-widget_type=\"text-editor.default\">\n\t\t\t\t<div class=\"elementor-widget-container\">\n\t\t\t\t\t\t\t\t\t<p><span class=\"\" style=\"text-align: var(--text-align); color: var( --e-global-color-text );\">Descargo de responsabilidad: **\u00a0<\/span><em style=\"text-align: var(--text-align); color: var( --e-global-color-text );\">Se ha demostrado que la PR aumenta las posibilidades de que el embarazo contin\u00fae. Sin embargo, el resultado de tu intento de reversi\u00f3n particular no puede ser garantizado.<\/em><\/p>\t\t\t\t\t\t\t\t<\/div>\n\t\t\t\t<\/div>\n\t\t\t\t<\/div>\n\t\t\t\t<\/div>\n\t\t\t\t\t<\/div>\n\t\t\t\t<\/div>\n\t\t\t\t<\/div>","protected":false},"excerpt":{"rendered":"<p>Abortion Pill Reversal Information Have you taken the first dose of the abortion pill? Have you changed your mind? It may not be too late to save your pregnancy. There is FREE support available. Call or Visit The Website NOW! (877) 558-0333 abortionpillreversal.com After speaking with the hotline, APS Medical is here to support you. Schedule Your Confidential Appointment We know that an unplanned pregnancy can be scary and many women make decisions to abort when they are terrified and stressed. We also know that after some time, many women change their minds about a chemical abortion. If you or someone you know took the abortion pill and regret it, there may still be time to save your pregnancy. What is the \u201cabortion pill\u201d?The RU486 abortion \u201cpill\u201d is actually 2 different kinds of medications taken 24 to 48 hours apart.\u00a0 The first pill (mifepristone) works by blocking progesterone, a hormone vital to continue a pregnancy. Can it be reversed?An effective process called Abortion Pill Reversal* gives your unborn child a second chance at life.\u00a0 The reversal process is very successful but not guaranteed. Timing is important. This process works by introducing more progesterone into the body to combat the first pills effects.\u00a0 Progesterone is completely safe during pregnancy, in fact, it\u2019s a hormone your body already makes, and the reversal process simply adds more of it.\u00a0 The rate of success ranges from 64-68%.\u00a0 You may experience some bleeding or cramping during the reversal process, if it increases or you experience faintness, severe pain, or fever please seek immediate medical care. The reversal process would start within 24 (but up to 72) hours after taking the first pill and before the second pill (misoprostol) is taken. If this is something you are considering we understand you are going through a lot. Call or text us and we will explain the APR Protocol and refer you to APR resources within the Milwaukee community. Disclaimer: **\u00a0APR has been shown to increase the chances of allowing the pregnancy to continue. However, the outcome of your particular reversal attempt cannot be guaranteed.<\/p>","protected":false},"author":6,"featured_media":0,"parent":0,"menu_order":0,"comment_status":"closed","ping_status":"closed","template":"elementor_header_footer","meta":{"_seopress_robots_primary_cat":"","_seopress_titles_title":"","_seopress_titles_desc":"","_seopress_robots_index":"","footnotes":""},"class_list":["post-38","page","type-page","status-publish","hentry"],"featured_image_src":null,"featured_image_src_square":null,"_links":{"self":[{"href":"http:\/\/www.apsmke.com\/es\/wp-json\/wp\/v2\/pages\/38","targetHints":{"allow":["GET"]}}],"collection":[{"href":"http:\/\/www.apsmke.com\/es\/wp-json\/wp\/v2\/pages"}],"about":[{"href":"http:\/\/www.apsmke.com\/es\/wp-json\/wp\/v2\/types\/page"}],"author":[{"embeddable":true,"href":"http:\/\/www.apsmke.com\/es\/wp-json\/wp\/v2\/users\/6"}],"replies":[{"embeddable":true,"href":"http:\/\/www.apsmke.com\/es\/wp-json\/wp\/v2\/comments?post=38"}],"version-history":[{"count":9,"href":"http:\/\/www.apsmke.com\/es\/wp-json\/wp\/v2\/pages\/38\/revisions"}],"predecessor-version":[{"id":2170,"href":"http:\/\/www.apsmke.com\/es\/wp-json\/wp\/v2\/pages\/38\/revisions\/2170"}],"wp:attachment":[{"href":"http:\/\/www.apsmke.com\/es\/wp-json\/wp\/v2\/media?parent=38"}],"curies":[{"name":"la hora de","href":"https:\/\/api.w.org\/{rel}","templated":true}]}}