{"id":1068,"date":"2025-02-12T17:39:42","date_gmt":"2025-02-12T17:39:42","guid":{"rendered":"https:\/\/www.apsmke.com\/?page_id=1068"},"modified":"2026-02-04T16:37:32","modified_gmt":"2026-02-04T16:37:32","slug":"solicitud-de-cita-medica","status":"publish","type":"page","link":"https:\/\/www.apsmke.com\/es\/medical-appointment-request\/","title":{"rendered":"Solicitud de cita m\u00e9dica"},"content":{"rendered":"<div data-elementor-type=\"wp-page\" data-elementor-id=\"1068\" class=\"elementor elementor-1068\" data-elementor-post-type=\"page\">\n\t\t\t\t<div class=\"elementor-element elementor-element-58daba10 e-flex e-con-boxed e-con e-parent\" data-id=\"58daba10\" data-element_type=\"container\" data-e-type=\"container\" data-settings=\"{&quot;background_background&quot;:&quot;classic&quot;}\">\n\t\t\t\t\t<div class=\"e-con-inner\">\n\t\t<div class=\"elementor-element elementor-element-5a36fe68 e-con-full e-flex e-con e-child\" data-id=\"5a36fe68\" data-element_type=\"container\" data-e-type=\"container\" data-settings=\"{&quot;background_background&quot;:&quot;classic&quot;}\">\n\t\t\t\t<div class=\"elementor-element elementor-element-bc2d15f elementor-widget elementor-widget-heading\" data-id=\"bc2d15f\" data-element_type=\"widget\" data-e-type=\"widget\" data-widget_type=\"heading.default\">\n\t\t\t\t<div class=\"elementor-widget-container\">\n\t\t\t\t\t<h2 class=\"elementor-heading-title elementor-size-default\">Solicitud de cita m\u00e9dica<\/h2>\t\t\t\t<\/div>\n\t\t\t\t<\/div>\n\t\t\t\t<\/div>\n\t\t\t\t\t<\/div>\n\t\t\t\t<\/div>\n\t\t<div class=\"elementor-element elementor-element-6b226e8 e-flex e-con-boxed e-con e-parent\" data-id=\"6b226e8\" data-element_type=\"container\" data-e-type=\"container\">\n\t\t\t\t\t<div class=\"e-con-inner\">\n\t\t<div class=\"elementor-element elementor-element-68735c4 e-con-full e-flex e-con e-child\" data-id=\"68735c4\" data-element_type=\"container\" data-e-type=\"container\">\n\t\t\t\t<div class=\"elementor-element elementor-element-b4b9d6e elementor-widget elementor-widget-text-editor\" data-id=\"b4b9d6e\" data-element_type=\"widget\" data-e-type=\"widget\" data-widget_type=\"text-editor.default\">\n\t\t\t\t<div class=\"elementor-widget-container\">\n\t\t\t\t\t\t\t\t\t<p><strong>Esta solicitud de cita m\u00e9dica es solo para consultas relacionadas con el embarazo<\/strong> (pruebas de embarazo, ecograf\u00edas y consultas sobre el aborto).\u00a0<\/p><p><span data-olk-copy-source=\"MessageBody\">Nuestras ecograf\u00edas solo sirven para determinar la posici\u00f3n del feto, su viabilidad y la fecha prevista del parto. Si est\u00e1 bajo el cuidado de un obstetra, p\u00f3ngase en contacto con \u00e9l. Si ha acudido al servicio de urgencias, p\u00f3ngase en contacto con una enfermera por tel\u00e9fono <a href=\"tel:4144652246\">(414) 465-2246<\/a><\/span><span data-olk-copy-source=\"MessageBody\">\u00a0para debatir.<\/span><\/p>\t\t\t\t\t\t\t\t<\/div>\n\t\t\t\t<\/div>\n\t\t\t\t<div class=\"elementor-element elementor-element-395f860 elementor-widget elementor-widget-html\" data-id=\"395f860\" data-element_type=\"widget\" data-e-type=\"widget\" data-widget_type=\"html.default\">\n\t\t\t\t<div class=\"elementor-widget-container\">\n\t\t\t\t\t   \r\n    <iframe id=\"pluginFrame\" data-src=\"https:\/\/pluslinkplugin.ekyros.com\" style=\"width: 100%; min-height: 800px;\" frameborder=\"0\" src=\"data:image\/svg+xml;base64,PHN2ZyB3aWR0aD0iMSIgaGVpZ2h0PSIxIiB4bWxucz0iaHR0cDovL3d3dy53My5vcmcvMjAwMC9zdmciPjwvc3ZnPg==\" class=\"lazyload\" data-load-mode=\"1\"><\/iframe>\r\n\t\t\t\t<\/div>\n\t\t\t\t<\/div>\n\t\t\t\t<\/div>\n\t\t<div class=\"elementor-element elementor-element-0253f40 e-con-full e-flex e-con e-child\" data-id=\"0253f40\" data-element_type=\"container\" data-e-type=\"container\">\n\t\t\t\t<div class=\"elementor-element elementor-element-51c4a59 elementor-widget elementor-widget-text-editor\" data-id=\"51c4a59\" data-element_type=\"widget\" data-e-type=\"widget\" data-widget_type=\"text-editor.default\">\n\t\t\t\t<div class=\"elementor-widget-container\">\n\t\t\t\t\t\t\t\t\t<p><strong>Informaci\u00f3n de contacto<\/strong><\/p><p>Llame o env\u00ede un mensaje de texto: <a href=\"tel:4144652246\">(414) 465-2246<\/a> <br \/>Correo electr\u00f3nico: <a href=\"mailto:help@apsmke.com\">help@apsmke.com<\/a><\/p><p>Direcci\u00f3n: <br \/>8501 Avenida Lincoln Oeste<br \/>West Allis, WI 53227<\/p><p><b>Horario laboral<\/b><\/p><p>Horario: Con cita previa y sin cita previa (Haremos todo lo posible por atender a quienes acudan sin cita previa. No se aceptan visitas sin cita previa en la \u00faltima hora antes del cierre programado).<\/p><ul><li>Lunes: de 10:00 a 16:00<\/li><li>Martes: de 10:00 a 16:00<\/li><li>Mi\u00e9rcoles: de 10:00 a 16:00<\/li><li>Jueves: de 10:00 a 16:00<\/li><\/ul><p><em>Si desea visitar nuestro centro fuera de este horario, h\u00e1ganoslo saber y haremos todo lo posible por atenderle. Queremos ayudarle en todo lo que podamos.<\/em><\/p>\t\t\t\t\t\t\t\t<\/div>\n\t\t\t\t<\/div>\n\t\t\t\t<\/div>\n\t\t\t\t\t<\/div>\n\t\t\t\t<\/div>\n\t\t<div class=\"elementor-element elementor-element-2e9783f e-flex e-con-boxed e-con e-parent\" data-id=\"2e9783f\" data-element_type=\"container\" data-e-type=\"container\">\n\t\t\t\t\t<div class=\"e-con-inner\">\n\t\t\t\t<div class=\"elementor-element elementor-element-266cd63 elementor-widget elementor-widget-text-editor\" data-id=\"266cd63\" data-element_type=\"widget\" data-e-type=\"widget\" data-widget_type=\"text-editor.default\">\n\t\t\t\t<div class=\"elementor-widget-container\">\n\t\t\t\t\t\t\t\t\t<p>*Aunque nos esforzamos por adaptarnos a las fechas y horas de cita que prefiera, no podemos ofrecer ninguna garant\u00eda debido a una serie de factores, entre los que se incluyen, entre otros: el horario de atenci\u00f3n al p\u00fablico, la dotaci\u00f3n de personal, los requisitos de elegibilidad, el equipo, la disponibilidad y los d\u00edas festivos. Le rogamos que espere entre 24 y 48 horas para que respondamos a su solicitud de cita.\u00a0<\/p>\t\t\t\t\t\t\t\t<\/div>\n\t\t\t\t<\/div>\n\t\t\t\t\t<\/div>\n\t\t\t\t<\/div>\n\t\t\t\t<\/div>","protected":false},"excerpt":{"rendered":"<p>Medical Appointment Request This medical appointment request is for pregnancy related appointments only (pregnancy testing, ultrasounds, and abortion information consultations).\u00a0 Our ultrasounds are limited to determine placement, viability, and estimated due date. If you are under OB care, please contact your OB doctor. If you have been seen in the emergency room, please contact a nurse by phone (414) 465-2246\u00a0to discuss. Contact Information Call or Text: (414) 465-2246 Email: help@apsmke.com Address: 8501 West Lincoln AvenueWest Allis, WI 53227 Working Hours Hours: Appointments and Walk-in (We will do our best to serve walk-ins. No walk-ins accepted within an hour of scheduled closing.) Monday: 10am &#8211; 4pm Tuesday: 10am &#8211; 4pm Wednesday: 10am &#8211; 4pm Thursday: 10am &#8211; 4pm If you wish to visit our center outside of these hours, please let us know and we will do our best to accommodate. We want to serve you in any way we can. *Although we strive to accommodate your preferred appointment dates and time, we cannot make any guarantees due to a number of conditions, including, but not limited to: business hours of operation, staffing, eligibility, equipment, availability, and holidays.\u00a0 Please allow 24-48 hours for us to respond to your appointment request.\u00a0<\/p>","protected":false},"author":3,"featured_media":0,"parent":0,"menu_order":0,"comment_status":"closed","ping_status":"closed","template":"elementor_header_footer","meta":{"_seopress_robots_primary_cat":"","_seopress_titles_title":"","_seopress_titles_desc":"","_seopress_robots_index":"","footnotes":""},"class_list":["post-1068","page","type-page","status-publish","hentry"],"featured_image_src":null,"featured_image_src_square":null,"_links":{"self":[{"href":"https:\/\/www.apsmke.com\/es\/wp-json\/wp\/v2\/pages\/1068","targetHints":{"allow":["GET"]}}],"collection":[{"href":"https:\/\/www.apsmke.com\/es\/wp-json\/wp\/v2\/pages"}],"about":[{"href":"https:\/\/www.apsmke.com\/es\/wp-json\/wp\/v2\/types\/page"}],"author":[{"embeddable":true,"href":"https:\/\/www.apsmke.com\/es\/wp-json\/wp\/v2\/users\/3"}],"replies":[{"embeddable":true,"href":"https:\/\/www.apsmke.com\/es\/wp-json\/wp\/v2\/comments?post=1068"}],"version-history":[{"count":3,"href":"https:\/\/www.apsmke.com\/es\/wp-json\/wp\/v2\/pages\/1068\/revisions"}],"predecessor-version":[{"id":2057,"href":"https:\/\/www.apsmke.com\/es\/wp-json\/wp\/v2\/pages\/1068\/revisions\/2057"}],"wp:attachment":[{"href":"https:\/\/www.apsmke.com\/es\/wp-json\/wp\/v2\/media?parent=1068"}],"curies":[{"name":"la hora de","href":"https:\/\/api.w.org\/{rel}","templated":true}]}}