{"id":17,"date":"2024-11-15T07:20:53","date_gmt":"2024-11-15T07:20:53","guid":{"rendered":"https:\/\/www.apsmke.com\/?page_id=17"},"modified":"2026-02-24T21:46:36","modified_gmt":"2026-02-24T21:46:36","slug":"home","status":"publish","type":"page","link":"https:\/\/www.apsmke.com\/es\/","title":{"rendered":"Inicio"},"content":{"rendered":"<div data-elementor-type=\"wp-page\" data-elementor-id=\"17\" class=\"elementor elementor-17\" data-elementor-post-type=\"page\">\n\t\t\t\t<div class=\"elementor-element elementor-element-135e6324 e-flex e-con-boxed e-con e-parent\" data-id=\"135e6324\" data-element_type=\"container\" data-e-type=\"container\" data-settings=\"{&quot;background_background&quot;:&quot;classic&quot;}\">\n\t\t\t\t\t<div class=\"e-con-inner\">\n\t\t<div class=\"elementor-element elementor-element-5445d03 e-con-full e-flex e-con e-child\" data-id=\"5445d03\" data-element_type=\"container\" data-e-type=\"container\" data-settings=\"{&quot;background_background&quot;:&quot;classic&quot;}\">\n\t\t<div class=\"elementor-element elementor-element-ba30362 e-con-full e-flex elementor-invisible e-con e-child\" data-id=\"ba30362\" data-element_type=\"container\" data-e-type=\"container\" data-settings=\"{&quot;animation&quot;:&quot;fadeInUp&quot;}\">\n\t\t\t\t<div class=\"elementor-element elementor-element-82e6603 elementor-widget elementor-widget-heading\" data-id=\"82e6603\" data-element_type=\"widget\" data-e-type=\"widget\" data-widget_type=\"heading.default\">\n\t\t\t\t<div class=\"elementor-widget-container\">\n\t\t\t\t\t<h1 class=\"elementor-heading-title elementor-size-default\">ELIGE SABER<\/h1>\t\t\t\t<\/div>\n\t\t\t\t<\/div>\n\t\t\t\t<div class=\"elementor-element elementor-element-8695218 common-cont elementor-widget elementor-widget-text-editor\" data-id=\"8695218\" data-element_type=\"widget\" data-e-type=\"widget\" data-widget_type=\"text-editor.default\">\n\t\t\t\t<div class=\"elementor-widget-container\">\n\t\t\t\t\t\t\t\t\t<p>PRUEBAS DE EMBARAZO \u2013 ULTRASONIDOS \u2013 CONSULTAS<\/p>\t\t\t\t\t\t\t\t<\/div>\n\t\t\t\t<\/div>\n\t\t\t\t<\/div>\n\t\t\t\t<div class=\"elementor-element elementor-element-0034288 elementor-invisible elementor-widget elementor-widget-button\" data-id=\"0034288\" data-element_type=\"widget\" data-e-type=\"widget\" data-settings=\"{&quot;_animation&quot;:&quot;fadeInUp&quot;}\" data-widget_type=\"button.default\">\n\t\t\t\t<div class=\"elementor-widget-container\">\n\t\t\t\t\t\t\t\t\t<div class=\"elementor-button-wrapper\">\n\t\t\t\t\t<a class=\"elementor-button elementor-button-link elementor-size-sm\" href=\"sms:4144652246\">\n\t\t\t\t\t\t<span class=\"elementor-button-content-wrapper\">\n\t\t\t\t\t\t\t\t\t<span class=\"elementor-button-text\">(414) 465-2246<\/span>\n\t\t\t\t\t<\/span>\n\t\t\t\t\t<\/a>\n\t\t\t\t<\/div>\n\t\t\t\t\t\t\t\t<\/div>\n\t\t\t\t<\/div>\n\t\t\t\t<\/div>\n\t\t\t\t\t<\/div>\n\t\t\t\t<\/div>\n\t\t<div class=\"elementor-element elementor-element-9c2d5d2 e-flex e-con-boxed e-con e-parent\" data-id=\"9c2d5d2\" data-element_type=\"container\" data-e-type=\"container\" data-settings=\"{&quot;background_background&quot;:&quot;classic&quot;}\">\n\t\t\t\t\t<div class=\"e-con-inner\">\n\t\t<div class=\"elementor-element elementor-element-cd5bf2b e-con-full e-flex e-con e-child\" data-id=\"cd5bf2b\" data-element_type=\"container\" data-e-type=\"container\" data-settings=\"{&quot;background_background&quot;:&quot;classic&quot;}\">\n\t\t\t\t<div class=\"elementor-element elementor-element-e239ed8 elementor-invisible elementor-widget elementor-widget-heading\" data-id=\"e239ed8\" data-element_type=\"widget\" data-e-type=\"widget\" data-settings=\"{&quot;_animation&quot;:&quot;fadeInUp&quot;}\" data-widget_type=\"heading.default\">\n\t\t\t\t<div class=\"elementor-widget-container\">\n\t\t\t\t\t<h2 class=\"elementor-heading-title elementor-size-default\">Embarazada? <br>Podemos ayudarte.<\/h2>\t\t\t\t<\/div>\n\t\t\t\t<\/div>\n\t\t\t\t<div class=\"elementor-element elementor-element-0de40cb elementor-invisible elementor-widget elementor-widget-heading\" data-id=\"0de40cb\" data-element_type=\"widget\" data-e-type=\"widget\" data-settings=\"{&quot;_animation&quot;:&quot;fadeInUp&quot;}\" data-widget_type=\"heading.default\">\n\t\t\t\t<div class=\"elementor-widget-container\">\n\t\t\t\t\t<h3 class=\"elementor-heading-title elementor-size-default\">APS Medical es un lugar seguro para tomar decisiones confidenciales.<\/h3>\t\t\t\t<\/div>\n\t\t\t\t<\/div>\n\t\t\t\t<div class=\"elementor-element elementor-element-7e158c8 common-cont elementor-hidden-widescreen elementor-hidden-desktop elementor-hidden-laptop elementor-hidden-tablet_extra elementor-hidden-tablet elementor-widget elementor-widget-text-editor\" data-id=\"7e158c8\" data-element_type=\"widget\" data-e-type=\"widget\" data-widget_type=\"text-editor.default\">\n\t\t\t\t<div class=\"elementor-widget-container\">\n\t\t\t\t\t\t\t\t\t<div>Escr\u00edbenos: <a href=\"sms:4144652246\">(414) 465-2246<\/a><\/div><div>Ll\u00e1manos: <a href=\"tel:4144652246\">(414) 465-2246<\/a><\/div>\t\t\t\t\t\t\t\t<\/div>\n\t\t\t\t<\/div>\n\t\t\t\t<\/div>\n\t\t\t\t\t<\/div>\n\t\t\t\t<\/div>\n\t\t<div class=\"elementor-element elementor-element-1bc6b9c e-flex e-con-boxed e-con e-parent\" data-id=\"1bc6b9c\" data-element_type=\"container\" data-e-type=\"container\">\n\t\t\t\t\t<div class=\"e-con-inner\">\n\t\t<div class=\"elementor-element elementor-element-dffa125 e-con-full e-flex e-con e-child\" data-id=\"dffa125\" data-element_type=\"container\" data-e-type=\"container\">\n\t\t<div class=\"elementor-element elementor-element-a28f2d9 e-con-full e-flex e-con e-child\" data-id=\"a28f2d9\" data-element_type=\"container\" data-e-type=\"container\" data-settings=\"{&quot;background_background&quot;:&quot;classic&quot;}\">\n\t\t<div class=\"elementor-element elementor-element-8f6ad72 e-con-full e-flex e-con e-child\" data-id=\"8f6ad72\" data-element_type=\"container\" data-e-type=\"container\">\n\t\t\t\t<div class=\"elementor-element elementor-element-08a4f66 elementor-widget elementor-widget-heading\" data-id=\"08a4f66\" data-element_type=\"widget\" data-e-type=\"widget\" data-widget_type=\"heading.default\">\n\t\t\t\t<div class=\"elementor-widget-container\">\n\t\t\t\t\t<h3 class=\"elementor-heading-title elementor-size-default\"><a href=\"https:\/\/www.apsmke.com\/es\/embarazo\/\">Pruebas de embarazo<\/a><\/h3>\t\t\t\t<\/div>\n\t\t\t\t<\/div>\n\t\t\t\t<div class=\"elementor-element elementor-element-77c3c79 common-cont elementor-widget elementor-widget-text-editor\" data-id=\"77c3c79\" data-element_type=\"widget\" data-e-type=\"widget\" data-widget_type=\"text-editor.default\">\n\t\t\t\t<div class=\"elementor-widget-container\">\n\t\t\t\t\t\t\t\t\t<p>Recibe un an\u00e1lisis gratuito de calidad de laboratorio con resultados en minutos.<\/p>\t\t\t\t\t\t\t\t<\/div>\n\t\t\t\t<\/div>\n\t\t\t\t<div class=\"elementor-element elementor-element-d51336a elementor-align-center elementor-widget elementor-widget-button\" data-id=\"d51336a\" data-element_type=\"widget\" data-e-type=\"widget\" data-widget_type=\"button.default\">\n\t\t\t\t<div class=\"elementor-widget-container\">\n\t\t\t\t\t\t\t\t\t<div class=\"elementor-button-wrapper\">\n\t\t\t\t\t<a class=\"elementor-button elementor-button-link elementor-size-sm\" href=\"\">\n\t\t\t\t\t\t<span class=\"elementor-button-content-wrapper\">\n\t\t\t\t\t\t\t\t\t<span class=\"elementor-button-text\">Informaci\u00f3n sobre pruebas de embarazo<\/span>\n\t\t\t\t\t<\/span>\n\t\t\t\t\t<\/a>\n\t\t\t\t<\/div>\n\t\t\t\t\t\t\t\t<\/div>\n\t\t\t\t<\/div>\n\t\t\t\t<\/div>\n\t\t\t\t<\/div>\n\t\t\t\t<\/div>\n\t\t<div class=\"elementor-element elementor-element-9c8f6ab e-con-full e-flex e-con e-child\" data-id=\"9c8f6ab\" data-element_type=\"container\" data-e-type=\"container\">\n\t\t<div class=\"elementor-element elementor-element-8243a70 e-con-full e-flex e-con e-child\" data-id=\"8243a70\" data-element_type=\"container\" data-e-type=\"container\" data-settings=\"{&quot;background_background&quot;:&quot;classic&quot;}\">\n\t\t<div class=\"elementor-element elementor-element-645de2d e-con-full e-flex e-con e-child\" data-id=\"645de2d\" data-element_type=\"container\" data-e-type=\"container\">\n\t\t\t\t<div class=\"elementor-element elementor-element-7b48ff7 elementor-widget elementor-widget-heading\" data-id=\"7b48ff7\" data-element_type=\"widget\" data-e-type=\"widget\" data-widget_type=\"heading.default\">\n\t\t\t\t<div class=\"elementor-widget-container\">\n\t\t\t\t\t<h3 class=\"elementor-heading-title elementor-size-default\"><a href=\"https:\/\/www.apsmke.com\/es\/ecografia\/\">Ecograf\u00edas<\/a><\/h3>\t\t\t\t<\/div>\n\t\t\t\t<\/div>\n\t\t\t\t<div class=\"elementor-element elementor-element-587e2d0 common-cont elementor-widget elementor-widget-text-editor\" data-id=\"587e2d0\" data-element_type=\"widget\" data-e-type=\"widget\" data-widget_type=\"text-editor.default\">\n\t\t\t\t<div class=\"elementor-widget-container\">\n\t\t\t\t\t\t\t\t\t<p>Nuestros ultrasonidos gratuitos pueden confirmar tu embarazo y brindarte la informaci\u00f3n que necesitar\u00e1s para tu pr\u00f3ximo paso.\u00a0<\/p>\t\t\t\t\t\t\t\t<\/div>\n\t\t\t\t<\/div>\n\t\t\t\t<div class=\"elementor-element elementor-element-137e75f elementor-align-center elementor-widget elementor-widget-button\" data-id=\"137e75f\" data-element_type=\"widget\" data-e-type=\"widget\" data-widget_type=\"button.default\">\n\t\t\t\t<div class=\"elementor-widget-container\">\n\t\t\t\t\t\t\t\t\t<div class=\"elementor-button-wrapper\">\n\t\t\t\t\t<a class=\"elementor-button elementor-button-link elementor-size-sm\" href=\"https:\/\/www.apsmke.com\/es\/ecografia\/\">\n\t\t\t\t\t\t<span class=\"elementor-button-content-wrapper\">\n\t\t\t\t\t\t\t\t\t<span class=\"elementor-button-text\">Info de Ultrasonido<\/span>\n\t\t\t\t\t<\/span>\n\t\t\t\t\t<\/a>\n\t\t\t\t<\/div>\n\t\t\t\t\t\t\t\t<\/div>\n\t\t\t\t<\/div>\n\t\t\t\t<\/div>\n\t\t\t\t<\/div>\n\t\t\t\t<\/div>\n\t\t<div class=\"elementor-element elementor-element-5546342 e-con-full e-flex e-con e-child\" data-id=\"5546342\" data-element_type=\"container\" data-e-type=\"container\">\n\t\t<div class=\"elementor-element elementor-element-bc85fe0 e-con-full e-flex e-con e-child\" data-id=\"bc85fe0\" data-element_type=\"container\" data-e-type=\"container\" data-settings=\"{&quot;background_background&quot;:&quot;classic&quot;}\">\n\t\t<div class=\"elementor-element elementor-element-f3186b2 e-con-full e-flex e-con e-child\" data-id=\"f3186b2\" data-element_type=\"container\" data-e-type=\"container\">\n\t\t\t\t<div class=\"elementor-element elementor-element-7261865 elementor-widget elementor-widget-heading\" data-id=\"7261865\" data-element_type=\"widget\" data-e-type=\"widget\" data-widget_type=\"heading.default\">\n\t\t\t\t<div class=\"elementor-widget-container\">\n\t\t\t\t\t<h3 class=\"elementor-heading-title elementor-size-default\"><a href=\"https:\/\/www.apsmke.com\/es\/contactanos\/\">Ex\u00e1menes de ITS<\/a><\/h3>\t\t\t\t<\/div>\n\t\t\t\t<\/div>\n\t\t\t\t<div class=\"elementor-element elementor-element-2b72f27 common-cont elementor-widget elementor-widget-text-editor\" data-id=\"2b72f27\" data-element_type=\"widget\" data-e-type=\"widget\" data-widget_type=\"text-editor.default\">\n\t\t\t\t<div class=\"elementor-widget-container\">\n\t\t\t\t\t\t\t\t\t<div class=\"elementor-element elementor-element-1f3ee95 e-flex e-con-boxed e-con e-parent e-lazyloaded\" data-id=\"1f3ee95\" data-element_type=\"container\"><div class=\"elementor elementor-39\" data-elementor-type=\"wp-page\" data-elementor-id=\"39\" data-elementor-post-type=\"page\"><div class=\"elementor-element elementor-element-fc2057e e-flex e-con-boxed e-con e-parent e-lazyloaded\" data-id=\"fc2057e\" data-element_type=\"container\"><div class=\"e-con-inner\"><div class=\"elementor-element elementor-element-6ad429b e-con-full e-flex e-con e-child\" data-id=\"6ad429b\" data-element_type=\"container\" data-settings=\"{&quot;background_background&quot;:&quot;classic&quot;}\"><div class=\"elementor-element elementor-element-6087951 e-con-full e-flex e-con e-child animated fadeInUp\" data-id=\"6087951\" data-element_type=\"container\" data-settings=\"{&quot;animation&quot;:&quot;fadeInUp&quot;}\"><div class=\"elementor-element elementor-element-da81983 e-con-full e-flex e-con e-child\" data-id=\"da81983\" data-element_type=\"container\"><div class=\"elementor-element elementor-element-66a139b common-cont elementor-widget elementor-widget-text-editor\" data-id=\"66a139b\" data-element_type=\"widget\" data-widget_type=\"text-editor.default\"><div class=\"elementor-widget-container\"><p>Ofrecemos pruebas y tratamiento de ITS sin costo para pacientes que califiquen y tengan una prueba de embarazo positiva.\u00a0<\/p><\/div><\/div><\/div><\/div><\/div><\/div><\/div><\/div><\/div>\t\t\t\t\t\t\t\t<\/div>\n\t\t\t\t<\/div>\n\t\t\t\t<div class=\"elementor-element elementor-element-4bc9118 elementor-align-center elementor-widget elementor-widget-button\" data-id=\"4bc9118\" data-element_type=\"widget\" data-e-type=\"widget\" data-widget_type=\"button.default\">\n\t\t\t\t<div class=\"elementor-widget-container\">\n\t\t\t\t\t\t\t\t\t<div class=\"elementor-button-wrapper\">\n\t\t\t\t\t<a class=\"elementor-button elementor-button-link elementor-size-sm\" href=\"https:\/\/www.apsmke.com\/es\/pruebas-de-deteccion-de-enfermedades-de-transmision-sexual\/\">\n\t\t\t\t\t\t<span class=\"elementor-button-content-wrapper\">\n\t\t\t\t\t\t\t\t\t<span class=\"elementor-button-text\">Informaci\u00f3n sobre pruebas de ETS<\/span>\n\t\t\t\t\t<\/span>\n\t\t\t\t\t<\/a>\n\t\t\t\t<\/div>\n\t\t\t\t\t\t\t\t<\/div>\n\t\t\t\t<\/div>\n\t\t\t\t<\/div>\n\t\t\t\t<\/div>\n\t\t\t\t<\/div>\n\t\t\t\t\t<\/div>\n\t\t\t\t<\/div>\n\t\t<div class=\"elementor-element elementor-element-281b2ac e-flex e-con-boxed e-con e-parent\" data-id=\"281b2ac\" data-element_type=\"container\" data-e-type=\"container\" data-settings=\"{&quot;background_background&quot;:&quot;classic&quot;}\">\n\t\t\t\t\t<div class=\"e-con-inner\">\n\t\t<div class=\"elementor-element elementor-element-d076d6b e-con-full e-flex e-con e-child\" data-id=\"d076d6b\" data-element_type=\"container\" data-e-type=\"container\">\n\t\t\t\t<div class=\"elementor-element elementor-element-fe40339 elementor-widget elementor-widget-text-editor\" data-id=\"fe40339\" data-element_type=\"widget\" data-e-type=\"widget\" data-widget_type=\"text-editor.default\">\n\t\t\t\t<div class=\"elementor-widget-container\">\n\t\t\t\t\t\t\t\t\t<p>\u00a0<em>\u201cMe cuidaron excelentemente y me demostraron compasi\u00f3n y respeto. Definitivamente recomiendo ir aqu\u00ed.\u201d<\/em><\/p><p><span class=\"lh-1\">\u2013\u00a0<\/span>Fe B.<\/p>\t\t\t\t\t\t\t\t<\/div>\n\t\t\t\t<\/div>\n\t\t\t\t<\/div>\n\t\t<div class=\"elementor-element elementor-element-74609fa e-con-full e-flex e-con e-child\" data-id=\"74609fa\" data-element_type=\"container\" data-e-type=\"container\">\n\t\t\t\t<div class=\"elementor-element elementor-element-aba6b55 elementor-widget elementor-widget-text-editor\" data-id=\"aba6b55\" data-element_type=\"widget\" data-e-type=\"widget\" data-widget_type=\"text-editor.default\">\n\t\t\t\t<div class=\"elementor-widget-container\">\n\t\t\t\t\t\t\t\t\t<p><i>\u00a0\u201cLas pruebas gratuitas ofrecen tranquilidad. El personal compasivo abord\u00f3 mis preocupaciones. Agradecido de haber encontrado APS.\u201d<\/i><\/p><p>\u2013 Elizabeth H.<\/p>\t\t\t\t\t\t\t\t<\/div>\n\t\t\t\t<\/div>\n\t\t\t\t<\/div>\n\t\t<div class=\"elementor-element elementor-element-997b700 e-con-full e-flex e-con e-child\" data-id=\"997b700\" data-element_type=\"container\" data-e-type=\"container\">\n\t\t\t\t<div class=\"elementor-element elementor-element-3d97d43 elementor-align-center elementor-invisible elementor-widget elementor-widget-button\" data-id=\"3d97d43\" data-element_type=\"widget\" data-e-type=\"widget\" data-settings=\"{&quot;_animation&quot;:&quot;fadeInUp&quot;}\" data-widget_type=\"button.default\">\n\t\t\t\t<div class=\"elementor-widget-container\">\n\t\t\t\t\t\t\t\t\t<div class=\"elementor-button-wrapper\">\n\t\t\t\t\t<a class=\"elementor-button elementor-button-link elementor-size-sm\" href=\"https:\/\/www.apsmke.com\/es\/resenas\/\">\n\t\t\t\t\t\t<span class=\"elementor-button-content-wrapper\">\n\t\t\t\t\t\t\t\t\t<span class=\"elementor-button-text\">Opiniones<\/span>\n\t\t\t\t\t<\/span>\n\t\t\t\t\t<\/a>\n\t\t\t\t<\/div>\n\t\t\t\t\t\t\t\t<\/div>\n\t\t\t\t<\/div>\n\t\t\t\t<\/div>\n\t\t\t\t\t<\/div>\n\t\t\t\t<\/div>\n\t\t<div class=\"elementor-element elementor-element-3b94af9 e-flex e-con-boxed e-con e-parent\" data-id=\"3b94af9\" data-element_type=\"container\" data-e-type=\"container\">\n\t\t\t\t\t<div class=\"e-con-inner\">\n\t\t<div class=\"elementor-element elementor-element-1ba2ff3 e-con-full e-flex e-con e-child\" data-id=\"1ba2ff3\" data-element_type=\"container\" data-e-type=\"container\" data-settings=\"{&quot;background_background&quot;:&quot;classic&quot;}\">\n\t\t\t\t<div class=\"elementor-element elementor-element-abcf3c8 elementor-widget elementor-widget-text-editor\" data-id=\"abcf3c8\" data-element_type=\"widget\" data-e-type=\"widget\" data-widget_type=\"text-editor.default\">\n\t\t\t\t<div class=\"elementor-widget-container\">\n\t\t\t\t\t\t\t\t\t<div style=\"border-radius: 20px; background-color: #f5f5f5;\"><p><iframe style=\"border: 0;\" data-src=\"https:\/\/www.google.com\/maps\/embed?pb=!1m18!1m12!1m3!1d2917.8492294686257!2d-88.01885329999999!3d43.0025092!2m3!1f0!2f0!3f0!3m2!1i1024!2i768!4f13.1!3m3!1m2!1s0x88050556298fd6db%3A0xf33a020531dd25e!2s8501%20W%20Lincoln%20Ave%2C%20West%20Allis%2C%20WI%2053227!5e0!3m2!1sen!2sus!4v1769796831470!5m2!1sen!2sus\" width=\"600\" height=\"450\" allowfullscreen=\"allowfullscreen\" src=\"data:image\/svg+xml;base64,PHN2ZyB3aWR0aD0iMSIgaGVpZ2h0PSIxIiB4bWxucz0iaHR0cDovL3d3dy53My5vcmcvMjAwMC9zdmciPjwvc3ZnPg==\" class=\"lazyload\" data-load-mode=\"1\"><\/iframe><\/p><p><a style=\"color: #35b5e8;\" href=\"https:\/\/maps.app.goo.gl\/69XJFBtFjMZs1Yne8\">APS Medicina<\/a> se encuentra en 8501 West Lincoln Avenue, <a style=\"color: #35b5e8;\" href=\"https:\/\/www.westalliswi.gov\/\">West Allis, WI<\/a>, 53227. Si desea visitarnos y viaja desde el centro de West Allis en autob\u00fas, comience por localizar la parada de autob\u00fas m\u00e1s cercana en el \u00e1rea c\u00e9ntrica, como las que se encuentran cerca del Mercado de Agricultores de West Allis o del Ayuntamiento. Busque una ruta de autob\u00fas que se dirija hacia el oeste o suroeste, en direcci\u00f3n a la Avenida Lincoln, y confirme con el conductor o una aplicaci\u00f3n de tr\u00e1nsito que el autob\u00fas se detiene cerca de APS Medical. Una vez que llegue a la parada m\u00e1s cercana a APS Medical, que puede estar cerca de la intersecci\u00f3n de la Avenida Lincoln con la Calle 85 o 86, camine hacia el oeste por la Avenida Lincoln hasta llegar al 8501 West Lincoln Avenue, claramente identificado como APS Medical.<\/p><p>Si desea visitar nuestra cl\u00ednica desde el centro de West Allis en autom\u00f3vil, comience su recorrido cerca de puntos de referencia como el Ayuntamiento o el Mercado de Agricultores. Conduzca hacia el oeste por West Greenfield Avenue (Carretera Estatal 59) durante aproximadamente 1 a 2 millas, luego gire a la izquierda en South 84th Street y contin\u00fae hacia el sur durante aproximadamente media milla. A continuaci\u00f3n, gire a la derecha en <a style=\"color: #35b5e8;\" href=\"https:\/\/g.co\/kgs\/dSdcbAw\">Avenida West Lincoln<\/a> y maneje hacia el oeste por una corta distancia. APS Medical estar\u00e1 ubicado en el lado derecho de la calle en 8501 West Lincoln Avenue.<\/p><p>Estamos disponibles de lunes a jueves de 10:00 a. m. a 4:00 p. m.<\/p><p>Para m\u00e1s informaci\u00f3n, puedes llamarnos o enviarnos un mensaje de texto al <a href=\"tel:4144652246\">(414) 465-2246 <\/a>o visita nuestro <a style=\"color: #35b5e8;\" href=\"https:\/\/www.google.com\/search?q=APS+Medical+West+Allis%2C+WI&amp;oq=APS+Medical+West+Allis%2C+WI&amp;gs_lcrp=EgZjaHJvbWUyBggAEEUYOTIHCAEQIRigATIHCAIQIRiPAjIHCAMQIRiPAtIBCjEwNjUyajBqMTWoAgiwAgE&amp;sourceid=chrome&amp;ie=UTF-8#\">rese\u00f1as en Google<\/a>.<\/p><\/div>\t\t\t\t\t\t\t\t<\/div>\n\t\t\t\t<\/div>\n\t\t\t\t<\/div>\n\t\t\t\t\t<\/div>\n\t\t\t\t<\/div>\n\t\t\t\t<\/div>","protected":false},"excerpt":{"rendered":"<p>ELIGE SABER: PRUEBAS DE EMBARAZO \u2013 ECOGRAF\u00cdAS \u2013 CONSULTAS Env\u00eda un mensaje de texto al (414) 465-2246 \u00bfEst\u00e1s embarazada? Podemos ayudarte. APS Medical es un lugar seguro para tomar decisiones confidenciales. Env\u00edanos un mensaje de texto: (414) 465-2246 Ll\u00e1manos: (414) 465-2246 Pruebas de embarazo Recibe una prueba gratuita con calidad de laboratorio y resultados en minutos. Informaci\u00f3n sobre pruebas de embarazo Ecograf\u00edas Nuestras ecograf\u00edas gratuitas pueden confirmar tu embarazo y brindarte la informaci\u00f3n que necesitas para tu pr\u00f3ximo paso.\u00a0 Informaci\u00f3n sobre ecograf\u00edas Pruebas de ETS Ofrecemos pruebas y tratamiento de ETS sin costo para pacientes que re\u00fanan los requisitos y tengan una prueba de embarazo positiva.  Informaci\u00f3n sobre pruebas de ETS  \u201cMe atendieron muy bien y me mostraron compasi\u00f3n y respeto. Definitivamente recomiendo ir aqu\u00ed.\u201d \u2013 Faith B.  \u201cLas pruebas gratuitas ofrecen tranquilidad. El personal compasivo atendi\u00f3 mis inquietudes. Agradezco haber encontrado a APS.\u201d \u2013 Elizabeth H. Rese\u00f1as APS Medical se encuentra en 8501 West Lincoln Avenue, West Allis, WI, 53227. Si desea visitarnos y viaja desde el centro de West Allis en autob\u00fas, comience por localizar la parada de autob\u00fas m\u00e1s cercana en el centro de la ciudad, como las que est\u00e1n cerca del West Allis Farmers Market o del Ayuntamiento. Busque una ruta de autob\u00fas que se dirija al oeste o suroeste hacia Lincoln Avenue, y confirme con el conductor o una aplicaci\u00f3n de transporte p\u00fablico que el autob\u00fas se detiene cerca de APS Medical. Una vez que llegue a la parada m\u00e1s cercana a APS Medical, que puede estar cerca de la intersecci\u00f3n de Lincoln Avenue y la calle 85 o 86, camine hacia el oeste por Lincoln Avenue hasta llegar al 8501 de West Lincoln Avenue, claramente se\u00f1alizado como APS Medical. Si desea visitar nuestra cl\u00ednica desde el centro de West Allis en auto, comience su recorrido cerca de puntos de referencia como el Ayuntamiento o el Farmers Market. Conduzca hacia el oeste por West Greenfield Avenue (Carretera Estatal 59) durante aproximadamente 1 a 2 millas, luego gire a la izquierda en South 84th Street y contin\u00fae hacia el sur durante aproximadamente media milla. A continuaci\u00f3n, gire a la derecha en West Lincoln Avenue y conduzca hacia el oeste por un corto trecho. APS Medical se encuentra en el lado derecho de la calle, en el 8501 de West Lincoln Avenue. Estamos disponibles de lunes a jueves de 10:00 a. m. a 4:00 p. m. Para obtener m\u00e1s informaci\u00f3n, puede llamarnos o enviarnos un mensaje de texto al (414) 465-2246 o consultar nuestras rese\u00f1as en Google.<\/p>","protected":false},"author":6,"featured_media":0,"parent":0,"menu_order":0,"comment_status":"closed","ping_status":"closed","template":"elementor_header_footer","meta":{"_seopress_robots_primary_cat":"","_seopress_titles_title":"Pregnancy Testing in West Allis, WI - Ultrasounds & Consultations","_seopress_titles_desc":"APS Medical offers confidential pregnancy testing, ultrasound scans, and STI testing services in West Allis, WI. Supporting you every step of the way.","_seopress_robots_index":"","footnotes":""},"class_list":["post-17","page","type-page","status-publish","hentry"],"featured_image_src":null,"featured_image_src_square":null,"_links":{"self":[{"href":"https:\/\/www.apsmke.com\/es\/wp-json\/wp\/v2\/pages\/17","targetHints":{"allow":["GET"]}}],"collection":[{"href":"https:\/\/www.apsmke.com\/es\/wp-json\/wp\/v2\/pages"}],"about":[{"href":"https:\/\/www.apsmke.com\/es\/wp-json\/wp\/v2\/types\/page"}],"author":[{"embeddable":true,"href":"https:\/\/www.apsmke.com\/es\/wp-json\/wp\/v2\/users\/6"}],"replies":[{"embeddable":true,"href":"https:\/\/www.apsmke.com\/es\/wp-json\/wp\/v2\/comments?post=17"}],"version-history":[{"count":33,"href":"https:\/\/www.apsmke.com\/es\/wp-json\/wp\/v2\/pages\/17\/revisions"}],"predecessor-version":[{"id":2260,"href":"https:\/\/www.apsmke.com\/es\/wp-json\/wp\/v2\/pages\/17\/revisions\/2260"}],"wp:attachment":[{"href":"https:\/\/www.apsmke.com\/es\/wp-json\/wp\/v2\/media?parent=17"}],"curies":[{"name":"la hora de","href":"https:\/\/api.w.org\/{rel}","templated":true}]}}