{"id":20,"date":"2024-11-15T07:23:59","date_gmt":"2024-11-15T07:23:59","guid":{"rendered":"https:\/\/www.apsmke.com\/?page_id=20"},"modified":"2026-02-24T17:51:18","modified_gmt":"2026-02-24T17:51:18","slug":"crianza","status":"publish","type":"page","link":"https:\/\/www.apsmke.com\/es\/parenting\/","title":{"rendered":"Crianza"},"content":{"rendered":"<div data-elementor-type=\"wp-page\" data-elementor-id=\"20\" class=\"elementor elementor-20\" data-elementor-post-type=\"page\">\n\t\t\t\t<div class=\"elementor-element elementor-element-2ede025 e-flex e-con-boxed e-con e-parent\" data-id=\"2ede025\" data-element_type=\"container\" data-e-type=\"container\" data-settings=\"{&quot;background_background&quot;:&quot;gradient&quot;}\">\n\t\t\t\t\t<div class=\"e-con-inner\">\n\t\t<div class=\"elementor-element elementor-element-ed5ec60 e-con-full e-flex e-con e-child\" data-id=\"ed5ec60\" data-element_type=\"container\" data-e-type=\"container\" data-settings=\"{&quot;background_background&quot;:&quot;classic&quot;}\">\n\t\t\t\t<div class=\"elementor-element elementor-element-f92a77c elementor-widget elementor-widget-heading\" data-id=\"f92a77c\" data-element_type=\"widget\" data-e-type=\"widget\" data-widget_type=\"heading.default\">\n\t\t\t\t<div class=\"elementor-widget-container\">\n\t\t\t\t\t<h2 class=\"elementor-heading-title elementor-size-default\">Crianza<\/h2>\t\t\t\t<\/div>\n\t\t\t\t<\/div>\n\t\t\t\t<\/div>\n\t\t\t\t\t<\/div>\n\t\t\t\t<\/div>\n\t\t<div class=\"elementor-element elementor-element-13e3ed7 e-flex e-con-boxed e-con e-parent\" data-id=\"13e3ed7\" data-element_type=\"container\" data-e-type=\"container\">\n\t\t\t\t\t<div class=\"e-con-inner\">\n\t\t<div class=\"elementor-element elementor-element-1c1f15f e-con-full e-flex e-con e-child\" data-id=\"1c1f15f\" data-element_type=\"container\" data-e-type=\"container\" data-settings=\"{&quot;background_background&quot;:&quot;classic&quot;}\">\n\t\t<div class=\"elementor-element elementor-element-666e7ed e-con-full e-flex e-con e-child\" data-id=\"666e7ed\" data-element_type=\"container\" data-e-type=\"container\">\n\t\t<div class=\"elementor-element elementor-element-9bdfd7c e-con-full e-flex elementor-invisible e-con e-child\" data-id=\"9bdfd7c\" data-element_type=\"container\" data-e-type=\"container\" data-settings=\"{&quot;animation&quot;:&quot;fadeInUp&quot;}\">\n\t\t\t\t<div class=\"elementor-element elementor-element-946c3e0 common-cont elementor-widget elementor-widget-text-editor\" data-id=\"946c3e0\" data-element_type=\"widget\" data-e-type=\"widget\" data-widget_type=\"text-editor.default\">\n\t\t\t\t<div class=\"elementor-widget-container\">\n\t\t\t\t\t\t\t\t\t<p>El equipo m\u00e9dico de APS puede ayudarte a superar estos retos y a abordar cualquier otra inquietud que puedas tener.<\/p><p>Tambi\u00e9n les pondremos en contacto con organismos locales que les ayudar\u00e1n con la vivienda, los gastos m\u00e9dicos y el asesoramiento.<\/p><p>Para obtener m\u00e1s informaci\u00f3n sobre los servicios gratuitos para padres y sobre c\u00f3mo podemos ayudarte a recibir asistencia, \u00a1programa hoy mismo tu cita gratuita con nosotros!<\/p>\t\t\t\t\t\t\t\t<\/div>\n\t\t\t\t<\/div>\n\t\t\t\t<\/div>\n\t\t\t\t<\/div>\n\t\t<div class=\"elementor-element elementor-element-b36e81c e-con-full e-flex elementor-invisible e-con e-child\" data-id=\"b36e81c\" data-element_type=\"container\" data-e-type=\"container\" data-settings=\"{&quot;animation&quot;:&quot;fadeInUp&quot;}\">\n\t\t\t\t<div class=\"elementor-element elementor-element-dafadb9 common-cont elementor-widget elementor-widget-text-editor\" data-id=\"dafadb9\" data-element_type=\"widget\" data-e-type=\"widget\" data-widget_type=\"text-editor.default\">\n\t\t\t\t<div class=\"elementor-widget-container\">\n\t\t\t\t\t\t\t\t\t<p><strong>\u00bfC\u00f3mo s\u00e9 si ser padre o madre es lo adecuado para m\u00ed?<\/strong><\/p><p>A la hora de decidir si quieres ser padre o madre, hazte estas preguntas:<\/p><ul><li>\u00bfCon qu\u00e9 tipo de sistema de apoyo cuento?<\/li><li>\u00bfC\u00f3mo creo que se sentir\u00e1n mi pareja o mis padres respecto a mi forma de criar a mis hijos?<\/li><li>\u00bfPuedo seguir con mi trabajo o mis estudios?<\/li><li>\u00bfQu\u00e9 ayuda econ\u00f3mica adicional necesitar\u00e9?<\/li><\/ul>\t\t\t\t\t\t\t\t<\/div>\n\t\t\t\t<\/div>\n\t\t\t\t<\/div>\n\t\t\t\t<\/div>\n\t\t\t\t\t<\/div>\n\t\t\t\t<\/div>\n\t\t<div class=\"elementor-element elementor-element-ea7881a e-grid e-con-boxed e-con e-parent\" data-id=\"ea7881a\" data-element_type=\"container\" data-e-type=\"container\">\n\t\t\t\t\t<div class=\"e-con-inner\">\n\t\t\t\t<div class=\"elementor-element elementor-element-df4f90d elementor-align-center elementor-invisible elementor-widget elementor-widget-button\" data-id=\"df4f90d\" data-element_type=\"widget\" data-e-type=\"widget\" data-settings=\"{&quot;_animation&quot;:&quot;fadeInUp&quot;}\" data-widget_type=\"button.default\">\n\t\t\t\t<div class=\"elementor-widget-container\">\n\t\t\t\t\t\t\t\t\t<div class=\"elementor-button-wrapper\">\n\t\t\t\t\t<a class=\"elementor-button elementor-button-link elementor-size-sm\" href=\"https:\/\/www.apsmke.com\/es\/solicitud-de-cita-medica\/\">\n\t\t\t\t\t\t<span class=\"elementor-button-content-wrapper\">\n\t\t\t\t\t\t\t\t\t<span class=\"elementor-button-text\">Reserve su cita<\/span>\n\t\t\t\t\t<\/span>\n\t\t\t\t\t<\/a>\n\t\t\t\t<\/div>\n\t\t\t\t\t\t\t\t<\/div>\n\t\t\t\t<\/div>\n\t\t\t\t\t<\/div>\n\t\t\t\t<\/div>\n\t\t\t\t<\/div>","protected":false},"excerpt":{"rendered":"<p>Parenting The APS Medical team can help you work through these challenges and discuss any additional concerns you may have. We will also provide referrals to local agencies to help with housing, medical expenses, and counseling. To learn more about no-cost parenting services and how we can help you receive assistance, schedule your no-cost appointment with us today! How do I know if parenting is right for me? When deciding whether to parent, as yourself these questions: What kind of support system do I have? How do I think my partner or parents will feel about my parenting? Can I continue with my job or education? What additional financial support will I need? Schedule your appointment<\/p>","protected":false},"author":6,"featured_media":0,"parent":0,"menu_order":0,"comment_status":"closed","ping_status":"closed","template":"elementor_header_footer","meta":{"_seopress_robots_primary_cat":"","_seopress_titles_title":"","_seopress_titles_desc":"","_seopress_robots_index":"","footnotes":""},"class_list":["post-20","page","type-page","status-publish","hentry"],"featured_image_src":null,"featured_image_src_square":null,"_links":{"self":[{"href":"https:\/\/www.apsmke.com\/es\/wp-json\/wp\/v2\/pages\/20","targetHints":{"allow":["GET"]}}],"collection":[{"href":"https:\/\/www.apsmke.com\/es\/wp-json\/wp\/v2\/pages"}],"about":[{"href":"https:\/\/www.apsmke.com\/es\/wp-json\/wp\/v2\/types\/page"}],"author":[{"embeddable":true,"href":"https:\/\/www.apsmke.com\/es\/wp-json\/wp\/v2\/users\/6"}],"replies":[{"embeddable":true,"href":"https:\/\/www.apsmke.com\/es\/wp-json\/wp\/v2\/comments?post=20"}],"version-history":[{"count":21,"href":"https:\/\/www.apsmke.com\/es\/wp-json\/wp\/v2\/pages\/20\/revisions"}],"predecessor-version":[{"id":2209,"href":"https:\/\/www.apsmke.com\/es\/wp-json\/wp\/v2\/pages\/20\/revisions\/2209"}],"wp:attachment":[{"href":"https:\/\/www.apsmke.com\/es\/wp-json\/wp\/v2\/media?parent=20"}],"curies":[{"name":"la hora de","href":"https:\/\/api.w.org\/{rel}","templated":true}]}}