{"id":21,"date":"2024-11-15T07:23:59","date_gmt":"2024-11-15T07:23:59","guid":{"rendered":"https:\/\/www.apsmke.com\/?page_id=21"},"modified":"2026-02-25T20:04:59","modified_gmt":"2026-02-25T20:04:59","slug":"aborto","status":"publish","type":"page","link":"https:\/\/www.apsmke.com\/es\/abortion\/","title":{"rendered":"Aborto"},"content":{"rendered":"<div data-elementor-type=\"wp-page\" data-elementor-id=\"21\" class=\"elementor elementor-21\" data-elementor-post-type=\"page\">\n\t\t\t\t<div class=\"elementor-element elementor-element-76b7b3d e-flex e-con-boxed e-con e-parent\" data-id=\"76b7b3d\" data-element_type=\"container\" data-e-type=\"container\" data-settings=\"{&quot;background_background&quot;:&quot;gradient&quot;}\">\n\t\t\t\t\t<div class=\"e-con-inner\">\n\t\t<div class=\"elementor-element elementor-element-67e7ba3 e-con-full e-flex e-con e-child\" data-id=\"67e7ba3\" data-element_type=\"container\" data-e-type=\"container\" data-settings=\"{&quot;background_background&quot;:&quot;classic&quot;}\">\n\t\t\t\t<div class=\"elementor-element elementor-element-d1fa2f2 elementor-widget elementor-widget-heading\" data-id=\"d1fa2f2\" data-element_type=\"widget\" data-e-type=\"widget\" data-widget_type=\"heading.default\">\n\t\t\t\t<div class=\"elementor-widget-container\">\n\t\t\t\t\t<h2 class=\"elementor-heading-title elementor-size-default\">Aborto<\/h2>\t\t\t\t<\/div>\n\t\t\t\t<\/div>\n\t\t\t\t<\/div>\n\t\t\t\t\t<\/div>\n\t\t\t\t<\/div>\n\t\t<div class=\"elementor-element elementor-element-3c950a7 e-flex e-con-boxed e-con e-parent\" data-id=\"3c950a7\" data-element_type=\"container\" data-e-type=\"container\" data-settings=\"{&quot;background_background&quot;:&quot;classic&quot;}\">\n\t\t\t\t\t<div class=\"e-con-inner\">\n\t\t\t\t<div class=\"elementor-element elementor-element-a8dcd6e elementor-widget elementor-widget-text-editor\" data-id=\"a8dcd6e\" data-element_type=\"widget\" data-e-type=\"widget\" data-widget_type=\"text-editor.default\">\n\t\t\t\t<div class=\"elementor-widget-container\">\n\t\t\t\t\t\t\t\t\t<div class=\"col-xl-7 col-lg-7 col-md-12\"><div><p><strong>\u00bfEst\u00e1s pensando en abortar?<\/strong><\/p><p>Si te enfrentas a un embarazo inesperado, es posible que est\u00e9s considerando la posibilidad de abortar. Dado que existen diferentes tipos de procedimientos y riesgos asociados a cada uno de ellos, es importante que analices tus opciones y recibas la informaci\u00f3n m\u00e1s actualizada.<\/p><p>Nuestro equipo m\u00e9dico estar\u00e1 encantado de responder a cualquier pregunta que pueda tener.<\/p><p><strong>\u00bfQu\u00e9 debo saber sobre el aborto?<\/strong><\/p><p>El aborto es un procedimiento m\u00e9dico. Existen dos opciones: el aborto m\u00e9dico o qu\u00edmico y el aborto quir\u00fargico.<\/p><p>Estos procedimientos pueden costar entre 1 400 y 5 000 pesos, dependiendo del tipo de procedimiento y de si surgen complicaciones que requieran cirug\u00edas adicionales o tratamiento m\u00e9dico. Si est\u00e1s considerando un aborto, contamos con informaci\u00f3n sobre los tipos de procedimientos espec\u00edficos para tu embarazo y c\u00f3mo pueden afectar a tu cuerpo.<\/p><p><strong>Todos los servicios que ofrece APS son gratuitos y confidenciales.<\/strong><\/p><\/div><\/div>\t\t\t\t\t\t\t\t<\/div>\n\t\t\t\t<\/div>\n\t\t\t\t\t<\/div>\n\t\t\t\t<\/div>\n\t\t<div class=\"elementor-element elementor-element-bb95d67 e-flex e-con-boxed e-con e-parent\" data-id=\"bb95d67\" data-element_type=\"container\" data-e-type=\"container\">\n\t\t\t\t\t<div class=\"e-con-inner\">\n\t\t\t\t<div class=\"elementor-element elementor-element-7c0147d common-cont elementor-widget elementor-widget-text-editor\" data-id=\"7c0147d\" data-element_type=\"widget\" data-e-type=\"widget\" data-widget_type=\"text-editor.default\">\n\t\t\t\t<div class=\"elementor-widget-container\">\n\t\t\t\t\t\t\t\t\t<p>Si te preocupa un embarazo no planeado y est\u00e1s pensando en abortar, debes saber lo siguiente:<\/p><ul class=\"innerList defaultList\"><li>\u00bfDe verdad estoy embarazada?<\/li><li>\u00bfDe cu\u00e1ntas semanas estoy?<\/li><li>\u00bfQu\u00e9 tipos de abortos existen?<\/li><li>\u00bfC\u00f3mo funciona el aborto?<\/li><li>\u00bfCu\u00e1les son los riesgos a corto y largo plazo del aborto?<\/li><\/ul>\t\t\t\t\t\t\t\t<\/div>\n\t\t\t\t<\/div>\n\t\t\t\t\t<\/div>\n\t\t\t\t<\/div>\n\t\t<div class=\"elementor-element elementor-element-1ede341 e-flex e-con-boxed e-con e-parent\" data-id=\"1ede341\" data-element_type=\"container\" data-e-type=\"container\" data-settings=\"{&quot;background_background&quot;:&quot;classic&quot;}\">\n\t\t\t\t\t<div class=\"e-con-inner\">\n\t\t\t\t<div class=\"elementor-element elementor-element-b05159b elementor-align-center elementor-invisible elementor-widget elementor-widget-button\" data-id=\"b05159b\" data-element_type=\"widget\" data-e-type=\"widget\" data-settings=\"{&quot;_animation&quot;:&quot;fadeInUp&quot;}\" data-widget_type=\"button.default\">\n\t\t\t\t<div class=\"elementor-widget-container\">\n\t\t\t\t\t\t\t\t\t<div class=\"elementor-button-wrapper\">\n\t\t\t\t\t<a class=\"elementor-button elementor-button-link elementor-size-sm\" href=\"https:\/\/www.apsmke.com\/es\/solicitud-de-cita-medica\/\">\n\t\t\t\t\t\t<span class=\"elementor-button-content-wrapper\">\n\t\t\t\t\t\t\t\t\t<span class=\"elementor-button-text\">Pide tu cita gratuita hoy mismo<\/span>\n\t\t\t\t\t<\/span>\n\t\t\t\t\t<\/a>\n\t\t\t\t<\/div>\n\t\t\t\t\t\t\t\t<\/div>\n\t\t\t\t<\/div>\n\t\t\t\t<div class=\"elementor-element elementor-element-e377f39 elementor-widget elementor-widget-heading\" data-id=\"e377f39\" data-element_type=\"widget\" data-e-type=\"widget\" data-widget_type=\"heading.default\">\n\t\t\t\t<div class=\"elementor-widget-container\">\n\t\t\t\t\t<h2 class=\"elementor-heading-title elementor-size-default\">\u00bfCu\u00e1les son los diferentes tipos de aborto?<\/h2>\t\t\t\t<\/div>\n\t\t\t\t<\/div>\n\t\t\t\t\t<\/div>\n\t\t\t\t<\/div>\n\t\t<div class=\"elementor-element elementor-element-3e5aa09 e-flex e-con-boxed e-con e-parent\" data-id=\"3e5aa09\" data-element_type=\"container\" data-e-type=\"container\">\n\t\t\t\t\t<div class=\"e-con-inner\">\n\t\t<div class=\"elementor-element elementor-element-9d5b16e e-con-full e-flex e-con e-child\" data-id=\"9d5b16e\" data-element_type=\"container\" data-e-type=\"container\">\n\t\t\t\t<div class=\"elementor-element elementor-element-8151cf3 elementor-flip-box--3d elementor-flip-box--effect-flip elementor-flip-box--direction-up elementor-widget elementor-widget-flip-box\" data-id=\"8151cf3\" data-element_type=\"widget\" data-e-type=\"widget\" data-widget_type=\"flip-box.default\">\n\t\t\t\t<div class=\"elementor-widget-container\">\n\t\t\t\t\t\t\t<div class=\"elementor-flip-box\" tabindex=\"0\">\n\t\t\t<div class=\"elementor-flip-box__layer elementor-flip-box__front\">\n\t\t\t\t<div class=\"elementor-flip-box__layer__overlay\">\n\t\t\t\t\t<div class=\"elementor-flip-box__layer__inner\">\n\t\t\t\t\t\t\t\t\t\t\t\t\t<div class=\"elementor-icon-wrapper elementor-view-default\">\n\t\t\t\t\t\t\t\t<div class=\"elementor-icon\">\n\t\t\t\t\t\t\t\t\t<svg class=\"e-font-icon-svg e-fas-pills\" viewbox=\"0 0 576 512\" xmlns=\"http:\/\/www.w3.org\/2000\/svg\"><path d=\"M112 32C50.1 32 0 82.1 0 144v224c0 61.9 50.1 112 112 112s112-50.1 112-112V144c0-61.9-50.1-112-112-112zm48 224H64V144c0-26.5 21.5-48 48-48s48 21.5 48 48v112zm139.7-29.7c-3.5-3.5-9.4-3.1-12.3.8-45.3 62.5-40.4 150.1 15.9 206.4 56.3 56.3 143.9 61.2 206.4 15.9 4-2.9 4.3-8.8.8-12.3L299.7 226.3zm229.8-19c-56.3-56.3-143.9-61.2-206.4-15.9-4 2.9-4.3 8.8-.8 12.3l210.8 210.8c3.5 3.5 9.4 3.1 12.3-.8 45.3-62.6 40.5-150.1-15.9-206.4z\"><\/path><\/svg>\t\t\t\t\t\t\t\t<\/div>\n\t\t\t\t\t\t\t<\/div>\n\t\t\t\t\t\t\n\t\t\t\t\t\t\t\t\t\t\t\t\t<h3 class=\"elementor-flip-box__layer__title\">\n\t\t\t\t\t\t\t\tABORTO M\u00c9DICO\t\t\t\t\t\t\t<\/h3>\n\t\t\t\t\t\t\n\t\t\t\t\t\t\t\t\t\t\t<\/div>\n\t\t\t\t<\/div>\n\t\t\t<\/div>\n\t\t\t<div class=\"elementor-flip-box__layer elementor-flip-box__back\">\n\t\t\t<div class=\"elementor-flip-box__layer__overlay\">\n\t\t\t\t<div class=\"elementor-flip-box__layer__inner\">\n\t\t\t\t\t\n\t\t\t\t\t\t\t\t\t\t\t<div class=\"elementor-flip-box__layer__description\">\n\t\t\t\t\t\t\tLa p\u00edldora abortiva provoca un aborto qu\u00edmico o m\u00e9dico. Se toma durante las primeras 10 semanas de embarazo y consiste en dos medicamentos.\n<br><br>El primer medicamento es Mifeprex (mifepristona), que bloquea la progesterona e interrumpe el desarrollo del embarazo, provocando el desprendimiento del embri\u00f3n implantado.\n<br><br>\nA continuaci\u00f3n, se toma el misoprostol hasta 48 horas despu\u00e9s, lo que provoca contracciones para vaciar el \u00fatero. Es probable que se produzcan fuertes calambres, sangrado, n\u00e1useas y, posiblemente, v\u00f3mitos. Puede ser necesaria una visita final a la cl\u00ednica para asegurarse de que el aborto se ha completado. Algunas mujeres pueden necesitar un aborto quir\u00fargico para completar el proceso. El porcentaje de casos en los que esto ocurre aumenta con la edad gestacional.\n\n\t\t\t\t\t\t<\/div>\n\t\t\t\t\t\n\t\t\t\t\t\t\t\t<\/div>\n\t\t<\/div>\n\t\t<\/div>\n\t\t<\/div>\n\t\t\t\t\t\t<\/div>\n\t\t\t\t<\/div>\n\t\t\t\t<\/div>\n\t\t<div class=\"elementor-element elementor-element-f2810c6 e-con-full e-flex e-con e-child\" data-id=\"f2810c6\" data-element_type=\"container\" data-e-type=\"container\">\n\t\t\t\t<div class=\"elementor-element elementor-element-08a7785 elementor-flip-box--3d elementor-flip-box--effect-flip elementor-flip-box--direction-up elementor-widget elementor-widget-flip-box\" data-id=\"08a7785\" data-element_type=\"widget\" data-e-type=\"widget\" data-widget_type=\"flip-box.default\">\n\t\t\t\t<div class=\"elementor-widget-container\">\n\t\t\t\t\t\t\t<div class=\"elementor-flip-box\" tabindex=\"0\">\n\t\t\t<div class=\"elementor-flip-box__layer elementor-flip-box__front\">\n\t\t\t\t<div class=\"elementor-flip-box__layer__overlay\">\n\t\t\t\t\t<div class=\"elementor-flip-box__layer__inner\">\n\t\t\t\t\t\t\t\t\t\t\t\t\t<div class=\"elementor-icon-wrapper elementor-view-default\">\n\t\t\t\t\t\t\t\t<div class=\"elementor-icon\">\n\t\t\t\t\t\t\t\t\t<svg class=\"e-font-icon-svg e-fas-stethoscope\" viewbox=\"0 0 512 512\" xmlns=\"http:\/\/www.w3.org\/2000\/svg\"><path d=\"M447.1 112c-34.2.5-62.3 28.4-63 62.6-.5 24.3 12.5 45.6 32 56.8V344c0 57.3-50.2 104-112 104-60 0-109.2-44.1-111.9-99.2C265 333.8 320 269.2 320 192V36.6c0-11.4-8.1-21.3-19.3-23.5L237.8.5c-13-2.6-25.6 5.8-28.2 18.8L206.4 35c-2.6 13 5.8 25.6 18.8 28.2l30.7 6.1v121.4c0 52.9-42.2 96.7-95.1 97.2-53.4.5-96.9-42.7-96.9-96V69.4l30.7-6.1c13-2.6 21.4-15.2 18.8-28.2l-3.1-15.7C107.7 6.4 95.1-2 82.1.6L19.3 13C8.1 15.3 0 25.1 0 36.6V192c0 77.3 55.1 142 128.1 156.8C130.7 439.2 208.6 512 304 512c97 0 176-75.4 176-168V231.4c19.1-11.1 32-31.7 32-55.4 0-35.7-29.2-64.5-64.9-64zm.9 80c-8.8 0-16-7.2-16-16s7.2-16 16-16 16 7.2 16 16-7.2 16-16 16z\"><\/path><\/svg>\t\t\t\t\t\t\t\t<\/div>\n\t\t\t\t\t\t\t<\/div>\n\t\t\t\t\t\t\n\t\t\t\t\t\t\t\t\t\t\t\t\t<h3 class=\"elementor-flip-box__layer__title\">\n\t\t\t\t\t\t\t\tABORTO QUIR\u00daRGICO\t\t\t\t\t\t\t<\/h3>\n\t\t\t\t\t\t\n\t\t\t\t\t\t\t\t\t\t\t<\/div>\n\t\t\t\t<\/div>\n\t\t\t<\/div>\n\t\t\t<div class=\"elementor-flip-box__layer elementor-flip-box__back\">\n\t\t\t<div class=\"elementor-flip-box__layer__overlay\">\n\t\t\t\t<div class=\"elementor-flip-box__layer__inner\">\n\t\t\t\t\t\n\t\t\t\t\t\t\t\t\t\t\t<div class=\"elementor-flip-box__layer__description\">\n\t\t\t\t\t\t\tEl procedimiento quir\u00fargico m\u00e1s com\u00fan para interrumpir un embarazo es la aspiraci\u00f3n al vac\u00edo. Este procedimiento se puede realizar hasta las 14 semanas. <br><br>\n\nEl cuello uterino (la abertura del \u00fatero) se dilata (se abre) y el m\u00e9dico introduce un tubo en el \u00fatero, conectado a una m\u00e1quina de succi\u00f3n. La succi\u00f3n desmembra el cuerpo del feto y vac\u00eda el \u00fatero.\n<br><br>\nEntre las 14 y las 16 semanas y 6 d\u00edas, cuando el feto es m\u00e1s grande, es necesario ablandar el cuello uterino administrando misoprostol por v\u00eda oral o vaginal para facilitar la dilataci\u00f3n.\n<br><br>\nEn este procedimiento, se ablanda el cuello uterino mediante la administraci\u00f3n de misoprostol por v\u00eda oral o vaginal, de modo que el cuello uterino se pueda abrir m\u00e1s que en un aborto durante el primer trimestre, lo que permite al m\u00e9dico extraer los restos fetales mediante una combinaci\u00f3n de succi\u00f3n, cureta o f\u00f3rceps.\t\t\t\t\t\t<\/div>\n\t\t\t\t\t\n\t\t\t\t\t\t\t\t<\/div>\n\t\t<\/div>\n\t\t<\/div>\n\t\t<\/div>\n\t\t\t\t\t\t<\/div>\n\t\t\t\t<\/div>\n\t\t\t\t<\/div>\n\t\t\t\t\t<\/div>\n\t\t\t\t<\/div>\n\t\t<div class=\"elementor-element elementor-element-6c870ac e-flex e-con-boxed e-con e-parent\" data-id=\"6c870ac\" data-element_type=\"container\" data-e-type=\"container\" data-settings=\"{&quot;background_background&quot;:&quot;classic&quot;}\">\n\t\t\t\t\t<div class=\"e-con-inner\">\n\t\t\t\t<div class=\"elementor-element elementor-element-d9ef0c6 elementor-widget elementor-widget-heading\" data-id=\"d9ef0c6\" data-element_type=\"widget\" data-e-type=\"widget\" data-widget_type=\"heading.default\">\n\t\t\t\t<div class=\"elementor-widget-container\">\n\t\t\t\t\t<h2 class=\"elementor-heading-title elementor-size-default\">\u00bfCu\u00e1les son los riesgos?<\/h2>\t\t\t\t<\/div>\n\t\t\t\t<\/div>\n\t\t\t\t<div class=\"elementor-element elementor-element-0d0d7e0 elementor-widget elementor-widget-text-editor\" data-id=\"0d0d7e0\" data-element_type=\"widget\" data-e-type=\"widget\" data-widget_type=\"text-editor.default\">\n\t\t\t\t<div class=\"elementor-widget-container\">\n\t\t\t\t\t\t\t\t\t<div class=\"col-xl-7 col-lg-7 col-md-12\"><p>Al igual que cualquier otro procedimiento quir\u00fargico o m\u00e9dico, el aborto conlleva riesgos para la salud. Algunos de los riesgos asociados a la p\u00edldora abortiva son el aborto incompleto, el sangrado abundante y la infecci\u00f3n. Un aborto quir\u00fargico puede provocar da\u00f1os en el cuello uterino, el \u00fatero y otros \u00f3rganos internos.<\/p><p>Si a\u00fan tiene dudas, nuestro equipo m\u00e9dico puede brindarle informaci\u00f3n sobre los riesgos de estos procedimientos.<\/p><p>Para obtener m\u00e1s informaci\u00f3n sobre sus opciones, <a href=\"https:\/\/www.apsmke.com\/es\/solicitud-de-cita-medica\/\"><strong>Pide tu cita gratuita hoy mismo<\/strong><\/a>.<\/p><\/div>\t\t\t\t\t\t\t\t<\/div>\n\t\t\t\t<\/div>\n\t\t\t\t\t<\/div>\n\t\t\t\t<\/div>\n\t\t<div class=\"elementor-element elementor-element-858051c e-flex e-con-boxed e-con e-parent\" data-id=\"858051c\" data-element_type=\"container\" data-e-type=\"container\" data-settings=\"{&quot;background_background&quot;:&quot;classic&quot;}\">\n\t\t\t\t\t<div class=\"e-con-inner\">\n\t\t<div class=\"elementor-element elementor-element-7a40142 e-con-full e-flex e-con e-child\" data-id=\"7a40142\" data-element_type=\"container\" data-e-type=\"container\" data-settings=\"{&quot;background_background&quot;:&quot;classic&quot;}\">\n\t\t\t\t<div class=\"elementor-element elementor-element-6ff7333 common-cont elementor-widget__width-initial elementor-invisible elementor-widget elementor-widget-text-editor\" data-id=\"6ff7333\" data-element_type=\"widget\" data-e-type=\"widget\" data-settings=\"{&quot;_animation&quot;:&quot;fadeInUp&quot;}\" data-widget_type=\"text-editor.default\">\n\t\t\t\t<div class=\"elementor-widget-container\">\n\t\t\t\t\t\t\t\t\t<h3>Podemos ayudarte a encontrar respuestas.<\/h3>\t\t\t\t\t\t\t\t<\/div>\n\t\t\t\t<\/div>\n\t\t\t\t<div class=\"elementor-element elementor-element-ef8d2de elementor-align-center elementor-widget elementor-widget-button\" data-id=\"ef8d2de\" data-element_type=\"widget\" data-e-type=\"widget\" data-widget_type=\"button.default\">\n\t\t\t\t<div class=\"elementor-widget-container\">\n\t\t\t\t\t\t\t\t\t<div class=\"elementor-button-wrapper\">\n\t\t\t\t\t<a class=\"elementor-button elementor-button-link elementor-size-sm\" href=\"tel:4144652246\">\n\t\t\t\t\t\t<span class=\"elementor-button-content-wrapper\">\n\t\t\t\t\t\t<span class=\"elementor-button-icon\">\n\t\t\t\t<svg aria-hidden=\"true\" class=\"e-font-icon-svg e-fas-phone-alt\" viewbox=\"0 0 512 512\" xmlns=\"http:\/\/www.w3.org\/2000\/svg\"><path d=\"M497.39 361.8l-112-48a24 24 0 0 0-28 6.9l-49.6 60.6A370.66 370.66 0 0 1 130.6 204.11l60.6-49.6a23.94 23.94 0 0 0 6.9-28l-48-112A24.16 24.16 0 0 0 122.6.61l-104 24A24 24 0 0 0 0 48c0 256.5 207.9 464 464 464a24 24 0 0 0 23.4-18.6l24-104a24.29 24.29 0 0 0-14.01-27.6z\"><\/path><\/svg>\t\t\t<\/span>\n\t\t\t\t\t\t\t\t\t<span class=\"elementor-button-text\">Llame al (414) 465-2246<\/span>\n\t\t\t\t\t<\/span>\n\t\t\t\t\t<\/a>\n\t\t\t\t<\/div>\n\t\t\t\t\t\t\t\t<\/div>\n\t\t\t\t<\/div>\n\t\t\t\t<div class=\"elementor-element elementor-element-0ede5ca common-cont elementor-widget__width-initial elementor-invisible elementor-widget elementor-widget-text-editor\" data-id=\"0ede5ca\" data-element_type=\"widget\" data-e-type=\"widget\" data-settings=\"{&quot;_animation&quot;:&quot;fadeInUp&quot;}\" data-widget_type=\"text-editor.default\">\n\t\t\t\t<div class=\"elementor-widget-container\">\n\t\t\t\t\t\t\t\t\t<p>Si crees que est\u00e1s embarazada y est\u00e1s pensando en abortar, aseg\u00farate primero de conocer todos los datos. Inf\u00f3rmate bien. <br \/>En APS Medical, nuestro asesor de clientes le explicar\u00e1 las diferentes opciones y le ayudar\u00e1 a comprender cada una de ellas en funci\u00f3n de <br \/>en qu\u00e9 etapa del embarazo te encuentras, as\u00ed como los riesgos que conlleva.<\/p>\t\t\t\t\t\t\t\t<\/div>\n\t\t\t\t<\/div>\n\t\t\t\t<\/div>\n\t\t\t\t\t<\/div>\n\t\t\t\t<\/div>\n\t\t<div class=\"elementor-element elementor-element-647e0f0 e-flex e-con-boxed e-con e-parent\" data-id=\"647e0f0\" data-element_type=\"container\" data-e-type=\"container\" data-settings=\"{&quot;background_background&quot;:&quot;classic&quot;}\">\n\t\t\t\t\t<div class=\"e-con-inner\">\n\t\t\t\t<div class=\"elementor-element elementor-element-5251b20 elementor-widget elementor-widget-heading\" data-id=\"5251b20\" data-element_type=\"widget\" data-e-type=\"widget\" data-widget_type=\"heading.default\">\n\t\t\t\t<div class=\"elementor-widget-container\">\n\t\t\t\t\t<h2 class=\"elementor-heading-title elementor-size-default\">Requisitos del estado de Wisconsin antes de interrumpir un embarazo<\/h2>\t\t\t\t<\/div>\n\t\t\t\t<\/div>\n\t\t\t\t\t<\/div>\n\t\t\t\t<\/div>\n\t\t<div class=\"elementor-element elementor-element-043051e e-flex e-con-boxed e-con e-parent\" data-id=\"043051e\" data-element_type=\"container\" data-e-type=\"container\">\n\t\t\t\t\t<div class=\"e-con-inner\">\n\t\t\t\t<div class=\"elementor-element elementor-element-010bfb0 elementor-widget elementor-widget-text-editor\" data-id=\"010bfb0\" data-element_type=\"widget\" data-e-type=\"widget\" data-widget_type=\"text-editor.default\">\n\t\t\t\t<div class=\"elementor-widget-container\">\n\t\t\t\t\t\t\t\t\t<p>Wisconsin quiere asegurarse de que tengas toda la informaci\u00f3n necesaria para tomar decisiones sobre tu embarazo. La ley, el art\u00edculo 253.10(3) del C\u00f3digo de Wisconsin, exige que el m\u00e9dico te explique ciertos aspectos al menos 24 horas antes del aborto, salvo en caso de emergencia m\u00e9dica. En ella se detalla la informaci\u00f3n que los m\u00e9dicos deben proporcionarte y se exige que el estado te entregue informaci\u00f3n por escrito. La ley tambi\u00e9n exige que usted d\u00e9 su consentimiento voluntario por escrito para el aborto. Es ilegal que un m\u00e9dico realice un aborto si alguien la ha obligado a dar su consentimiento.<\/p>\t\t\t\t\t\t\t\t<\/div>\n\t\t\t\t<\/div>\n\t\t\t\t<div class=\"elementor-element elementor-element-978de6d elementor-widget elementor-widget-text-editor\" data-id=\"978de6d\" data-element_type=\"widget\" data-e-type=\"widget\" data-widget_type=\"text-editor.default\">\n\t\t\t\t<div class=\"elementor-widget-container\">\n\t\t\t\t\t\t\t\t\t<p>Fuente: <a href=\"https:\/\/www.dhs.wisconsin.gov\/publications\/p4\/p40074.pdf\" target=\"_blank\" rel=\"noopener\">https:\/\/www.dhs.wisconsin.gov\/publications\/p4\/p40074.pdf<\/a><\/p>\t\t\t\t\t\t\t\t<\/div>\n\t\t\t\t<\/div>\n\t\t\t\t<div class=\"elementor-element elementor-element-d464e92 elementor-align-center elementor-invisible elementor-widget elementor-widget-button\" data-id=\"d464e92\" data-element_type=\"widget\" data-e-type=\"widget\" data-settings=\"{&quot;_animation&quot;:&quot;fadeInUp&quot;}\" data-widget_type=\"button.default\">\n\t\t\t\t<div class=\"elementor-widget-container\">\n\t\t\t\t\t\t\t\t\t<div class=\"elementor-button-wrapper\">\n\t\t\t\t\t<a class=\"elementor-button elementor-button-link elementor-size-sm\" href=\"https:\/\/www.apsmke.com\/es\/solicitud-de-cita-medica\/\">\n\t\t\t\t\t\t<span class=\"elementor-button-content-wrapper\">\n\t\t\t\t\t\t\t\t\t<span class=\"elementor-button-text\">Concierte una cita confidencial <\/span>\n\t\t\t\t\t<\/span>\n\t\t\t\t\t<\/a>\n\t\t\t\t<\/div>\n\t\t\t\t\t\t\t\t<\/div>\n\t\t\t\t<\/div>\n\t\t\t\t\t<\/div>\n\t\t\t\t<\/div>\n\t\t<div class=\"elementor-element elementor-element-a334c1e e-flex e-con-boxed e-con e-parent\" data-id=\"a334c1e\" data-element_type=\"container\" data-e-type=\"container\">\n\t\t\t\t\t<div class=\"e-con-inner\">\n\t\t\t\t\t<\/div>\n\t\t\t\t<\/div>\n\t\t\t\t<\/div>","protected":false},"excerpt":{"rendered":"<p>Abortion Considering abortion? If you are facing an unexpected pregnancy, you might be considering abortion. Because there are different types of procedures and risks associated with each, it\u2019s important to discuss your options and receive the most up-to-date information. Our supportive medical team can answer any questions you may have. What do I need to know about abortion? Abortion is a medical procedure. There are two options: medical\/chemical and surgical abortions. These procedures may cost anywhere from $500-$5,000 depending on the type of procedure and if there are any complications that require further surgeries or medical treatment. If you are considering an abortion, we have information on the types of procedures specific to your pregnancy and how they may affect your body. All services provided by APS are free and confidential. If you are worried about an unplanned pregnancy and considering abortion, you need to know: Am I really pregnant? How far along am I? What types of abortions are available? How does abortion work? What are the short-term and long-term risks of abortion? Get Your Free Appointment Today What are the Different Types of Abortion? MEDICAL ABORTION The abortion pill induces a chemical\/medical abortion. It is taken in the first 10 weeks of pregnancy and involves two medications. The first medication is Mifeprex (mifepristone), which blocks progesterone and interrupts pregnancy development prompting detachment of the implanted embryo. Next, misoprostol is taken up to 48 hours later, inducing contractions to empty the uterus. Expect strong cramping, bleeding, nausea, and possibly vomiting. A final visit to the clinic may be necessary to ensure the abortion has been completed. Some women may require a surgical abortion to complete the process. The percentage of this occurring increases with gestational age. SURGICAL ABORTION The most common surgical abortion procedure is Vacuum Aspiration. This procedure can be done up to 14 weeks. The cervix (the opening to the uterus) is dilated (opened), and the physician inserts tubing into the uterus, connected to a suction machine. The suction pulls the fetus\u2019s body apart and empties the uterus. Between 14 and 16 weeks and 6 days, when the fetus is larger, the cervix must be softened by giving either oral or vaginal misoprostol so that dilation is easier. In this procedure, the cervix is softened by giving either oral or vaginal misoprostol, so the cervix can be opened wider than in a first-trimester abortion, allowing the doctor to pull out the fetal parts by a combination of suction, curette, or forceps. What are the Risks? Just like any other surgical or medical procedure, there are health risks associated with abortion. Some risks of the abortion pill include incomplete abortion, heavy bleeding, and infection. A surgical abortion can lead to damage to the cervix, uterus, and other internal organs. If you still have questions, our medical team can give you information on the risks of these procedures. To learn more about your options, schedule your free appointment today. We can help you find answers. Call (414) 465-2246 If you think you are pregnant and you are considering abortion, make sure to get the facts first. Be informed. At APS Medical, our client advocate will discuss the different options and help you understand each of them based on where you are in your pregnancy, as well as the risks involved. What The State of WI Requires Before Terminating Pregnancy Wisconsin wants to make sure that you have all of the information you need to make decisions about your pregnancy. The law, Wisconsin statute 253.10(3), requires the doctor to explain certain things to you at least 24 hours before the abortion, except in a medical emergency. It spells out the information that doctors must provide and requires that the state provide written information to you. The law also requires that you voluntarily agree to the abortion in writing. It is illegal for a doctor to perform an abortion if someone has forced you to agree to it. Source: https:\/\/www.dhs.wisconsin.gov\/publications\/p4\/p40074.pdf Schedule Your Confidential Appointment<\/p>","protected":false},"author":6,"featured_media":0,"parent":0,"menu_order":0,"comment_status":"closed","ping_status":"closed","template":"elementor_header_footer","meta":{"_seopress_robots_primary_cat":"","_seopress_titles_title":"","_seopress_titles_desc":"","_seopress_robots_index":"","footnotes":""},"class_list":["post-21","page","type-page","status-publish","hentry"],"featured_image_src":null,"featured_image_src_square":null,"_links":{"self":[{"href":"https:\/\/www.apsmke.com\/es\/wp-json\/wp\/v2\/pages\/21","targetHints":{"allow":["GET"]}}],"collection":[{"href":"https:\/\/www.apsmke.com\/es\/wp-json\/wp\/v2\/pages"}],"about":[{"href":"https:\/\/www.apsmke.com\/es\/wp-json\/wp\/v2\/types\/page"}],"author":[{"embeddable":true,"href":"https:\/\/www.apsmke.com\/es\/wp-json\/wp\/v2\/users\/6"}],"replies":[{"embeddable":true,"href":"https:\/\/www.apsmke.com\/es\/wp-json\/wp\/v2\/comments?post=21"}],"version-history":[{"count":45,"href":"https:\/\/www.apsmke.com\/es\/wp-json\/wp\/v2\/pages\/21\/revisions"}],"predecessor-version":[{"id":2267,"href":"https:\/\/www.apsmke.com\/es\/wp-json\/wp\/v2\/pages\/21\/revisions\/2267"}],"wp:attachment":[{"href":"https:\/\/www.apsmke.com\/es\/wp-json\/wp\/v2\/media?parent=21"}],"curies":[{"name":"la hora de","href":"https:\/\/api.w.org\/{rel}","templated":true}]}}