{"id":23,"date":"2024-11-15T07:23:59","date_gmt":"2024-11-15T07:23:59","guid":{"rendered":"https:\/\/www.apsmke.com\/?page_id=23"},"modified":"2026-02-24T19:07:25","modified_gmt":"2026-02-24T19:07:25","slug":"mas-informacion","status":"publish","type":"page","link":"https:\/\/www.apsmke.com\/es\/learn-more\/","title":{"rendered":"M\u00e1s informaci\u00f3n"},"content":{"rendered":"<div data-elementor-type=\"wp-page\" data-elementor-id=\"23\" class=\"elementor elementor-23\" data-elementor-post-type=\"page\">\n\t\t\t\t<div class=\"elementor-element elementor-element-331fedc e-flex e-con-boxed e-con e-parent\" data-id=\"331fedc\" data-element_type=\"container\" data-e-type=\"container\" data-settings=\"{&quot;background_background&quot;:&quot;gradient&quot;}\">\n\t\t\t\t\t<div class=\"e-con-inner\">\n\t\t<div class=\"elementor-element elementor-element-2bfde28d e-con-full e-flex e-con e-child\" data-id=\"2bfde28d\" data-element_type=\"container\" data-e-type=\"container\" data-settings=\"{&quot;background_background&quot;:&quot;classic&quot;}\">\n\t\t\t\t<div class=\"elementor-element elementor-element-31d5c7b2 elementor-widget elementor-widget-heading\" data-id=\"31d5c7b2\" data-element_type=\"widget\" data-e-type=\"widget\" data-settings=\"{&quot;_animation&quot;:&quot;none&quot;}\" data-widget_type=\"heading.default\">\n\t\t\t\t<div class=\"elementor-widget-container\">\n\t\t\t\t\t<h1 class=\"elementor-heading-title elementor-size-default\">M\u00e1s informaci\u00f3n<\/h1>\t\t\t\t<\/div>\n\t\t\t\t<\/div>\n\t\t\t\t<\/div>\n\t\t\t\t\t<\/div>\n\t\t\t\t<\/div>\n\t\t<div class=\"elementor-element elementor-element-14fe12f e-flex e-con-boxed e-con e-parent\" data-id=\"14fe12f\" data-element_type=\"container\" data-e-type=\"container\">\n\t\t\t\t\t<div class=\"e-con-inner\">\n\t\t<div class=\"elementor-element elementor-element-53b80979 e-con-full e-flex e-con e-child\" data-id=\"53b80979\" data-element_type=\"container\" data-e-type=\"container\" data-settings=\"{&quot;background_background&quot;:&quot;classic&quot;}\">\n\t\t<div class=\"elementor-element elementor-element-e5f8835 e-con-full e-flex e-con e-child\" data-id=\"e5f8835\" data-element_type=\"container\" data-e-type=\"container\">\n\t\t\t\t<div class=\"elementor-element elementor-element-8aa763c elementor-widget elementor-widget-heading\" data-id=\"8aa763c\" data-element_type=\"widget\" data-e-type=\"widget\" data-settings=\"{&quot;_animation&quot;:&quot;none&quot;}\" data-widget_type=\"heading.default\">\n\t\t\t\t<div class=\"elementor-widget-container\">\n\t\t\t\t\t<h3 class=\"elementor-heading-title elementor-size-default\">Al servicio del \u00e1rea metropolitana de Milwaukee desde 1982<\/h3>\t\t\t\t<\/div>\n\t\t\t\t<\/div>\n\t\t\t\t<div class=\"elementor-element elementor-element-d7f2c47 common-cont elementor-widget elementor-widget-text-editor\" data-id=\"d7f2c47\" data-element_type=\"widget\" data-e-type=\"widget\" data-settings=\"{&quot;_animation&quot;:&quot;none&quot;}\" data-widget_type=\"text-editor.default\">\n\t\t\t\t<div class=\"elementor-widget-container\">\n\t\t\t\t\t\t\t\t\t<p>APS Medical abri\u00f3 sus puertas en 1982 con un objetivo sencillo: ayudar a las personas a tomar decisiones informadas sobre embarazos no planificados o no deseados y brindarles apoyo una vez tomadas esas decisiones. Desde nuestra apertura, hemos tenido la suerte de ayudar a miles de personas en una amplia variedad de situaciones y circunstancias.<\/p>\t\t\t\t\t\t\t\t<\/div>\n\t\t\t\t<\/div>\n\t\t\t\t<div class=\"elementor-element elementor-element-9aea939 elementor-widget elementor-widget-heading\" data-id=\"9aea939\" data-element_type=\"widget\" data-e-type=\"widget\" data-widget_type=\"heading.default\">\n\t\t\t\t<div class=\"elementor-widget-container\">\n\t\t\t\t\t<h3 class=\"elementor-heading-title elementor-size-default\">Nuestro compromiso con nuestros clientes abarca varios \u00e1mbitos:<\/h3>\t\t\t\t<\/div>\n\t\t\t\t<\/div>\n\t\t\t\t<div class=\"elementor-element elementor-element-ebab6c5 common-cont elementor-widget elementor-widget-text-editor\" data-id=\"ebab6c5\" data-element_type=\"widget\" data-e-type=\"widget\" data-widget_type=\"text-editor.default\">\n\t\t\t\t<div class=\"elementor-widget-container\">\n\t\t\t\t\t\t\t\t\t<ol class=\"innerList defaultList\"><li>Atendemos a cualquier persona que acuda a nosotros en busca de ayuda, independientemente de su edad, raza, ingresos, nacionalidad, religi\u00f3n, discapacidad o cualquier otra distinci\u00f3n arbitraria.<\/li><li>Tratamos a todos y cada uno de nuestros clientes con respeto, amabilidad y empat\u00eda, y respondemos a cualquier pregunta que se le plantee a nuestro personal de forma reflexiva, sincera y abierta.<\/li><\/ol>\t\t\t\t\t\t\t\t<\/div>\n\t\t\t\t<\/div>\n\t\t\t\t<div class=\"elementor-element elementor-element-85abb10 common-cont elementor-widget elementor-widget-text-editor\" data-id=\"85abb10\" data-element_type=\"widget\" data-e-type=\"widget\" data-widget_type=\"text-editor.default\">\n\t\t\t\t<div class=\"elementor-widget-container\">\n\t\t\t\t\t\t\t\t\t<p>El bienestar de nuestros clientes es nuestra m\u00e1xima prioridad, y tenemos en cuenta sus opiniones y sentimientos en todo momento.\u00a0<br \/>Somos conscientes de que la confidencialidad es fundamental para nuestros clientes, por lo que la informaci\u00f3n se maneja con estricta y absoluta confidencialidad. La divulgaci\u00f3n de la informaci\u00f3n de los clientes solo es pertinente cuando as\u00ed lo exige la ley o cuando es necesario para proteger el bienestar del cliente o de otras personas.\u00a0<\/p>\t\t\t\t\t\t\t\t<\/div>\n\t\t\t\t<\/div>\n\t\t\t\t<div class=\"elementor-element elementor-element-1ac1a81 common-cont elementor-widget elementor-widget-text-editor\" data-id=\"1ac1a81\" data-element_type=\"widget\" data-e-type=\"widget\" data-widget_type=\"text-editor.default\">\n\t\t\t\t<div class=\"elementor-widget-container\">\n\t\t\t\t\t\t\t\t\t<p>Aunque APS no ofrece, recomienda ni deriva a servicios de aborto, s\u00ed proporcionamos informaci\u00f3n precisa sobre los procedimientos y riesgos del aborto para que nuestros clientes la tengan en cuenta.<\/p><p>Quiz\u00e1s lo m\u00e1s importante es que todo nuestro personal y nuestros voluntarios reciben siempre la formaci\u00f3n adecuada para mantener los altos est\u00e1ndares que nos exigimos a nosotros mismos. Nos comprometemos a ofrecer los servicios veraces y honestos que se presentan en nuestra publicidad y comunicaciones.<\/p>\t\t\t\t\t\t\t\t<\/div>\n\t\t\t\t<\/div>\n\t\t\t\t<div class=\"elementor-element elementor-element-0bbfeb2 elementor-align-center elementor-invisible elementor-widget elementor-widget-button\" data-id=\"0bbfeb2\" data-element_type=\"widget\" data-e-type=\"widget\" data-settings=\"{&quot;_animation&quot;:&quot;fadeInUp&quot;}\" data-widget_type=\"button.default\">\n\t\t\t\t<div class=\"elementor-widget-container\">\n\t\t\t\t\t\t\t\t\t<div class=\"elementor-button-wrapper\">\n\t\t\t\t\t<a class=\"elementor-button elementor-button-link elementor-size-sm\" href=\"https:\/\/www.apsmke.com\/es\/contactanos\/\">\n\t\t\t\t\t\t<span class=\"elementor-button-content-wrapper\">\n\t\t\t\t\t\t\t\t\t<span class=\"elementor-button-text\">\u00a1Inf\u00f3rmate hoy mismo!<\/span>\n\t\t\t\t\t<\/span>\n\t\t\t\t\t<\/a>\n\t\t\t\t<\/div>\n\t\t\t\t\t\t\t\t<\/div>\n\t\t\t\t<\/div>\n\t\t\t\t<\/div>\n\t\t\t\t<\/div>\n\t\t\t\t\t<\/div>\n\t\t\t\t<\/div>\n\t\t\t\t<\/div>","protected":false},"excerpt":{"rendered":"<p>Learn More Serving Greater Milwaukee Since 1982 APS Medical first opened its doors in 1982 with a simple goal in mind: Help individuals to make informed decisions about unplanned or unwanted pregnancies and to provide support after those decisions are made. Since we opened we have been fortunate enough to help thousands of people in a wide variety of situations and circumstances. Our commitment to our clients extends to several areas: We serve anyone who comes through our doors looking for help, regardless of age, race, income, nationality, religious affiliation, disability, or any other arbitrary distinction. Each and every client is treated with respect, kindness, and compassion, and any question asked of our staff is given a thoughtful, honest, and open answer. Our clients\u2019 well-being is of the utmost importance, and we take their thoughts and feelings into consideration at all times.\u00a0We understand that confidentiality is crucial to clients, and that information is held in strict and absolute confidence. Disclosure of client information is only appropriate when required by law or when necessary to protect the well-being of the client or others.\u00a0 While APS does not offer, recommend or refer for abortions, we do provide accurate information about abortion procedures and risks for our clients\u2019 consideration. Perhaps most importantly, the entirety of our staff and volunteers always receive proper training to uphold the high standards we hold for ourselves. We are committed to providing the truthful, honest services presented in our advertising and communications. Learn More Today!<\/p>","protected":false},"author":6,"featured_media":0,"parent":0,"menu_order":0,"comment_status":"closed","ping_status":"closed","template":"elementor_header_footer","meta":{"_seopress_robots_primary_cat":"","_seopress_titles_title":"","_seopress_titles_desc":"","_seopress_robots_index":"","footnotes":""},"class_list":["post-23","page","type-page","status-publish","hentry"],"featured_image_src":null,"featured_image_src_square":null,"_links":{"self":[{"href":"https:\/\/www.apsmke.com\/es\/wp-json\/wp\/v2\/pages\/23","targetHints":{"allow":["GET"]}}],"collection":[{"href":"https:\/\/www.apsmke.com\/es\/wp-json\/wp\/v2\/pages"}],"about":[{"href":"https:\/\/www.apsmke.com\/es\/wp-json\/wp\/v2\/types\/page"}],"author":[{"embeddable":true,"href":"https:\/\/www.apsmke.com\/es\/wp-json\/wp\/v2\/users\/6"}],"replies":[{"embeddable":true,"href":"https:\/\/www.apsmke.com\/es\/wp-json\/wp\/v2\/comments?post=23"}],"version-history":[{"count":10,"href":"https:\/\/www.apsmke.com\/es\/wp-json\/wp\/v2\/pages\/23\/revisions"}],"predecessor-version":[{"id":2244,"href":"https:\/\/www.apsmke.com\/es\/wp-json\/wp\/v2\/pages\/23\/revisions\/2244"}],"wp:attachment":[{"href":"https:\/\/www.apsmke.com\/es\/wp-json\/wp\/v2\/media?parent=23"}],"curies":[{"name":"la hora de","href":"https:\/\/api.w.org\/{rel}","templated":true}]}}