{"id":240,"date":"2024-11-19T04:35:55","date_gmt":"2024-11-19T04:35:55","guid":{"rendered":"https:\/\/www.apsmke.com\/?page_id=240"},"modified":"2024-11-19T04:53:11","modified_gmt":"2024-11-19T04:53:11","slug":"diagnostico-fetal-desfavorable","status":"publish","type":"page","link":"https:\/\/www.apsmke.com\/es\/adverse-fetal-diagnosis\/","title":{"rendered":"Diagn\u00f3stico fetal desfavorable"},"content":{"rendered":"<div data-elementor-type=\"wp-page\" data-elementor-id=\"240\" class=\"elementor elementor-240\" data-elementor-post-type=\"page\">\n\t\t\t\t<div class=\"elementor-element elementor-element-23d48992 e-flex e-con-boxed e-con e-parent\" data-id=\"23d48992\" data-element_type=\"container\" data-e-type=\"container\" data-settings=\"{&quot;background_background&quot;:&quot;gradient&quot;}\">\n\t\t\t\t\t<div class=\"e-con-inner\">\n\t\t<div class=\"elementor-element elementor-element-675b2794 e-con-full e-flex e-con e-child\" data-id=\"675b2794\" data-element_type=\"container\" data-e-type=\"container\" data-settings=\"{&quot;background_background&quot;:&quot;classic&quot;}\">\n\t\t\t\t<\/div>\n\t\t\t\t\t<\/div>\n\t\t\t\t<\/div>\n\t\t<div class=\"elementor-element elementor-element-34a21e9b e-flex e-con-boxed e-con e-parent\" data-id=\"34a21e9b\" data-element_type=\"container\" data-e-type=\"container\">\n\t\t\t\t\t<div class=\"e-con-inner\">\n\t\t<div class=\"elementor-element elementor-element-278b697a e-con-full e-flex e-con e-child\" data-id=\"278b697a\" data-element_type=\"container\" data-e-type=\"container\" data-settings=\"{&quot;background_background&quot;:&quot;classic&quot;}\">\n\t\t\t\t<div class=\"elementor-element elementor-element-712118ea common-cont elementor-invisible elementor-widget elementor-widget-text-editor\" data-id=\"712118ea\" data-element_type=\"widget\" data-e-type=\"widget\" data-settings=\"{&quot;_animation&quot;:&quot;fadeInUp&quot;}\" data-widget_type=\"text-editor.default\">\n\t\t\t\t<div class=\"elementor-widget-container\">\n\t\t\t\t\t\t\t\t\t<p><strong>Fuiste a una consulta prenatal de rutina que acab\u00f3 siendo todo menos rutinaria.<\/strong><\/p><p>Las palabras del m\u00e9dico fueron impactantes y totalmente inesperadas. Quiz\u00e1s a tu beb\u00e9 le hayan diagnosticado una afecci\u00f3n m\u00e9dica grave; quiz\u00e1s te hayan dicho que tu hijo padece una enfermedad mortal o una afecci\u00f3n \u201cincompatible con la vida\u201d. Es posible que te sientas confundido y abrumado, con la sensaci\u00f3n de que debes tomar una decisi\u00f3n r\u00e1pidamente\u2026<\/p><p><strong>Tienes tiempo. T\u00f3mate tu tiempo para asimilar la informaci\u00f3n y considerar todas tus opciones.<\/strong><\/p><ul><li>Solicite informaci\u00f3n adicional sobre el diagn\u00f3stico.<\/li><li>Busque una segunda opini\u00f3n m\u00e9dica.<\/li><li>Inf\u00f3rmate sobre los servicios de apoyo.<\/li><\/ul><p>Es posible que le recomienden interrumpir el embarazo. Las investigaciones indican que interrumpir el embarazo debido a un diagn\u00f3stico fetal puede acarrear consecuencias psicol\u00f3gicas a largo plazo y el riesgo de un duelo complicado. Muchas parejas deciden llevar el embarazo a t\u00e9rmino como una forma de atesorar cada momento que tienen antes y despu\u00e9s del nacimiento del beb\u00e9. Los padres consideran esto como un regalo de tiempo: tiempo para reconocer, respetar y celebrar la vida de su beb\u00e9.<\/p>\t\t\t\t\t\t\t\t<\/div>\n\t\t\t\t<\/div>\n\t\t\t\t<\/div>\n\t\t\t\t\t<\/div>\n\t\t\t\t<\/div>\n\t\t<div class=\"elementor-element elementor-element-7edcb61 e-flex e-con-boxed e-con e-parent\" data-id=\"7edcb61\" data-element_type=\"container\" data-e-type=\"container\">\n\t\t\t\t\t<div class=\"e-con-inner\">\n\t\t<div class=\"elementor-element elementor-element-4845ace8 e-con-full e-flex e-con e-child\" data-id=\"4845ace8\" data-element_type=\"container\" data-e-type=\"container\" data-settings=\"{&quot;background_background&quot;:&quot;classic&quot;}\">\n\t\t<div class=\"elementor-element elementor-element-4f87eb4b e-con-full e-flex elementor-invisible e-con e-child\" data-id=\"4f87eb4b\" data-element_type=\"container\" data-e-type=\"container\" data-settings=\"{&quot;animation&quot;:&quot;fadeInUp&quot;}\">\n\t\t<div class=\"elementor-element elementor-element-4d029b4f e-con-full e-flex e-con e-child\" data-id=\"4d029b4f\" data-element_type=\"container\" data-e-type=\"container\">\n\t\t\t\t<div class=\"elementor-element elementor-element-39908d7e common-cont elementor-widget elementor-widget-text-editor\" data-id=\"39908d7e\" data-element_type=\"widget\" data-e-type=\"widget\" data-widget_type=\"text-editor.default\">\n\t\t\t\t<div class=\"elementor-widget-container\">\n\t\t\t\t\t\t\t\t\t<p><b>C\u00f3mo lidiar con el estr\u00e9s:<\/b><\/p><ul><li>Empieza a escribir un diario.<\/li><li>Come con regularidad y de forma equilibrada.<\/li><li>Descansa lo suficiente.<\/li><li>Mantente activo, lee un libro, sal a dar un paseo.<\/li><li>Evita el consumo de alcohol y drogas.<\/li><li>Escucha m\u00fasica relajante.<\/li><li>Encuentra consuelo espiritual rezando, leyendo y hablando con un amigo o un consejero espiritual.<\/li><\/ul><p>APS est\u00e1 aqu\u00ed para ayudarte en estos momentos dif\u00edciles. Podemos ofrecerte recursos pr\u00e1cticos y asistencia. Estamos aqu\u00ed para apoyarte mientras recorres este camino lleno de desaf\u00edos.\u00a0<a href=\"https:\/\/www.apsmke.com\/es\/contactanos\/\">Cont\u00e1ctanos<\/a>\u00a0Para obtener m\u00e1s informaci\u00f3n o concertar una cita. Todos los servicios que ofrece APS son gratuitos y confidenciales.<\/p>\t\t\t\t\t\t\t\t<\/div>\n\t\t\t\t<\/div>\n\t\t\t\t<\/div>\n\t\t\t\t<\/div>\n\t\t<div class=\"elementor-element elementor-element-e6672c6 e-con-full e-flex elementor-invisible e-con e-child\" data-id=\"e6672c6\" data-element_type=\"container\" data-e-type=\"container\" data-settings=\"{&quot;animation&quot;:&quot;fadeInUp&quot;}\">\n\t\t\t\t<div class=\"elementor-element elementor-element-4ff0d76b elementor-widget elementor-widget-image\" data-id=\"4ff0d76b\" data-element_type=\"widget\" data-e-type=\"widget\" data-widget_type=\"image.default\">\n\t\t\t\t<div class=\"elementor-widget-container\">\n\t\t\t\t\t\t\t\t\t\t\t\t\t\t\t<img alt=\"\" fetchpriority=\"high\" decoding=\"async\" width=\"1707\" height=\"2560\" src=\"https:\/\/www.apsmke.com\/wp-content\/uploads\/2024\/11\/WomanByTree-1920w-scaled.jpg\" class=\"attachment-full size-full wp-image-243\" srcset=\"https:\/\/www.apsmke.com\/wp-content\/uploads\/2024\/11\/WomanByTree-1920w-scaled.jpg 1707w, https:\/\/www.apsmke.com\/wp-content\/uploads\/2024\/11\/WomanByTree-1920w-200x300.jpg 200w, https:\/\/www.apsmke.com\/wp-content\/uploads\/2024\/11\/WomanByTree-1920w-683x1024.jpg 683w, https:\/\/www.apsmke.com\/wp-content\/uploads\/2024\/11\/WomanByTree-1920w-768x1152.jpg 768w, https:\/\/www.apsmke.com\/wp-content\/uploads\/2024\/11\/WomanByTree-1920w-1024x1536.jpg 1024w, https:\/\/www.apsmke.com\/wp-content\/uploads\/2024\/11\/WomanByTree-1920w-1365x2048.jpg 1365w\" sizes=\"(max-width: 1707px) 100vw, 1707px\" \/>\t\t\t\t\t\t\t\t\t\t\t\t\t\t\t<\/div>\n\t\t\t\t<\/div>\n\t\t\t\t<\/div>\n\t\t\t\t<\/div>\n\t\t\t\t\t<\/div>\n\t\t\t\t<\/div>\n\t\t<div class=\"elementor-element elementor-element-4ad2e036 e-flex e-con-boxed e-con e-parent\" data-id=\"4ad2e036\" data-element_type=\"container\" data-e-type=\"container\">\n\t\t\t\t\t<div class=\"e-con-inner\">\n\t\t<div class=\"elementor-element elementor-element-1420d7ca e-con-full e-flex elementor-invisible e-con e-child\" data-id=\"1420d7ca\" data-element_type=\"container\" data-e-type=\"container\" data-settings=\"{&quot;background_background&quot;:&quot;classic&quot;,&quot;animation&quot;:&quot;fadeInUp&quot;}\">\n\t\t\t\t<div class=\"elementor-element elementor-element-4c0810f5 elementor-align-center elementor-widget elementor-widget-button\" data-id=\"4c0810f5\" data-element_type=\"widget\" data-e-type=\"widget\" data-widget_type=\"button.default\">\n\t\t\t\t<div class=\"elementor-widget-container\">\n\t\t\t\t\t\t\t\t\t<div class=\"elementor-button-wrapper\">\n\t\t\t\t\t<a class=\"elementor-button elementor-button-link elementor-size-sm\" href=\"https:\/\/www.apsmke.com\/es\/contactanos\/\">\n\t\t\t\t\t\t<span class=\"elementor-button-content-wrapper\">\n\t\t\t\t\t\t\t\t\t<span class=\"elementor-button-text\">Concierte una cita confidencial <\/span>\n\t\t\t\t\t<\/span>\n\t\t\t\t\t<\/a>\n\t\t\t\t<\/div>\n\t\t\t\t\t\t\t\t<\/div>\n\t\t\t\t<\/div>\n\t\t\t\t<\/div>\n\t\t\t\t\t<\/div>\n\t\t\t\t<\/div>\n\t\t\t\t<\/div>","protected":false},"excerpt":{"rendered":"<p>You were there for a routine prenatal visit that turned into anything but routine. The doctor\u2019s words were shocking and completely unexpected. Perhaps your baby has been diagnosed with a serious medical condition; perhaps you were told your child has a fatal disease or a condition \u201cincompatible with life.\u201d\u00a0\u00a0You may feel confused and overwhelmed, with a sense of urgency to make a decision quickly\u2026 You have time. Take time to process the information and consider all of your options. Request additional information about the diagnosis. Seek a second medical opinion. Learn about supportive services. You may be advised to terminate your pregnancy. Research shows that ending pregnancy because of a fetal diagnosis can carry long-term psychological consequences and risk for complicated grieving. Many couples choose to carry their baby to term as a way to cherish whatever moments they have before and after the baby\u2019s birth. Parents think of this as a gift of time\u2014time to recognize, respect, and celebrate their baby\u2019s life. Coping with stress: Begin a journal. Eat regularly and nutritiously. Get plenty of rest. Stay active, read a book, go for a walk. Avoid using alcohol and drugs. Listen to calming music. Find spiritual comfort by praying, reading, and speaking with a friend or spiritual adviser. APS is here to help you during this difficult time. We can offer you practical resources and assistance. We are here to support you as you navigate this challenging road.\u00a0Contact us\u00a0for more information or to schedule an appointment. All services provided by APS are free and confidential. Schedule Your Confidential Appointment<\/p>","protected":false},"author":6,"featured_media":0,"parent":0,"menu_order":0,"comment_status":"closed","ping_status":"closed","template":"elementor_header_footer","meta":{"_seopress_robots_primary_cat":"","_seopress_titles_title":"","_seopress_titles_desc":"","_seopress_robots_index":"","footnotes":""},"class_list":["post-240","page","type-page","status-publish","hentry"],"featured_image_src":null,"featured_image_src_square":null,"_links":{"self":[{"href":"https:\/\/www.apsmke.com\/es\/wp-json\/wp\/v2\/pages\/240","targetHints":{"allow":["GET"]}}],"collection":[{"href":"https:\/\/www.apsmke.com\/es\/wp-json\/wp\/v2\/pages"}],"about":[{"href":"https:\/\/www.apsmke.com\/es\/wp-json\/wp\/v2\/types\/page"}],"author":[{"embeddable":true,"href":"https:\/\/www.apsmke.com\/es\/wp-json\/wp\/v2\/users\/6"}],"replies":[{"embeddable":true,"href":"https:\/\/www.apsmke.com\/es\/wp-json\/wp\/v2\/comments?post=240"}],"version-history":[{"count":0,"href":"https:\/\/www.apsmke.com\/es\/wp-json\/wp\/v2\/pages\/240\/revisions"}],"wp:attachment":[{"href":"https:\/\/www.apsmke.com\/es\/wp-json\/wp\/v2\/media?parent=240"}],"curies":[{"name":"la hora de","href":"https:\/\/api.w.org\/{rel}","templated":true}]}}