{"id":247,"date":"2024-11-19T04:47:40","date_gmt":"2024-11-19T04:47:40","guid":{"rendered":"https:\/\/www.apsmke.com\/?page_id=247"},"modified":"2024-11-19T04:50:56","modified_gmt":"2024-11-19T04:50:56","slug":"consentimiento-para-consulta-telefonica","status":"publish","type":"page","link":"https:\/\/www.apsmke.com\/es\/phone-consultation-consent\/","title":{"rendered":"Consentimiento para Consulta Telef\u00f3nica"},"content":{"rendered":"<div data-elementor-type=\"wp-page\" data-elementor-id=\"247\" class=\"elementor elementor-247\" data-elementor-post-type=\"page\">\n\t\t\t\t<div class=\"elementor-element elementor-element-6b79bcc e-flex e-con-boxed e-con e-parent\" data-id=\"6b79bcc\" data-element_type=\"container\" data-e-type=\"container\" data-settings=\"{&quot;background_background&quot;:&quot;gradient&quot;}\">\n\t\t\t\t\t<div class=\"e-con-inner\">\n\t\t<div class=\"elementor-element elementor-element-23ddd008 e-con-full e-flex e-con e-child\" data-id=\"23ddd008\" data-element_type=\"container\" data-e-type=\"container\" data-settings=\"{&quot;background_background&quot;:&quot;classic&quot;}\">\n\t\t\t\t<\/div>\n\t\t\t\t\t<\/div>\n\t\t\t\t<\/div>\n\t\t<div class=\"elementor-element elementor-element-1443ac6e e-flex e-con-boxed e-con e-parent\" data-id=\"1443ac6e\" data-element_type=\"container\" data-e-type=\"container\">\n\t\t\t\t\t<div class=\"e-con-inner\">\n\t\t<div class=\"elementor-element elementor-element-4ed7ed34 e-con-full e-flex e-con e-child\" data-id=\"4ed7ed34\" data-element_type=\"container\" data-e-type=\"container\" data-settings=\"{&quot;background_background&quot;:&quot;classic&quot;}\">\n\t\t\t\t<div class=\"elementor-element elementor-element-674798f6 common-cont elementor-invisible elementor-widget elementor-widget-text-editor\" data-id=\"674798f6\" data-element_type=\"widget\" data-e-type=\"widget\" data-settings=\"{&quot;_animation&quot;:&quot;fadeInUp&quot;}\" data-widget_type=\"text-editor.default\">\n\t\t\t\t<div class=\"elementor-widget-container\">\n\t\t\t\t\t\t\t\t\t<p>Solicito participar en consulta(s) telef\u00f3nica(s) con personal m\u00e9dico de APS. Entiendo que las consultas telef\u00f3nicas se brindan como un servicio de conveniencia para m\u00ed. Entiendo adem\u00e1s que el personal del centro har\u00e1 esfuerzos razonables para brindar consulta(s) telef\u00f3nica(s) durante la respuesta a la pandemia de Wisconsin. Tambi\u00e9n entiendo que pueden dejar de brindarme consultas telef\u00f3nicas si no pueden satisfacer mis necesidades de esta manera.<\/p><p>Entiendo que APS Medical solo ofrece consultas telef\u00f3nicas a clientes que residen en el estado de Wisconsin y que soy responsable de notificar al personal del centro si me mudo fuera de Wisconsin.\u00a0<\/p><p>Entiendo que mi consulta ser\u00e1 con personal no m\u00e9dico del centro, incluyendo un defensor del cliente\/paciente y\/o un profesional licenciado. Tambi\u00e9n entiendo que las consultas con personal no licenciado no sustituyen la terapia y\/o la atenci\u00f3n m\u00e9dica ni el consejo de otros profesionales licenciados.\u00a0<\/p><p>Entiendo que el servicio telef\u00f3nico utilizado por APS Medical no cumple con HIPAA. Entiendo adem\u00e1s que ciertos riesgos, incluidas interrupciones y dificultades t\u00e9cnicas, son inherentes a la comunicaci\u00f3n en l\u00ednea\/telef\u00f3nica y no har\u00e9 responsable a APS Medical por ninguna violaci\u00f3n de confidencialidad resultante de la plataforma utilizada para la(s) consulta(s).\u00a0<\/p><p>APS Medical y su personal\/agentes no consienten ninguna grabaci\u00f3n.\u00a0<\/p>\t\t\t\t\t\t\t\t<\/div>\n\t\t\t\t<\/div>\n\t\t\t\t<\/div>\n\t\t\t\t\t<\/div>\n\t\t\t\t<\/div>\n\t\t\t\t<\/div>","protected":false},"excerpt":{"rendered":"<p>I request to participate in phone consultation(s) with APS Medical personnel. I understand that phone consultations are provided as a convenience to me. I further understand that the center personnel will make reasonable efforts to provide phone consultation(s) during Wisconsin\u2019s pandemic response. I also understand that they may discontinue providing phone consultations to me if they are unable to meet my needs this way. I understand that APS Medical only offers phone consultations to clients residing in the state of Wisconsin and that I am responsible to notify center personnel if I move out of Wisconsin.\u00a0 I understand that my consultation will be with nonmedical personnel of the center, including a client\/patient advocate, and\/or with a licensed professional. I also understand that consultations with unlicensed personnel are not a substitute for therapy and\/or healthcare or for the advice of other licensed professionals.\u00a0 I understand that the phone service used by the APS Medical is not HIPAA compliant. I further understand that certain risks, including interruptions and technical difficulties, are inherent in online\/phone communication and will not hold APS Medical liable for any breach of confidentiality resulting from the platform used for the consultation(s).\u00a0 APS Medical and its personnel\/agents do not consent to any recording.\u00a0<\/p>","protected":false},"author":6,"featured_media":0,"parent":0,"menu_order":0,"comment_status":"closed","ping_status":"closed","template":"elementor_header_footer","meta":{"_seopress_robots_primary_cat":"","_seopress_titles_title":"","_seopress_titles_desc":"","_seopress_robots_index":"","footnotes":""},"class_list":["post-247","page","type-page","status-publish","hentry"],"featured_image_src":null,"featured_image_src_square":null,"_links":{"self":[{"href":"https:\/\/www.apsmke.com\/es\/wp-json\/wp\/v2\/pages\/247","targetHints":{"allow":["GET"]}}],"collection":[{"href":"https:\/\/www.apsmke.com\/es\/wp-json\/wp\/v2\/pages"}],"about":[{"href":"https:\/\/www.apsmke.com\/es\/wp-json\/wp\/v2\/types\/page"}],"author":[{"embeddable":true,"href":"https:\/\/www.apsmke.com\/es\/wp-json\/wp\/v2\/users\/6"}],"replies":[{"embeddable":true,"href":"https:\/\/www.apsmke.com\/es\/wp-json\/wp\/v2\/comments?post=247"}],"version-history":[{"count":0,"href":"https:\/\/www.apsmke.com\/es\/wp-json\/wp\/v2\/pages\/247\/revisions"}],"wp:attachment":[{"href":"https:\/\/www.apsmke.com\/es\/wp-json\/wp\/v2\/media?parent=247"}],"curies":[{"name":"la hora de","href":"https:\/\/api.w.org\/{rel}","templated":true}]}}