{"id":278,"date":"2024-12-05T03:14:43","date_gmt":"2024-12-05T03:14:43","guid":{"rendered":"https:\/\/www.apsmke.com\/?page_id=278"},"modified":"2026-02-16T20:58:19","modified_gmt":"2026-02-16T20:58:19","slug":"para-menores","status":"publish","type":"page","link":"https:\/\/www.apsmke.com\/es\/for-minors\/","title":{"rendered":"Para Menores"},"content":{"rendered":"<div data-elementor-type=\"wp-page\" data-elementor-id=\"278\" class=\"elementor elementor-278\" data-elementor-post-type=\"page\">\n\t\t\t\t<div class=\"elementor-element elementor-element-6596c4cf e-flex e-con-boxed e-con e-parent\" data-id=\"6596c4cf\" data-element_type=\"container\" data-e-type=\"container\" data-settings=\"{&quot;background_background&quot;:&quot;gradient&quot;}\">\n\t\t\t\t\t<div class=\"e-con-inner\">\n\t\t<div class=\"elementor-element elementor-element-6297f71b e-con-full e-flex e-con e-child\" data-id=\"6297f71b\" data-element_type=\"container\" data-e-type=\"container\" data-settings=\"{&quot;background_background&quot;:&quot;classic&quot;}\">\n\t\t\t\t<div class=\"elementor-element elementor-element-2ce6e74 elementor-widget elementor-widget-heading\" data-id=\"2ce6e74\" data-element_type=\"widget\" data-e-type=\"widget\" data-widget_type=\"heading.default\">\n\t\t\t\t<div class=\"elementor-widget-container\">\n\t\t\t\t\t<h2 class=\"elementor-heading-title elementor-size-default\">Para Menores<\/h2>\t\t\t\t<\/div>\n\t\t\t\t<\/div>\n\t\t\t\t<\/div>\n\t\t\t\t\t<\/div>\n\t\t\t\t<\/div>\n\t\t<div class=\"elementor-element elementor-element-7c636ca7 e-flex e-con-boxed e-con e-parent\" data-id=\"7c636ca7\" data-element_type=\"container\" data-e-type=\"container\">\n\t\t\t\t\t<div class=\"e-con-inner\">\n\t\t<div class=\"elementor-element elementor-element-8462923 e-con-full e-flex e-con e-child\" data-id=\"8462923\" data-element_type=\"container\" data-e-type=\"container\" data-settings=\"{&quot;background_background&quot;:&quot;classic&quot;}\">\n\t\t<div class=\"elementor-element elementor-element-1d8ac961 e-con-full e-flex e-con e-child\" data-id=\"1d8ac961\" data-element_type=\"container\" data-e-type=\"container\">\n\t\t<div class=\"elementor-element elementor-element-72f80e97 e-con-full e-flex elementor-invisible e-con e-child\" data-id=\"72f80e97\" data-element_type=\"container\" data-e-type=\"container\" data-settings=\"{&quot;animation&quot;:&quot;fadeInUp&quot;}\">\n\t\t\t\t<div class=\"elementor-element elementor-element-4e93a391 common-cont elementor-widget elementor-widget-text-editor\" data-id=\"4e93a391\" data-element_type=\"widget\" data-e-type=\"widget\" data-widget_type=\"text-editor.default\">\n\t\t\t\t<div class=\"elementor-widget-container\">\n\t\t\t\t\t\t\t\t\t<p>\u00bfTienes preguntas o inquietudes sobre tu salud sexual?<\/p><p>Si tienes menos de 18 a\u00f1os <a href=\"https:\/\/www.apsmke.com\/es\/contactanos\/\">Cont\u00e1ctanos<\/a>. Estamos aqu\u00ed para escuchar tus preguntas e inquietudes sobre todas tus necesidades de salud sexual, incluyendo el embarazo, las enfermedades de transmisi\u00f3n sexual, las relaciones saludables y mucho m\u00e1s, y para brindarte informaci\u00f3n precisa.<\/p><p>Brindaremos atenci\u00f3n m\u00e9dica a un menor sin el consentimiento de los padres si:<\/p><ul><li>crees que est\u00e1s embarazada y est\u00e1s solicitando un <a href=\"https:\/\/www.apsmke.com\/es\/embarazo\/\">prueba de embarazo.<\/a><\/li><li>Est\u00e1 solicitando pruebas para ciertas enfermedades de transmisi\u00f3n sexual.<\/li><\/ul><p>Si crees que podr\u00edas estar embarazada, lo mejor es saberlo con seguridad. Tu primer paso es hacerte una prueba de embarazo confidencial. <a href=\"https:\/\/www.apsmke.com\/es\/solicitud-de-cita-medica\/\">cita<\/a>, sin ning\u00fan costo para ti.\u00a0<\/p>\t\t\t\t\t\t\t\t<\/div>\n\t\t\t\t<\/div>\n\t\t\t\t<\/div>\n\t\t\t\t<\/div>\n\t\t<div class=\"elementor-element elementor-element-7e06b7da e-con-full e-flex elementor-invisible e-con e-child\" data-id=\"7e06b7da\" data-element_type=\"container\" data-e-type=\"container\" data-settings=\"{&quot;animation&quot;:&quot;fadeInUp&quot;}\">\n\t\t\t\t<div class=\"elementor-element elementor-element-571fc474 elementor-widget elementor-widget-image\" data-id=\"571fc474\" data-element_type=\"widget\" data-e-type=\"widget\" data-widget_type=\"image.default\">\n\t\t\t\t<div class=\"elementor-widget-container\">\n\t\t\t\t\t\t\t\t\t\t\t\t\t\t\t<img alt=\"\" fetchpriority=\"high\" decoding=\"async\" width=\"1405\" height=\"787\" src=\"https:\/\/www.apsmke.com\/wp-content\/uploads\/2024\/12\/for-minors.png\" class=\"attachment-full size-full wp-image-327\" srcset=\"https:\/\/www.apsmke.com\/wp-content\/uploads\/2024\/12\/for-minors.png 1405w, https:\/\/www.apsmke.com\/wp-content\/uploads\/2024\/12\/for-minors-300x168.png 300w, https:\/\/www.apsmke.com\/wp-content\/uploads\/2024\/12\/for-minors-1024x574.png 1024w, https:\/\/www.apsmke.com\/wp-content\/uploads\/2024\/12\/for-minors-768x430.png 768w\" sizes=\"(max-width: 1405px) 100vw, 1405px\" \/>\t\t\t\t\t\t\t\t\t\t\t\t\t\t\t<\/div>\n\t\t\t\t<\/div>\n\t\t\t\t<div class=\"elementor-element elementor-element-3c4f97d3 common-cont elementor-widget elementor-widget-text-editor\" data-id=\"3c4f97d3\" data-element_type=\"widget\" data-e-type=\"widget\" data-widget_type=\"text-editor.default\">\n\t\t\t\t<div class=\"elementor-widget-container\">\n\t\t\t\t\t\t\t\t\t<p><strong>Servicios confidenciales disponibles sin costo alguno y sin el consentimiento de los padres.<\/strong><\/p><p>Si decide contarle a un padre, un adulto de confianza, un amigo o pareja antes de su cita, puede invitarlos a acompa\u00f1arle. Tambi\u00e9n les daremos la bienvenida.<\/p>\t\t\t\t\t\t\t\t<\/div>\n\t\t\t\t<\/div>\n\t\t\t\t<\/div>\n\t\t\t\t<\/div>\n\t\t\t\t\t<\/div>\n\t\t\t\t<\/div>\n\t\t<div class=\"elementor-element elementor-element-4bb97a6e e-flex e-con-boxed e-con e-parent\" data-id=\"4bb97a6e\" data-element_type=\"container\" data-e-type=\"container\">\n\t\t\t\t\t<div class=\"e-con-inner\">\n\t\t<div class=\"elementor-element elementor-element-4b5c9cbb e-con-full e-flex e-con e-child\" data-id=\"4b5c9cbb\" data-element_type=\"container\" data-e-type=\"container\" data-settings=\"{&quot;background_background&quot;:&quot;classic&quot;}\">\n\t\t\t\t<div class=\"elementor-element elementor-element-7df5d991 elementor-align-center elementor-invisible elementor-widget elementor-widget-button\" data-id=\"7df5d991\" data-element_type=\"widget\" data-e-type=\"widget\" data-settings=\"{&quot;_animation&quot;:&quot;fadeInUp&quot;}\" data-widget_type=\"button.default\">\n\t\t\t\t<div class=\"elementor-widget-container\">\n\t\t\t\t\t\t\t\t\t<div class=\"elementor-button-wrapper\">\n\t\t\t\t\t<a class=\"elementor-button elementor-button-link elementor-size-sm\" href=\"https:\/\/www.apsmke.com\/es\/solicitud-de-cita-medica\/\">\n\t\t\t\t\t\t<span class=\"elementor-button-content-wrapper\">\n\t\t\t\t\t\t\t\t\t<span class=\"elementor-button-text\">Concierte una cita confidencial <\/span>\n\t\t\t\t\t<\/span>\n\t\t\t\t\t<\/a>\n\t\t\t\t<\/div>\n\t\t\t\t\t\t\t\t<\/div>\n\t\t\t\t<\/div>\n\t\t\t\t<\/div>\n\t\t\t\t\t<\/div>\n\t\t\t\t<\/div>\n\t\t\t\t<\/div>","protected":false},"excerpt":{"rendered":"<p>Para Menores de Edad\n\n\u00bfTienes preguntas o inquietudes sobre tu salud sexual? Si tienes menos de 18 a\u00f1os, cont\u00e1ctanos. Estamos aqu\u00ed para escuchar tus preguntas e inquietudes sobre todas tus necesidades de cuidado de la salud sexual, incluyendo embarazo, ETS, relaciones saludables y m\u00e1s, y brindarte informaci\u00f3n precisa. Brindaremos atenci\u00f3n m\u00e9dica a un menor de edad sin el consentimiento de los padres si: Crees que est\u00e1s embarazada y solicitas una prueba de embarazo. Solicitas pruebas para ciertas enfermedades de transmisi\u00f3n sexual. Si crees que puedes estar embarazada, lo mejor es saberlo con certeza. Tu primer paso es programar una cita confidencial para una prueba de embarazo, sin costo alguno para ti. Servicios confidenciales disponibles sin costo alguno para ti sin el consentimiento de un padre. Si decides cont\u00e1rselo a un padre, un adulto de confianza, un amigo o tu pareja antes de tu cita, puedes invitarlos a que te acompa\u00f1en. Tambi\u00e9n les daremos la bienvenida.\n\nAgenda tu Cita Confidencial<\/p>","protected":false},"author":3,"featured_media":0,"parent":0,"menu_order":0,"comment_status":"closed","ping_status":"closed","template":"elementor_header_footer","meta":{"_seopress_robots_primary_cat":"","_seopress_titles_title":"","_seopress_titles_desc":"","_seopress_robots_index":"","footnotes":""},"class_list":["post-278","page","type-page","status-publish","hentry"],"featured_image_src":null,"featured_image_src_square":null,"_links":{"self":[{"href":"https:\/\/www.apsmke.com\/es\/wp-json\/wp\/v2\/pages\/278","targetHints":{"allow":["GET"]}}],"collection":[{"href":"https:\/\/www.apsmke.com\/es\/wp-json\/wp\/v2\/pages"}],"about":[{"href":"https:\/\/www.apsmke.com\/es\/wp-json\/wp\/v2\/types\/page"}],"author":[{"embeddable":true,"href":"https:\/\/www.apsmke.com\/es\/wp-json\/wp\/v2\/users\/3"}],"replies":[{"embeddable":true,"href":"https:\/\/www.apsmke.com\/es\/wp-json\/wp\/v2\/comments?post=278"}],"version-history":[{"count":9,"href":"https:\/\/www.apsmke.com\/es\/wp-json\/wp\/v2\/pages\/278\/revisions"}],"predecessor-version":[{"id":2176,"href":"https:\/\/www.apsmke.com\/es\/wp-json\/wp\/v2\/pages\/278\/revisions\/2176"}],"wp:attachment":[{"href":"https:\/\/www.apsmke.com\/es\/wp-json\/wp\/v2\/media?parent=278"}],"curies":[{"name":"la hora de","href":"https:\/\/api.w.org\/{rel}","templated":true}]}}