{"id":32,"date":"2024-11-15T07:25:12","date_gmt":"2024-11-15T07:25:12","guid":{"rendered":"https:\/\/www.apsmke.com\/?page_id=32"},"modified":"2026-02-16T20:45:54","modified_gmt":"2026-02-16T20:45:54","slug":"embarazo","status":"publish","type":"page","link":"https:\/\/www.apsmke.com\/es\/pregnancy\/","title":{"rendered":"Embarazo"},"content":{"rendered":"<div data-elementor-type=\"wp-page\" data-elementor-id=\"32\" class=\"elementor elementor-32\" data-elementor-post-type=\"page\">\n\t\t\t\t<div class=\"elementor-element elementor-element-7fed7a3 e-flex e-con-boxed e-con e-parent\" data-id=\"7fed7a3\" data-element_type=\"container\" data-e-type=\"container\" data-settings=\"{&quot;background_background&quot;:&quot;gradient&quot;}\">\n\t\t\t\t\t<div class=\"e-con-inner\">\n\t\t<div class=\"elementor-element elementor-element-6924262 e-con-full e-flex e-con e-child\" data-id=\"6924262\" data-element_type=\"container\" data-e-type=\"container\" data-settings=\"{&quot;background_background&quot;:&quot;classic&quot;}\">\n\t\t\t\t<div class=\"elementor-element elementor-element-f1a614f elementor-widget elementor-widget-heading\" data-id=\"f1a614f\" data-element_type=\"widget\" data-e-type=\"widget\" data-widget_type=\"heading.default\">\n\t\t\t\t<div class=\"elementor-widget-container\">\n\t\t\t\t\t<h2 class=\"elementor-heading-title elementor-size-default\">Embarazo<\/h2>\t\t\t\t<\/div>\n\t\t\t\t<\/div>\n\t\t\t\t<\/div>\n\t\t\t\t\t<\/div>\n\t\t\t\t<\/div>\n\t\t<div class=\"elementor-element elementor-element-36d078d0 e-flex e-con-boxed e-con e-parent\" data-id=\"36d078d0\" data-element_type=\"container\" data-e-type=\"container\">\n\t\t\t\t\t<div class=\"e-con-inner\">\n\t\t<div class=\"elementor-element elementor-element-2d379d6b e-con-full e-flex e-con e-child\" data-id=\"2d379d6b\" data-element_type=\"container\" data-e-type=\"container\" data-settings=\"{&quot;background_background&quot;:&quot;classic&quot;}\">\n\t\t<div class=\"elementor-element elementor-element-6b41289e e-con-full e-flex e-con e-child\" data-id=\"6b41289e\" data-element_type=\"container\" data-e-type=\"container\">\n\t\t<div class=\"elementor-element elementor-element-6d68ea20 e-con-full e-flex elementor-invisible e-con e-child\" data-id=\"6d68ea20\" data-element_type=\"container\" data-e-type=\"container\" data-settings=\"{&quot;animation&quot;:&quot;fadeInUp&quot;}\">\n\t\t\t\t<div class=\"elementor-element elementor-element-ec6f9c8 elementor-widget elementor-widget-heading\" data-id=\"ec6f9c8\" data-element_type=\"widget\" data-e-type=\"widget\" data-widget_type=\"heading.default\">\n\t\t\t\t<div class=\"elementor-widget-container\">\n\t\t\t\t\t<h3 class=\"elementor-heading-title elementor-size-default\">Embarazo: lo que hay que saber<\/h3>\t\t\t\t<\/div>\n\t\t\t\t<\/div>\n\t\t\t\t<div class=\"elementor-element elementor-element-5f2ece1a common-cont elementor-widget elementor-widget-text-editor\" data-id=\"5f2ece1a\" data-element_type=\"widget\" data-e-type=\"widget\" data-widget_type=\"text-editor.default\">\n\t\t\t\t<div class=\"elementor-widget-container\">\n\t\t\t\t\t\t\t\t\t<p>Si crees que podr\u00edas estar embarazada, por favor <a href=\"https:\/\/www.apsmke.com\/es\/solicitud-de-cita-medica\/\">concertar una cita<\/a> en nuestra cl\u00ednica de embarazo de West Allis, Wisconsin, para hacerte una prueba de embarazo gratuita y confidencial.<\/p><p>Estamos aqu\u00ed para ayudarte a resolver tus dudas y atender tus inquietudes.<\/p><p>Los s\u00edntomas del embarazo temprano pueden incluir:<\/p><ul><li>Ausencia de la menstruaci\u00f3n<\/li><li>Sensibilidad en los senos<\/li><li>N\u00e1useas y\/o v\u00f3mitos<\/li><li>Sangrado leve o manchado<\/li><li>Cambios en el apetito<\/li><li>Micci\u00f3n frecuente<\/li><li>Fatiga<\/li><li>Cambios de humor<\/li><li>Dolor de cabeza<\/li><\/ul>\t\t\t\t\t\t\t\t<\/div>\n\t\t\t\t<\/div>\n\t\t\t\t<\/div>\n\t\t\t\t<\/div>\n\t\t<div class=\"elementor-element elementor-element-3410f87b e-con-full e-flex elementor-invisible e-con e-child\" data-id=\"3410f87b\" data-element_type=\"container\" data-e-type=\"container\" data-settings=\"{&quot;animation&quot;:&quot;fadeInUp&quot;}\">\n\t\t\t\t<div class=\"elementor-element elementor-element-4f4d4bd6 elementor-widget elementor-widget-image\" data-id=\"4f4d4bd6\" data-element_type=\"widget\" data-e-type=\"widget\" data-widget_type=\"image.default\">\n\t\t\t\t<div class=\"elementor-widget-container\">\n\t\t\t\t\t\t\t\t\t\t\t\t\t\t\t<img alt=\"\" fetchpriority=\"high\" decoding=\"async\" width=\"1024\" height=\"548\" src=\"https:\/\/www.apsmke.com\/wp-content\/uploads\/2024\/11\/6640e6b9-b148-4ce5-ad84-0ceb36fe5786-1920w.jpg\" class=\"attachment-full size-full wp-image-149\" srcset=\"https:\/\/www.apsmke.com\/wp-content\/uploads\/2024\/11\/6640e6b9-b148-4ce5-ad84-0ceb36fe5786-1920w.jpg 1024w, https:\/\/www.apsmke.com\/wp-content\/uploads\/2024\/11\/6640e6b9-b148-4ce5-ad84-0ceb36fe5786-1920w-300x161.jpg 300w, https:\/\/www.apsmke.com\/wp-content\/uploads\/2024\/11\/6640e6b9-b148-4ce5-ad84-0ceb36fe5786-1920w-768x411.jpg 768w\" sizes=\"(max-width: 1024px) 100vw, 1024px\" \/>\t\t\t\t\t\t\t\t\t\t\t\t\t\t\t<\/div>\n\t\t\t\t<\/div>\n\t\t\t\t<div class=\"elementor-element elementor-element-24f6592 common-cont elementor-widget elementor-widget-text-editor\" data-id=\"24f6592\" data-element_type=\"widget\" data-e-type=\"widget\" data-widget_type=\"text-editor.default\">\n\t\t\t\t<div class=\"elementor-widget-container\">\n\t\t\t\t\t\t\t\t\t<p>Cada embarazo es \u00fanico, y es posible que no se presenten todos los s\u00edntomas. Le recomendamos que acuda a nuestra consulta para hacerse una prueba de embarazo si sospecha que est\u00e1 embarazada. <strong>Nuestros servicios son gratuitos y confidenciales, y podemos ayudarte a conocer tus opciones.<\/strong><\/p><p>Si has tenido relaciones sexuales sin protecci\u00f3n, podr\u00edas correr el riesgo de contraer una ETS. Una enfermedad de transmisi\u00f3n sexual puede causarte graves da\u00f1os a ti y a tu embarazo si no se trata.<\/p>\t\t\t\t\t\t\t\t<\/div>\n\t\t\t\t<\/div>\n\t\t\t\t<\/div>\n\t\t\t\t<\/div>\n\t\t\t\t\t<\/div>\n\t\t\t\t<\/div>\n\t\t<div class=\"elementor-element elementor-element-7834a666 e-flex e-con-boxed e-con e-parent\" data-id=\"7834a666\" data-element_type=\"container\" data-e-type=\"container\">\n\t\t\t\t\t<div class=\"e-con-inner\">\n\t\t<div class=\"elementor-element elementor-element-706ab793 e-con-full e-flex e-con e-child\" data-id=\"706ab793\" data-element_type=\"container\" data-e-type=\"container\" data-settings=\"{&quot;background_background&quot;:&quot;classic&quot;}\">\n\t\t\t\t<div class=\"elementor-element elementor-element-b68a5f2 elementor-align-center elementor-invisible elementor-widget elementor-widget-button\" data-id=\"b68a5f2\" data-element_type=\"widget\" data-e-type=\"widget\" data-settings=\"{&quot;_animation&quot;:&quot;fadeInUp&quot;}\" data-widget_type=\"button.default\">\n\t\t\t\t<div class=\"elementor-widget-container\">\n\t\t\t\t\t\t\t\t\t<div class=\"elementor-button-wrapper\">\n\t\t\t\t\t<a class=\"elementor-button elementor-button-link elementor-size-sm\" href=\"https:\/\/www.apsmke.com\/es\/solicitud-de-cita-medica\/\">\n\t\t\t\t\t\t<span class=\"elementor-button-content-wrapper\">\n\t\t\t\t\t\t\t\t\t<span class=\"elementor-button-text\">Concierte una cita confidencial <\/span>\n\t\t\t\t\t<\/span>\n\t\t\t\t\t<\/a>\n\t\t\t\t<\/div>\n\t\t\t\t\t\t\t\t<\/div>\n\t\t\t\t<\/div>\n\t\t\t\t<\/div>\n\t\t\t\t\t<\/div>\n\t\t\t\t<\/div>\n\t\t\t\t<\/div>","protected":false},"excerpt":{"rendered":"<p>Pregnancy Pregnancy &#8211; Get The Facts If you think you may be pregnant, please schedule an appointment at our pregnancy clinic in West Allis, WI for a free and confidential pregnancy test. We are here to help answer your questions and address your concerns. Symptoms of early pregnancy may include: Missed period or periods Breast tenderness Nausea and\/or vomiting Slight bleeding or spotting Appetite changes Frequent urination Fatigue Mood swings Headache Each pregnancy is unique, and not all symptoms may be present. We encourage you to visit us for a pregnancy test if you suspect pregnancy. Our services are free and confidential and we can help you understand your options. If you have had unprotected sex, you might be at risk for a STD. A Sexually Transmitted Disease can cause serious harm to you and your pregnancy if left untreated. Schedule Your Confidential Appointment<\/p>","protected":false},"author":6,"featured_media":0,"parent":0,"menu_order":0,"comment_status":"closed","ping_status":"closed","template":"elementor_header_footer","meta":{"_seopress_robots_primary_cat":"","_seopress_titles_title":"","_seopress_titles_desc":"","_seopress_robots_index":"","footnotes":""},"class_list":["post-32","page","type-page","status-publish","hentry"],"featured_image_src":null,"featured_image_src_square":null,"_links":{"self":[{"href":"https:\/\/www.apsmke.com\/es\/wp-json\/wp\/v2\/pages\/32","targetHints":{"allow":["GET"]}}],"collection":[{"href":"https:\/\/www.apsmke.com\/es\/wp-json\/wp\/v2\/pages"}],"about":[{"href":"https:\/\/www.apsmke.com\/es\/wp-json\/wp\/v2\/types\/page"}],"author":[{"embeddable":true,"href":"https:\/\/www.apsmke.com\/es\/wp-json\/wp\/v2\/users\/6"}],"replies":[{"embeddable":true,"href":"https:\/\/www.apsmke.com\/es\/wp-json\/wp\/v2\/comments?post=32"}],"version-history":[{"count":9,"href":"https:\/\/www.apsmke.com\/es\/wp-json\/wp\/v2\/pages\/32\/revisions"}],"predecessor-version":[{"id":2152,"href":"https:\/\/www.apsmke.com\/es\/wp-json\/wp\/v2\/pages\/32\/revisions\/2152"}],"wp:attachment":[{"href":"https:\/\/www.apsmke.com\/es\/wp-json\/wp\/v2\/media?parent=32"}],"curies":[{"name":"la hora de","href":"https:\/\/api.w.org\/{rel}","templated":true}]}}