{"id":33,"date":"2024-11-15T07:25:12","date_gmt":"2024-11-15T07:25:12","guid":{"rendered":"https:\/\/www.apsmke.com\/?page_id=33"},"modified":"2026-02-24T17:37:50","modified_gmt":"2026-02-24T17:37:50","slug":"ecografia","status":"publish","type":"page","link":"https:\/\/www.apsmke.com\/es\/ultrasound\/","title":{"rendered":"Ultrasonido"},"content":{"rendered":"<div data-elementor-type=\"wp-page\" data-elementor-id=\"33\" class=\"elementor elementor-33\" data-elementor-post-type=\"page\">\n\t\t\t\t<div class=\"elementor-element elementor-element-108ee3a1 e-flex e-con-boxed e-con e-parent\" data-id=\"108ee3a1\" data-element_type=\"container\" data-e-type=\"container\" data-settings=\"{&quot;background_background&quot;:&quot;gradient&quot;}\">\n\t\t\t\t\t<div class=\"e-con-inner\">\n\t\t<div class=\"elementor-element elementor-element-56e7ece9 e-con-full e-flex e-con e-child\" data-id=\"56e7ece9\" data-element_type=\"container\" data-e-type=\"container\" data-settings=\"{&quot;background_background&quot;:&quot;classic&quot;}\">\n\t\t\t\t<div class=\"elementor-element elementor-element-7e2232f elementor-widget elementor-widget-heading\" data-id=\"7e2232f\" data-element_type=\"widget\" data-e-type=\"widget\" data-widget_type=\"heading.default\">\n\t\t\t\t<div class=\"elementor-widget-container\">\n\t\t\t\t\t<h2 class=\"elementor-heading-title elementor-size-default\">Ultrasonido<\/h2>\t\t\t\t<\/div>\n\t\t\t\t<\/div>\n\t\t\t\t<\/div>\n\t\t\t\t\t<\/div>\n\t\t\t\t<\/div>\n\t\t<div class=\"elementor-element elementor-element-7685c8ac e-flex e-con-boxed e-con e-parent\" data-id=\"7685c8ac\" data-element_type=\"container\" data-e-type=\"container\">\n\t\t\t\t\t<div class=\"e-con-inner\">\n\t\t<div class=\"elementor-element elementor-element-30dcf986 e-con-full e-flex e-con e-child\" data-id=\"30dcf986\" data-element_type=\"container\" data-e-type=\"container\" data-settings=\"{&quot;background_background&quot;:&quot;classic&quot;}\">\n\t\t<div class=\"elementor-element elementor-element-1d6138bc e-con-full e-flex e-con e-child\" data-id=\"1d6138bc\" data-element_type=\"container\" data-e-type=\"container\">\n\t\t<div class=\"elementor-element elementor-element-49340173 e-con-full e-flex elementor-invisible e-con e-child\" data-id=\"49340173\" data-element_type=\"container\" data-e-type=\"container\" data-settings=\"{&quot;animation&quot;:&quot;fadeInUp&quot;}\">\n\t\t\t\t<div class=\"elementor-element elementor-element-5331900 elementor-widget elementor-widget-heading\" data-id=\"5331900\" data-element_type=\"widget\" data-e-type=\"widget\" data-widget_type=\"heading.default\">\n\t\t\t\t<div class=\"elementor-widget-container\">\n\t\t\t\t\t<h3 class=\"elementor-heading-title elementor-size-default\">La ecograf\u00eda m\u00e9dica de APS determina:<\/h3>\t\t\t\t<\/div>\n\t\t\t\t<\/div>\n\t\t\t\t<div class=\"elementor-element elementor-element-2bd430cd common-cont elementor-widget elementor-widget-text-editor\" data-id=\"2bd430cd\" data-element_type=\"widget\" data-e-type=\"widget\" data-widget_type=\"text-editor.default\">\n\t\t\t\t<div class=\"elementor-widget-container\">\n\t\t\t\t\t\t\t\t\t<ul><li>Edad gestacional<\/li><li>Actividad card\u00edaca<\/li><li>Viabilidad<\/li><li>Fecha prevista del parto<\/li><\/ul><p><a href=\"https:\/\/www.mayoclinic.org\/diseases-conditions\/pregnancy-loss-miscarriage\/symptoms-causes\/syc-20354298\">Entre el 10 % y el 20 % de los embarazos confirmados terminan de forma natural en un aborto espont\u00e1neo<\/a>. Una ecograf\u00eda puede determinar si tu prueba positiva indica un embarazo en curso y qu\u00e9 opciones tienes a tu disposici\u00f3n.<\/p>\t\t\t\t\t\t\t\t<\/div>\n\t\t\t\t<\/div>\n\t\t\t\t<\/div>\n\t\t\t\t<\/div>\n\t\t<div class=\"elementor-element elementor-element-4edfa4b e-con-full e-flex elementor-invisible e-con e-child\" data-id=\"4edfa4b\" data-element_type=\"container\" data-e-type=\"container\" data-settings=\"{&quot;animation&quot;:&quot;fadeInUp&quot;}\">\n\t\t\t\t<div class=\"elementor-element elementor-element-4336dbff elementor-widget elementor-widget-image\" data-id=\"4336dbff\" data-element_type=\"widget\" data-e-type=\"widget\" data-widget_type=\"image.default\">\n\t\t\t\t<div class=\"elementor-widget-container\">\n\t\t\t\t\t\t\t\t\t\t\t\t\t\t\t\t<a href=\"https:\/\/www.apsmke.com\/wp-content\/uploads\/2024\/11\/APSultrasound1-698w.jpg\" data-elementor-open-lightbox=\"yes\" data-elementor-lightbox-title=\"APS+ultrasound+1-698w\" data-e-action-hash=\"#elementor-action%3Aaction%3Dlightbox%26settings%3DeyJpZCI6MTMyLCJ1cmwiOiJodHRwczpcL1wvd3d3LmFwc21rZS5jb21cL3dwLWNvbnRlbnRcL3VwbG9hZHNcLzIwMjRcLzExXC9BUFN1bHRyYXNvdW5kMS02OTh3LmpwZyJ9\">\n\t\t\t\t\t\t\t<img alt=\"\" fetchpriority=\"high\" decoding=\"async\" width=\"700\" height=\"565\" src=\"https:\/\/www.apsmke.com\/wp-content\/uploads\/2024\/11\/APSultrasound1-698w.jpg\" class=\"attachment-full size-full wp-image-132\" srcset=\"https:\/\/www.apsmke.com\/wp-content\/uploads\/2024\/11\/APSultrasound1-698w.jpg 700w, https:\/\/www.apsmke.com\/wp-content\/uploads\/2024\/11\/APSultrasound1-698w-300x242.jpg 300w\" sizes=\"(max-width: 700px) 100vw, 700px\" \/>\t\t\t\t\t\t\t\t<\/a>\n\t\t\t\t\t\t\t\t\t\t\t\t\t\t\t<\/div>\n\t\t\t\t<\/div>\n\t\t\t\t<\/div>\n\t\t\t\t<\/div>\n\t\t\t\t\t<\/div>\n\t\t\t\t<\/div>\n\t\t<div class=\"elementor-element elementor-element-3d11c6f e-flex e-con-boxed e-con e-parent\" data-id=\"3d11c6f\" data-element_type=\"container\" data-e-type=\"container\">\n\t\t\t\t\t<div class=\"e-con-inner\">\n\t\t\t\t<div class=\"elementor-element elementor-element-33e2bb1f common-cont elementor-widget elementor-widget-text-editor\" data-id=\"33e2bb1f\" data-element_type=\"widget\" data-e-type=\"widget\" data-widget_type=\"text-editor.default\">\n\t\t\t\t<div class=\"elementor-widget-container\">\n\t\t\t\t\t\t\t\t\t<p><b><span class=\"font-size-18 lh-1\">Tu pr\u00f3ximo paso\u2026<\/span><\/b><\/p><p>Una ecograf\u00eda obst\u00e9trica gratuita, confidencial y de alcance limitado te proporcionar\u00e1 informaci\u00f3n importante, como cu\u00e1ntas semanas de embarazo tienes (edad gestacional) y si se detecta latido card\u00edaco (actividad card\u00edaca). Puedes traer hasta dos acompa\u00f1antes. Si traes a un ni\u00f1o, por favor, trae a alguien que lo supervise durante tu visita.\u00a0<\/p><p>Todas las ecograf\u00edas que se realizan en APS Medical las lleva a cabo un t\u00e9cnico en ecograf\u00eda diagn\u00f3stica certificado o una enfermera titulada con formaci\u00f3n en ecograf\u00eda obst\u00e9trica b\u00e1sica. Adem\u00e1s, todas las ecograf\u00edas son revisadas e interpretadas por un ginec\u00f3logo-obstetra colegiado.<\/p><p>Para obtener m\u00e1s informaci\u00f3n, <a href=\"tel:4144652246\">llamada<\/a>, <a href=\"sms:4144652246\">texto<\/a> o\u00a0<a href=\"https:\/\/www.apsmke.com\/es\/solicitud-de-cita-medica\/\">concertar una cita<\/a>. Todos los servicios que ofrece APS son gratuitos y confidenciales.<\/p>\t\t\t\t\t\t\t\t<\/div>\n\t\t\t\t<\/div>\n\t\t\t\t\t<\/div>\n\t\t\t\t<\/div>\n\t\t<div class=\"elementor-element elementor-element-6cdbf3c1 e-flex e-con-boxed e-con e-parent\" data-id=\"6cdbf3c1\" data-element_type=\"container\" data-e-type=\"container\">\n\t\t\t\t\t<div class=\"e-con-inner\">\n\t\t<div class=\"elementor-element elementor-element-87348a8 e-con-full e-flex e-con e-child\" data-id=\"87348a8\" data-element_type=\"container\" data-e-type=\"container\" data-settings=\"{&quot;background_background&quot;:&quot;classic&quot;}\">\n\t\t\t\t<div class=\"elementor-element elementor-element-28e86889 elementor-align-center elementor-invisible elementor-widget elementor-widget-button\" data-id=\"28e86889\" data-element_type=\"widget\" data-e-type=\"widget\" data-settings=\"{&quot;_animation&quot;:&quot;fadeInUp&quot;}\" data-widget_type=\"button.default\">\n\t\t\t\t<div class=\"elementor-widget-container\">\n\t\t\t\t\t\t\t\t\t<div class=\"elementor-button-wrapper\">\n\t\t\t\t\t<a class=\"elementor-button elementor-button-link elementor-size-sm\" href=\"https:\/\/www.apsmke.com\/es\/solicitud-de-cita-medica\/\">\n\t\t\t\t\t\t<span class=\"elementor-button-content-wrapper\">\n\t\t\t\t\t\t\t\t\t<span class=\"elementor-button-text\">Concierte una cita confidencial <\/span>\n\t\t\t\t\t<\/span>\n\t\t\t\t\t<\/a>\n\t\t\t\t<\/div>\n\t\t\t\t\t\t\t\t<\/div>\n\t\t\t\t<\/div>\n\t\t\t\t<\/div>\n\t\t\t\t\t<\/div>\n\t\t\t\t<\/div>\n\t\t<div class=\"elementor-element elementor-element-0db431e e-flex e-con-boxed e-con e-parent\" data-id=\"0db431e\" data-element_type=\"container\" data-e-type=\"container\">\n\t\t\t\t\t<div class=\"e-con-inner\">\n\t\t\t\t<div class=\"elementor-element elementor-element-34bd00b elementor-widget elementor-widget-text-editor\" data-id=\"34bd00b\" data-element_type=\"widget\" data-e-type=\"widget\" data-widget_type=\"text-editor.default\">\n\t\t\t\t<div class=\"elementor-widget-container\">\n\t\t\t\t\t\t\t\t\t<p><strong><i>Si siente un dolor intenso o tiene sangrado vaginal, o si tiene alguna inquietud m\u00e9dica urgente relacionada con su embarazo, acuda a su m\u00e9dico de cabecera o dir\u00edjase a un centro de urgencias o a la sala de emergencias.<\/i><\/strong><\/p>\t\t\t\t\t\t\t\t<\/div>\n\t\t\t\t<\/div>\n\t\t\t\t\t<\/div>\n\t\t\t\t<\/div>\n\t\t\t\t<\/div>","protected":false},"excerpt":{"rendered":"<p>Ultrasound APS Medical Ultrasound Determines: Gestational age Cardiac activity Viability Projected due date About 10-20% of known pregnancies end naturally in miscarriage.\u00a0 An ultrasound can determine if your positive test means a developing pregnancy and what options are available to you. Your Next Step\u2026 A free and confidential limited obstetric ultrasound will give you important information such as how many weeks pregnant you are (gestational age) and if there is a heartbeat (cardiac activity). You are welcome to bring up to two guests. If you bring a child, please bring a support person to supervise them during your visit.\u00a0 All ultrasound exams at APS Medical are performed by a Registered Diagnostic Medical Sonographer or a Registered Nurse trained in limited obstetric ultrasound. All exams are also read and interpreted by a licensed OB\/GYN. For more information, call, text or\u00a0schedule an appointment. All services provided by APS are free and confidential. Schedule Your Confidential Appointment If you are experiencing severe pain or vaginal bleeding, or have immediate medical concerns about your pregnancy, please seek medical care from your primary prenatal care provider or visit an urgent care\/emergency room.<\/p>","protected":false},"author":6,"featured_media":0,"parent":0,"menu_order":0,"comment_status":"closed","ping_status":"closed","template":"elementor_header_footer","meta":{"_seopress_robots_primary_cat":"","_seopress_titles_title":"","_seopress_titles_desc":"","_seopress_robots_index":"","footnotes":""},"class_list":["post-33","page","type-page","status-publish","hentry"],"featured_image_src":null,"featured_image_src_square":null,"_links":{"self":[{"href":"https:\/\/www.apsmke.com\/es\/wp-json\/wp\/v2\/pages\/33","targetHints":{"allow":["GET"]}}],"collection":[{"href":"https:\/\/www.apsmke.com\/es\/wp-json\/wp\/v2\/pages"}],"about":[{"href":"https:\/\/www.apsmke.com\/es\/wp-json\/wp\/v2\/types\/page"}],"author":[{"embeddable":true,"href":"https:\/\/www.apsmke.com\/es\/wp-json\/wp\/v2\/users\/6"}],"replies":[{"embeddable":true,"href":"https:\/\/www.apsmke.com\/es\/wp-json\/wp\/v2\/comments?post=33"}],"version-history":[{"count":12,"href":"https:\/\/www.apsmke.com\/es\/wp-json\/wp\/v2\/pages\/33\/revisions"}],"predecessor-version":[{"id":2194,"href":"https:\/\/www.apsmke.com\/es\/wp-json\/wp\/v2\/pages\/33\/revisions\/2194"}],"wp:attachment":[{"href":"https:\/\/www.apsmke.com\/es\/wp-json\/wp\/v2\/media?parent=33"}],"curies":[{"name":"la hora de","href":"https:\/\/api.w.org\/{rel}","templated":true}]}}