{"id":36,"date":"2024-11-15T07:25:12","date_gmt":"2024-11-15T07:25:12","guid":{"rendered":"https:\/\/www.apsmke.com\/?page_id=36"},"modified":"2026-02-25T20:08:53","modified_gmt":"2026-02-25T20:08:53","slug":"derivacion-para-adopcion","status":"publish","type":"page","link":"https:\/\/www.apsmke.com\/es\/adoption-referral\/","title":{"rendered":"Referencia de adopci\u00f3n"},"content":{"rendered":"<div data-elementor-type=\"wp-page\" data-elementor-id=\"36\" class=\"elementor elementor-36\" data-elementor-post-type=\"page\">\n\t\t\t\t<div class=\"elementor-element elementor-element-2fad8650 e-flex e-con-boxed e-con e-parent\" data-id=\"2fad8650\" data-element_type=\"container\" data-e-type=\"container\" data-settings=\"{&quot;background_background&quot;:&quot;gradient&quot;}\">\n\t\t\t\t\t<div class=\"e-con-inner\">\n\t\t<div class=\"elementor-element elementor-element-32aeef84 e-con-full e-flex e-con e-child\" data-id=\"32aeef84\" data-element_type=\"container\" data-e-type=\"container\" data-settings=\"{&quot;background_background&quot;:&quot;classic&quot;}\">\n\t\t\t\t<div class=\"elementor-element elementor-element-7f63659 elementor-widget elementor-widget-heading\" data-id=\"7f63659\" data-element_type=\"widget\" data-e-type=\"widget\" data-widget_type=\"heading.default\">\n\t\t\t\t<div class=\"elementor-widget-container\">\n\t\t\t\t\t<h2 class=\"elementor-heading-title elementor-size-default\">Referencia de adopci\u00f3n<\/h2>\t\t\t\t<\/div>\n\t\t\t\t<\/div>\n\t\t\t\t<\/div>\n\t\t\t\t\t<\/div>\n\t\t\t\t<\/div>\n\t\t<div class=\"elementor-element elementor-element-e954892 e-flex e-con-boxed e-con e-parent\" data-id=\"e954892\" data-element_type=\"container\" data-e-type=\"container\">\n\t\t\t\t\t<div class=\"e-con-inner\">\n\t\t\t\t<div class=\"elementor-element elementor-element-397304f elementor-widget elementor-widget-text-editor\" data-id=\"397304f\" data-element_type=\"widget\" data-e-type=\"widget\" data-widget_type=\"text-editor.default\">\n\t\t\t\t<div class=\"elementor-widget-container\">\n\t\t\t\t\t\t\t\t\t<p><strong>\u00bfEst\u00e1s pensando en adoptar?<\/strong><\/p><p>Si tienes dudas sobre la crianza de un hijo y no est\u00e1s considerando el aborto, la adopci\u00f3n puede ser una opci\u00f3n que vale la pena explorar. Es normal tener inquietudes sobre las finanzas, la din\u00e1mica familiar o los planes futuros. Informarte sobre la adopci\u00f3n puede ayudarte a comprender si se ajusta a tu situaci\u00f3n personal y a tus objetivos.<\/p><p><strong>\u00bfQu\u00e9 es la adopci\u00f3n?<\/strong><\/p><p>La adopci\u00f3n es la transferencia legal, por parte de los tribunales, de los derechos y responsabilidades de la crianza de los hijos de los padres biol\u00f3gicos a los padres adoptivos. Dado que se trata de una decisi\u00f3n permanente, es importante que te asegures de comprender el proceso, las leyes de adopci\u00f3n de Wisconsin y tus derechos como madre biol\u00f3gica.<\/p><p><strong>\u00bfPor d\u00f3nde empiezo?<\/strong><\/p><p>Cuando conciertes una cita con APS Medical, te explicaremos paso a paso nuestro proceso y responderemos a cualquier pregunta que puedas tener. Si deseas obtener m\u00e1s informaci\u00f3n sobre la adopci\u00f3n, te proporcionaremos los datos de contacto de agencias de adopci\u00f3n de confianza.<\/p>\t\t\t\t\t\t\t\t<\/div>\n\t\t\t\t<\/div>\n\t\t\t\t\t<\/div>\n\t\t\t\t<\/div>\n\t\t<div class=\"elementor-element elementor-element-df8cf05 e-flex e-con-boxed e-con e-parent\" data-id=\"df8cf05\" data-element_type=\"container\" data-e-type=\"container\">\n\t\t\t\t\t<div class=\"e-con-inner\">\n\t\t\t\t<div class=\"elementor-element elementor-element-d313cfa elementor-widget elementor-widget-heading\" data-id=\"d313cfa\" data-element_type=\"widget\" data-e-type=\"widget\" data-widget_type=\"heading.default\">\n\t\t\t\t<div class=\"elementor-widget-container\">\n\t\t\t\t\t<h2 class=\"elementor-heading-title elementor-size-default\">TIPOS DE ADOPCI\u00d3N<\/h2>\t\t\t\t<\/div>\n\t\t\t\t<\/div>\n\t\t\t\t<div class=\"elementor-element elementor-element-29ca9b3 elementor-widget elementor-widget-text-editor\" data-id=\"29ca9b3\" data-element_type=\"widget\" data-e-type=\"widget\" data-widget_type=\"text-editor.default\">\n\t\t\t\t<div class=\"elementor-widget-container\">\n\t\t\t\t\t\t\t\t\t<p>Hay tres tipos de adopci\u00f3n: abierta, semiabierta y cerrada.<\/p>\t\t\t\t\t\t\t\t<\/div>\n\t\t\t\t<\/div>\n\t\t\t\t\t<\/div>\n\t\t\t\t<\/div>\n\t\t<div class=\"elementor-element elementor-element-538a7a1 e-grid e-con-boxed e-con e-parent\" data-id=\"538a7a1\" data-element_type=\"container\" data-e-type=\"container\">\n\t\t\t\t\t<div class=\"e-con-inner\">\n\t\t\t\t<div class=\"elementor-element elementor-element-1fec10a elementor-flip-box--3d elementor-flip-box--effect-flip elementor-flip-box--direction-up elementor-widget elementor-widget-flip-box\" data-id=\"1fec10a\" data-element_type=\"widget\" data-e-type=\"widget\" data-widget_type=\"flip-box.default\">\n\t\t\t\t<div class=\"elementor-widget-container\">\n\t\t\t\t\t\t\t<div class=\"elementor-flip-box\" tabindex=\"0\">\n\t\t\t<div class=\"elementor-flip-box__layer elementor-flip-box__front\">\n\t\t\t\t<div class=\"elementor-flip-box__layer__overlay\">\n\t\t\t\t\t<div class=\"elementor-flip-box__layer__inner\">\n\t\t\t\t\t\t\t\t\t\t\t\t\t<div class=\"elementor-icon-wrapper elementor-view-default\">\n\t\t\t\t\t\t\t\t<div class=\"elementor-icon\">\n\t\t\t\t\t\t\t\t\t<svg class=\"e-font-icon-svg e-fas-door-open\" viewbox=\"0 0 640 512\" xmlns=\"http:\/\/www.w3.org\/2000\/svg\"><path d=\"M624 448h-80V113.45C544 86.19 522.47 64 496 64H384v64h96v384h144c8.84 0 16-7.16 16-16v-32c0-8.84-7.16-16-16-16zM312.24 1.01l-192 49.74C105.99 54.44 96 67.7 96 82.92V448H16c-8.84 0-16 7.16-16 16v32c0 8.84 7.16 16 16 16h336V33.18c0-21.58-19.56-37.41-39.76-32.17zM264 288c-13.25 0-24-14.33-24-32s10.75-32 24-32 24 14.33 24 32-10.75 32-24 32z\"><\/path><\/svg>\t\t\t\t\t\t\t\t<\/div>\n\t\t\t\t\t\t\t<\/div>\n\t\t\t\t\t\t\n\t\t\t\t\t\t\t\t\t\t\t\t\t<h3 class=\"elementor-flip-box__layer__title\">\n\t\t\t\t\t\t\t\tADOPCI\u00d3N ABIERTA\t\t\t\t\t\t\t<\/h3>\n\t\t\t\t\t\t\n\t\t\t\t\t\t\t\t\t\t\t<\/div>\n\t\t\t\t<\/div>\n\t\t\t<\/div>\n\t\t\t<div class=\"elementor-flip-box__layer elementor-flip-box__back\">\n\t\t\t<div class=\"elementor-flip-box__layer__overlay\">\n\t\t\t\t<div class=\"elementor-flip-box__layer__inner\">\n\t\t\t\t\t\n\t\t\t\t\t\t\t\t\t\t\t<div class=\"elementor-flip-box__layer__description\">\n\t\t\t\t\t\t\tLa adopci\u00f3n abierta te permite mantener un contacto regular con tu hijo y sus padres adoptivos. Tendr\u00e1s la oportunidad de elegir a la familia y mantener una conversaci\u00f3n franca con ellos antes de tomar tu decisi\u00f3n.\t\t\t\t\t\t<\/div>\n\t\t\t\t\t\n\t\t\t\t\t\t\t\t\t\t\t<a class=\"elementor-flip-box__button elementor-button elementor-size-sm\" href=\"https:\/\/www.apsmke.com\/es\/solicitud-de-cita-medica\/\">\n\t\t\t\t\t\t\tM\u00e1s informaci\u00f3n\t\t\t\t\t\t<\/a>\n\t\t\t\t\t\t\t\t<\/div>\n\t\t<\/div>\n\t\t<\/div>\n\t\t<\/div>\n\t\t\t\t\t\t<\/div>\n\t\t\t\t<\/div>\n\t\t\t\t<div class=\"elementor-element elementor-element-944ae99 elementor-flip-box--3d elementor-flip-box--effect-flip elementor-flip-box--direction-up elementor-widget elementor-widget-flip-box\" data-id=\"944ae99\" data-element_type=\"widget\" data-e-type=\"widget\" data-widget_type=\"flip-box.default\">\n\t\t\t\t<div class=\"elementor-widget-container\">\n\t\t\t\t\t\t\t<div class=\"elementor-flip-box\" tabindex=\"0\">\n\t\t\t<div class=\"elementor-flip-box__layer elementor-flip-box__front\">\n\t\t\t\t<div class=\"elementor-flip-box__layer__overlay\">\n\t\t\t\t\t<div class=\"elementor-flip-box__layer__inner\">\n\t\t\t\t\t\t\t\t\t\t\t\t\t<div class=\"elementor-icon-wrapper elementor-view-default\">\n\t\t\t\t\t\t\t\t<div class=\"elementor-icon\">\n\t\t\t\t\t\t\t\t\t<svg class=\"e-font-icon-svg e-far-handshake\" viewbox=\"0 0 640 512\" xmlns=\"http:\/\/www.w3.org\/2000\/svg\"><path d=\"M519.2 127.9l-47.6-47.6A56.252 56.252 0 0 0 432 64H205.2c-14.8 0-29.1 5.9-39.6 16.3L118 127.9H0v255.7h64c17.6 0 31.8-14.2 31.9-31.7h9.1l84.6 76.4c30.9 25.1 73.8 25.7 105.6 3.8 12.5 10.8 26 15.9 41.1 15.9 18.2 0 35.3-7.4 48.8-24 22.1 8.7 48.2 2.6 64-16.8l26.2-32.3c5.6-6.9 9.1-14.8 10.9-23h57.9c.1 17.5 14.4 31.7 31.9 31.7h64V127.9H519.2zM48 351.6c-8.8 0-16-7.2-16-16s7.2-16 16-16 16 7.2 16 16c0 8.9-7.2 16-16 16zm390-6.9l-26.1 32.2c-2.8 3.4-7.8 4-11.3 1.2l-23.9-19.4-30 36.5c-6 7.3-15 4.8-18 2.4l-36.8-31.5-15.6 19.2c-13.9 17.1-39.2 19.7-55.3 6.6l-97.3-88H96V175.8h41.9l61.7-61.6c2-.8 3.7-1.5 5.7-2.3H262l-38.7 35.5c-29.4 26.9-31.1 72.3-4.4 101.3 14.8 16.2 61.2 41.2 101.5 4.4l8.2-7.5 108.2 87.8c3.4 2.8 3.9 7.9 1.2 11.3zm106-40.8h-69.2c-2.3-2.8-4.9-5.4-7.7-7.7l-102.7-83.4 12.5-11.4c6.5-6 7-16.1 1-22.6L367 167.1c-6-6.5-16.1-6.9-22.6-1l-55.2 50.6c-9.5 8.7-25.7 9.4-34.6 0-9.3-9.9-8.5-25.1 1.2-33.9l65.6-60.1c7.4-6.8 17-10.5 27-10.5l83.7-.2c2.1 0 4.1.8 5.5 2.3l61.7 61.6H544v128zm48 47.7c-8.8 0-16-7.2-16-16s7.2-16 16-16 16 7.2 16 16c0 8.9-7.2 16-16 16z\"><\/path><\/svg>\t\t\t\t\t\t\t\t<\/div>\n\t\t\t\t\t\t\t<\/div>\n\t\t\t\t\t\t\n\t\t\t\t\t\t\t\t\t\t\t\t\t<h3 class=\"elementor-flip-box__layer__title\">\n\t\t\t\t\t\t\t\tADOPCI\u00d3N SEMIABIERTA\t\t\t\t\t\t\t<\/h3>\n\t\t\t\t\t\t\n\t\t\t\t\t\t\t\t\t\t\t<\/div>\n\t\t\t\t<\/div>\n\t\t\t<\/div>\n\t\t\t<div class=\"elementor-flip-box__layer elementor-flip-box__back\">\n\t\t\t<div class=\"elementor-flip-box__layer__overlay\">\n\t\t\t\t<div class=\"elementor-flip-box__layer__inner\">\n\t\t\t\t\t\n\t\t\t\t\t\t\t\t\t\t\t<div class=\"elementor-flip-box__layer__description\">\n\t\t\t\t\t\t\tLa adopci\u00f3n semiabierta permite un contacto limitado entre los padres biol\u00f3gicos y los padres adoptivos, que suele gestionarse a trav\u00e9s de un tercero, como una agencia de adopci\u00f3n.\t\t\t\t\t\t<\/div>\n\t\t\t\t\t\n\t\t\t\t\t\t\t\t\t\t\t<a class=\"elementor-flip-box__button elementor-button elementor-size-sm\" href=\"https:\/\/www.apsmke.com\/es\/solicitud-de-cita-medica\/\">\n\t\t\t\t\t\t\tM\u00e1s informaci\u00f3n\t\t\t\t\t\t<\/a>\n\t\t\t\t\t\t\t\t<\/div>\n\t\t<\/div>\n\t\t<\/div>\n\t\t<\/div>\n\t\t\t\t\t\t<\/div>\n\t\t\t\t<\/div>\n\t\t\t\t<div class=\"elementor-element elementor-element-76b967e elementor-flip-box--3d elementor-flip-box--effect-flip elementor-flip-box--direction-up elementor-widget elementor-widget-flip-box\" data-id=\"76b967e\" data-element_type=\"widget\" data-e-type=\"widget\" data-widget_type=\"flip-box.default\">\n\t\t\t\t<div class=\"elementor-widget-container\">\n\t\t\t\t\t\t\t<div class=\"elementor-flip-box\" tabindex=\"0\">\n\t\t\t<div class=\"elementor-flip-box__layer elementor-flip-box__front\">\n\t\t\t\t<div class=\"elementor-flip-box__layer__overlay\">\n\t\t\t\t\t<div class=\"elementor-flip-box__layer__inner\">\n\t\t\t\t\t\t\t\t\t\t\t\t\t<div class=\"elementor-icon-wrapper elementor-view-default\">\n\t\t\t\t\t\t\t\t<div class=\"elementor-icon\">\n\t\t\t\t\t\t\t\t\t<svg class=\"e-font-icon-svg e-fas-door-closed\" viewbox=\"0 0 640 512\" xmlns=\"http:\/\/www.w3.org\/2000\/svg\"><path d=\"M624 448H512V50.8C512 22.78 490.47 0 464 0H175.99c-26.47 0-48 22.78-48 50.8V448H16c-8.84 0-16 7.16-16 16v32c0 8.84 7.16 16 16 16h608c8.84 0 16-7.16 16-16v-32c0-8.84-7.16-16-16-16zM415.99 288c-17.67 0-32-14.33-32-32s14.33-32 32-32 32 14.33 32 32c.01 17.67-14.32 32-32 32z\"><\/path><\/svg>\t\t\t\t\t\t\t\t<\/div>\n\t\t\t\t\t\t\t<\/div>\n\t\t\t\t\t\t\n\t\t\t\t\t\t\t\t\t\t\t\t\t<h3 class=\"elementor-flip-box__layer__title\">\n\t\t\t\t\t\t\t\tADOPCI\u00d3N CERRADA\t\t\t\t\t\t\t<\/h3>\n\t\t\t\t\t\t\n\t\t\t\t\t\t\t\t\t\t\t<\/div>\n\t\t\t\t<\/div>\n\t\t\t<\/div>\n\t\t\t<div class=\"elementor-flip-box__layer elementor-flip-box__back\">\n\t\t\t<div class=\"elementor-flip-box__layer__overlay\">\n\t\t\t\t<div class=\"elementor-flip-box__layer__inner\">\n\t\t\t\t\t\n\t\t\t\t\t\t\t\t\t\t\t<div class=\"elementor-flip-box__layer__description\">\n\t\t\t\t\t\t\tLa adopci\u00f3n cerrada permite un contacto limitado o nulo con los padres adoptivos. Los registros de nacimiento pueden quedar sellados. No tendr\u00e1s contacto con tu hijo.\t\t\t\t\t\t<\/div>\n\t\t\t\t\t\n\t\t\t\t\t\t\t\t\t\t\t<a class=\"elementor-flip-box__button elementor-button elementor-size-sm\" href=\"https:\/\/www.apsmke.com\/es\/solicitud-de-cita-medica\/\">\n\t\t\t\t\t\t\tM\u00e1s informaci\u00f3n\t\t\t\t\t\t<\/a>\n\t\t\t\t\t\t\t\t<\/div>\n\t\t<\/div>\n\t\t<\/div>\n\t\t<\/div>\n\t\t\t\t\t\t<\/div>\n\t\t\t\t<\/div>\n\t\t\t\t\t<\/div>\n\t\t\t\t<\/div>\n\t\t<div class=\"elementor-element elementor-element-450d16b e-flex e-con-boxed e-con e-parent\" data-id=\"450d16b\" data-element_type=\"container\" data-e-type=\"container\">\n\t\t\t\t\t<div class=\"e-con-inner\">\n\t\t\t\t<div class=\"elementor-element elementor-element-bd292d2 elementor-widget elementor-widget-text-editor\" data-id=\"bd292d2\" data-element_type=\"widget\" data-e-type=\"widget\" data-widget_type=\"text-editor.default\">\n\t\t\t\t<div class=\"elementor-widget-container\">\n\t\t\t\t\t\t\t\t\t<p>Estamos aqu\u00ed para responder a tus preguntas, aclarar cualquier duda que puedas tener sobre la adopci\u00f3n y ayudarte a lo largo del proceso.\u00a0<br \/>Programa tu <strong>gratis y confidencial<\/strong> Cita para hablar con un asesor hoy.<\/p>\t\t\t\t\t\t\t\t<\/div>\n\t\t\t\t<\/div>\n\t\t\t\t\t<\/div>\n\t\t\t\t<\/div>\n\t\t<div class=\"elementor-element elementor-element-302ab53a e-flex e-con-boxed e-con e-parent\" data-id=\"302ab53a\" data-element_type=\"container\" data-e-type=\"container\">\n\t\t\t\t\t<div class=\"e-con-inner\">\n\t\t<div class=\"elementor-element elementor-element-78928cb3 e-con-full e-flex e-con e-child\" data-id=\"78928cb3\" data-element_type=\"container\" data-e-type=\"container\" data-settings=\"{&quot;background_background&quot;:&quot;classic&quot;}\">\n\t\t\t\t<div class=\"elementor-element elementor-element-3ab1a66d elementor-align-center elementor-invisible elementor-widget elementor-widget-button\" data-id=\"3ab1a66d\" data-element_type=\"widget\" data-e-type=\"widget\" data-settings=\"{&quot;_animation&quot;:&quot;fadeInUp&quot;}\" data-widget_type=\"button.default\">\n\t\t\t\t<div class=\"elementor-widget-container\">\n\t\t\t\t\t\t\t\t\t<div class=\"elementor-button-wrapper\">\n\t\t\t\t\t<a class=\"elementor-button elementor-button-link elementor-size-sm\" href=\"https:\/\/www.apsmke.com\/es\/solicitud-de-cita-medica\/\">\n\t\t\t\t\t\t<span class=\"elementor-button-content-wrapper\">\n\t\t\t\t\t\t\t\t\t<span class=\"elementor-button-text\">Concierte una cita confidencial <\/span>\n\t\t\t\t\t<\/span>\n\t\t\t\t\t<\/a>\n\t\t\t\t<\/div>\n\t\t\t\t\t\t\t\t<\/div>\n\t\t\t\t<\/div>\n\t\t\t\t<\/div>\n\t\t\t\t\t<\/div>\n\t\t\t\t<\/div>\n\t\t\t\t<\/div>","protected":false},"excerpt":{"rendered":"<p>Referencia de adopci\u00f3n \u00bfEst\u00e1s pensando en dar a tu hijo en adopci\u00f3n? Si no est\u00e1s segura de querer ser madre y no est\u00e1s considerando el aborto, la adopci\u00f3n puede ser una opci\u00f3n que valga la pena explorar. Es normal tener inquietudes sobre las finanzas, la din\u00e1mica familiar o los planes futuros. Informarte sobre la adopci\u00f3n puede ayudarte a comprender si se ajusta a tu situaci\u00f3n personal y a tus objetivos. \u00bfQu\u00e9 es la adopci\u00f3n? La adopci\u00f3n es la transferencia legal, por parte de los tribunales, de los derechos y responsabilidades de la crianza de los hijos de una pareja biol\u00f3gica a una pareja adoptiva. Debido a que es una decisi\u00f3n permanente, debes asegurarte de comprender el proceso, las leyes de adopci\u00f3n de Wisconsin y tus derechos como madre biol\u00f3gica. \u00bfC\u00f3mo empiezo? Cuando programes una cita con APS Medical. Te guiaremos a trav\u00e9s de nuestro proceso y responderemos cualquier pregunta que puedas tener. Si desea obtener m\u00e1s informaci\u00f3n sobre la adopci\u00f3n, le proporcionaremos la informaci\u00f3n de contacto de agencias de adopci\u00f3n de buena reputaci\u00f3n. TIPOS DE ADOPCI\u00d3N Hay tres tipos de adopci\u00f3n: abierta, semiabierta y cerrada. ADOPCI\u00d3N ABIERTA La adopci\u00f3n abierta le permite tener contacto regular con su hijo y sus padres adoptivos. Tendr\u00e1 la oportunidad de elegir a la familia y mantener una conversaci\u00f3n abierta con ellos antes de tomar su decisi\u00f3n. M\u00e1s informaci\u00f3n ADOPCI\u00d3N SEMIABIERTA La adopci\u00f3n semiabierta permite un contacto limitado entre los padres biol\u00f3gicos y los padres adoptivos, que suele realizarse a trav\u00e9s de un tercero, como una agencia de adopci\u00f3n. M\u00e1s informaci\u00f3n ADOPCI\u00d3N CERRADA La adopci\u00f3n cerrada permite un contacto limitado o nulo con los padres adoptivos. Los registros de nacimiento pueden quedar sellados. No tendr\u00e1s contacto con tu hijo. M\u00e1s informaci\u00f3n Estamos aqu\u00ed para responder a tus preguntas, abordar cualquier inquietud que puedas tener sobre la adopci\u00f3n y ayudarte a lo largo del proceso. Programa hoy mismo tu cita gratuita y confidencial para hablar con un asesor. Programa tu cita confidencial<\/p>","protected":false},"author":6,"featured_media":0,"parent":0,"menu_order":0,"comment_status":"closed","ping_status":"closed","template":"elementor_header_footer","meta":{"_seopress_robots_primary_cat":"","_seopress_titles_title":"","_seopress_titles_desc":"","_seopress_robots_index":"","footnotes":""},"class_list":["post-36","page","type-page","status-publish","hentry"],"featured_image_src":null,"featured_image_src_square":null,"_links":{"self":[{"href":"https:\/\/www.apsmke.com\/es\/wp-json\/wp\/v2\/pages\/36","targetHints":{"allow":["GET"]}}],"collection":[{"href":"https:\/\/www.apsmke.com\/es\/wp-json\/wp\/v2\/pages"}],"about":[{"href":"https:\/\/www.apsmke.com\/es\/wp-json\/wp\/v2\/types\/page"}],"author":[{"embeddable":true,"href":"https:\/\/www.apsmke.com\/es\/wp-json\/wp\/v2\/users\/6"}],"replies":[{"embeddable":true,"href":"https:\/\/www.apsmke.com\/es\/wp-json\/wp\/v2\/comments?post=36"}],"version-history":[{"count":24,"href":"https:\/\/www.apsmke.com\/es\/wp-json\/wp\/v2\/pages\/36\/revisions"}],"predecessor-version":[{"id":2270,"href":"https:\/\/www.apsmke.com\/es\/wp-json\/wp\/v2\/pages\/36\/revisions\/2270"}],"wp:attachment":[{"href":"https:\/\/www.apsmke.com\/es\/wp-json\/wp\/v2\/media?parent=36"}],"curies":[{"name":"la hora de","href":"https:\/\/api.w.org\/{rel}","templated":true}]}}