{"id":37,"date":"2024-11-15T07:25:12","date_gmt":"2024-11-15T07:25:12","guid":{"rendered":"https:\/\/www.apsmke.com\/?page_id=37"},"modified":"2026-02-16T20:55:45","modified_gmt":"2026-02-16T20:55:45","slug":"apoyo-post-aborto","status":"publish","type":"page","link":"https:\/\/www.apsmke.com\/es\/after-abortion-support\/","title":{"rendered":"Apoyo Post-aborto"},"content":{"rendered":"<div data-elementor-type=\"wp-page\" data-elementor-id=\"37\" class=\"elementor elementor-37\" data-elementor-post-type=\"page\">\n\t\t\t\t<div class=\"elementor-element elementor-element-62744e71 e-flex e-con-boxed e-con e-parent\" data-id=\"62744e71\" data-element_type=\"container\" data-e-type=\"container\" data-settings=\"{&quot;background_background&quot;:&quot;gradient&quot;}\">\n\t\t\t\t\t<div class=\"e-con-inner\">\n\t\t<div class=\"elementor-element elementor-element-3b22b0cc e-con-full e-flex e-con e-child\" data-id=\"3b22b0cc\" data-element_type=\"container\" data-e-type=\"container\" data-settings=\"{&quot;background_background&quot;:&quot;classic&quot;}\">\n\t\t\t\t<div class=\"elementor-element elementor-element-33b63e2d elementor-invisible elementor-widget elementor-widget-heading\" data-id=\"33b63e2d\" data-element_type=\"widget\" data-e-type=\"widget\" data-settings=\"{&quot;_animation&quot;:&quot;fadeInUp&quot;}\" data-widget_type=\"heading.default\">\n\t\t\t\t<div class=\"elementor-widget-container\">\n\t\t\t\t\t<h1 class=\"elementor-heading-title elementor-size-default\">\nApoyo Post-aborto<\/h1>\t\t\t\t<\/div>\n\t\t\t\t<\/div>\n\t\t\t\t<\/div>\n\t\t\t\t\t<\/div>\n\t\t\t\t<\/div>\n\t\t<div class=\"elementor-element elementor-element-2dd86814 e-flex e-con-boxed e-con e-parent\" data-id=\"2dd86814\" data-element_type=\"container\" data-e-type=\"container\">\n\t\t\t\t\t<div class=\"e-con-inner\">\n\t\t<div class=\"elementor-element elementor-element-628d4abe e-con-full e-flex e-con e-child\" data-id=\"628d4abe\" data-element_type=\"container\" data-e-type=\"container\" data-settings=\"{&quot;background_background&quot;:&quot;classic&quot;}\">\n\t\t<div class=\"elementor-element elementor-element-291d5cd1 e-con-full e-flex e-con e-child\" data-id=\"291d5cd1\" data-element_type=\"container\" data-e-type=\"container\">\n\t\t<div class=\"elementor-element elementor-element-7db99388 e-con-full e-flex elementor-invisible e-con e-child\" data-id=\"7db99388\" data-element_type=\"container\" data-e-type=\"container\" data-settings=\"{&quot;animation&quot;:&quot;fadeInUp&quot;}\">\n\t\t\t\t<div class=\"elementor-element elementor-element-5c0be5c6 elementor-widget elementor-widget-heading\" data-id=\"5c0be5c6\" data-element_type=\"widget\" data-e-type=\"widget\" data-widget_type=\"heading.default\">\n\t\t\t\t<div class=\"elementor-widget-container\">\n\t\t\t\t\t<h3 class=\"elementor-heading-title elementor-size-default\">Post-aborto<\/h3>\t\t\t\t<\/div>\n\t\t\t\t<\/div>\n\t\t\t\t<div class=\"elementor-element elementor-element-33aeb2b4 common-cont elementor-widget elementor-widget-text-editor\" data-id=\"33aeb2b4\" data-element_type=\"widget\" data-e-type=\"widget\" data-widget_type=\"text-editor.default\">\n\t\t\t\t<div class=\"elementor-widget-container\">\n\t\t\t\t\t\t\t\t\t<p>La experiencia de cada persona despu\u00e9s de un aborto es \u00fanica. Algunas se sienten aliviadas y otras lamentan su decisi\u00f3n de inmediato. Incluso es com\u00fan sentir muchas cosas a la vez. Eso puede sonar confuso y sentirse extra\u00f1o, pero tambi\u00e9n es normal. Si te has sometido a un procedimiento (o conoces a alguien que lo ha hecho), quiz\u00e1s hayas notado cambios emocionales o f\u00edsicos.<\/p><p>Muchas mujeres y hombres, sin importar lo que sientan, encuentran \u00fatil hablar sobre su experiencia de aborto. Es posible que no hayas contado a otros sobre tu decisi\u00f3n. Eso no significa que tengas que lid.<\/p><p>Algo que sorprende a algunas personas es el hecho de que los sentimientos pueden reaparecer a\u00f1os despu\u00e9s. No hay un l\u00edmite de tiempo para tus sentimientos. As\u00ed como cada persona experimenta el aborto de manera diferente, cada persona tiene un camino \u00fanico para seguir adelante. Estamos aqu\u00ed para ti, cuando sea el momento adecuado.<\/p>\t\t\t\t\t\t\t\t<\/div>\n\t\t\t\t<\/div>\n\t\t\t\t<\/div>\n\t\t\t\t<\/div>\n\t\t<div class=\"elementor-element elementor-element-140df123 e-con-full e-flex elementor-invisible e-con e-child\" data-id=\"140df123\" data-element_type=\"container\" data-e-type=\"container\" data-settings=\"{&quot;animation&quot;:&quot;fadeInUp&quot;}\">\n\t\t\t\t<div class=\"elementor-element elementor-element-702065f4 elementor-widget elementor-widget-image\" data-id=\"702065f4\" data-element_type=\"widget\" data-e-type=\"widget\" data-widget_type=\"image.default\">\n\t\t\t\t<div class=\"elementor-widget-container\">\n\t\t\t\t\t\t\t\t\t\t\t\t\t\t\t<img alt=\"\" fetchpriority=\"high\" decoding=\"async\" width=\"1920\" height=\"1280\" src=\"https:\/\/www.apsmke.com\/wp-content\/uploads\/2024\/11\/photo-1439402702863-6434b61e6392-1920w.jpg\" class=\"attachment-full size-full wp-image-79\" srcset=\"https:\/\/www.apsmke.com\/wp-content\/uploads\/2024\/11\/photo-1439402702863-6434b61e6392-1920w.jpg 1920w, https:\/\/www.apsmke.com\/wp-content\/uploads\/2024\/11\/photo-1439402702863-6434b61e6392-1920w-300x200.jpg 300w, https:\/\/www.apsmke.com\/wp-content\/uploads\/2024\/11\/photo-1439402702863-6434b61e6392-1920w-1024x683.jpg 1024w, https:\/\/www.apsmke.com\/wp-content\/uploads\/2024\/11\/photo-1439402702863-6434b61e6392-1920w-768x512.jpg 768w, https:\/\/www.apsmke.com\/wp-content\/uploads\/2024\/11\/photo-1439402702863-6434b61e6392-1920w-1536x1024.jpg 1536w, https:\/\/www.apsmke.com\/wp-content\/uploads\/2024\/11\/photo-1439402702863-6434b61e6392-1920w-600x400.jpg 600w\" sizes=\"(max-width: 1920px) 100vw, 1920px\" \/>\t\t\t\t\t\t\t\t\t\t\t\t\t\t\t<\/div>\n\t\t\t\t<\/div>\n\t\t\t\t<\/div>\n\t\t\t\t<\/div>\n\t\t\t\t\t<\/div>\n\t\t\t\t<\/div>\n\t\t<div class=\"elementor-element elementor-element-fef1374 e-flex e-con-boxed e-con e-parent\" data-id=\"fef1374\" data-element_type=\"container\" data-e-type=\"container\">\n\t\t\t\t\t<div class=\"e-con-inner\">\n\t\t<div class=\"elementor-element elementor-element-3c5647dc e-con-full e-flex e-con e-child\" data-id=\"3c5647dc\" data-element_type=\"container\" data-e-type=\"container\" data-settings=\"{&quot;background_background&quot;:&quot;classic&quot;}\">\n\t\t\t\t<div class=\"elementor-element elementor-element-6f57b15c elementor-align-center elementor-invisible elementor-widget elementor-widget-button\" data-id=\"6f57b15c\" data-element_type=\"widget\" data-e-type=\"widget\" data-settings=\"{&quot;_animation&quot;:&quot;fadeInUp&quot;}\" data-widget_type=\"button.default\">\n\t\t\t\t<div class=\"elementor-widget-container\">\n\t\t\t\t\t\t\t\t\t<div class=\"elementor-button-wrapper\">\n\t\t\t\t\t<a class=\"elementor-button elementor-button-link elementor-size-sm\" href=\"https:\/\/www.apsmke.com\/es\/solicitud-de-cita-medica\/\">\n\t\t\t\t\t\t<span class=\"elementor-button-content-wrapper\">\n\t\t\t\t\t\t\t\t\t<span class=\"elementor-button-text\">Concierte una cita confidencial <\/span>\n\t\t\t\t\t<\/span>\n\t\t\t\t\t<\/a>\n\t\t\t\t<\/div>\n\t\t\t\t\t\t\t\t<\/div>\n\t\t\t\t<\/div>\n\t\t\t\t<\/div>\n\t\t\t\t\t<\/div>\n\t\t\t\t<\/div>\n\t\t\t\t<\/div>","protected":false},"excerpt":{"rendered":"<p>After-Abortion Support After-Abortion Every person\u2019s experience following an abortion is unique. Some feel relieved, and some regret their decision right away. It\u2019s even common to feel many things all at once. That may sound confusing and feel weird, but it\u2019s also normal. If you\u2019ve had a procedure (or know someone who has), maybe you have noticed emotional or physical changes. Many women and men, no matter what they feel, find it helpful to talk about their abortion experience. You might not have told others about your decision. That doesn\u2019t mean you need to sort out your feelings alone. It is never too late to get help. We offer support to individuals and in group settings. All services are free and confidential. One thing that surprises some people is the fact that feelings can pop up years later. There is no time limit on your feelings. Just as every person experiences abortion differently, every person has a unique path to moving on. We are here for you, whenever the time is right. Schedule Your Confidential Appointment<\/p>","protected":false},"author":6,"featured_media":0,"parent":0,"menu_order":0,"comment_status":"closed","ping_status":"closed","template":"elementor_header_footer","meta":{"_seopress_robots_primary_cat":"","_seopress_titles_title":"","_seopress_titles_desc":"","_seopress_robots_index":"","footnotes":""},"class_list":["post-37","page","type-page","status-publish","hentry"],"featured_image_src":null,"featured_image_src_square":null,"_links":{"self":[{"href":"https:\/\/www.apsmke.com\/es\/wp-json\/wp\/v2\/pages\/37","targetHints":{"allow":["GET"]}}],"collection":[{"href":"https:\/\/www.apsmke.com\/es\/wp-json\/wp\/v2\/pages"}],"about":[{"href":"https:\/\/www.apsmke.com\/es\/wp-json\/wp\/v2\/types\/page"}],"author":[{"embeddable":true,"href":"https:\/\/www.apsmke.com\/es\/wp-json\/wp\/v2\/users\/6"}],"replies":[{"embeddable":true,"href":"https:\/\/www.apsmke.com\/es\/wp-json\/wp\/v2\/comments?post=37"}],"version-history":[{"count":6,"href":"https:\/\/www.apsmke.com\/es\/wp-json\/wp\/v2\/pages\/37\/revisions"}],"predecessor-version":[{"id":2173,"href":"https:\/\/www.apsmke.com\/es\/wp-json\/wp\/v2\/pages\/37\/revisions\/2173"}],"wp:attachment":[{"href":"https:\/\/www.apsmke.com\/es\/wp-json\/wp\/v2\/media?parent=37"}],"curies":[{"name":"la hora de","href":"https:\/\/api.w.org\/{rel}","templated":true}]}}