{"id":39,"date":"2024-11-15T07:25:12","date_gmt":"2024-11-15T07:25:12","guid":{"rendered":"https:\/\/www.apsmke.com\/?page_id=39"},"modified":"2026-02-24T17:45:49","modified_gmt":"2026-02-24T17:45:49","slug":"pruebas-de-deteccion-de-enfermedades-de-transmision-sexual","status":"publish","type":"page","link":"https:\/\/www.apsmke.com\/es\/std-testing\/","title":{"rendered":"Pruebas de ETS\/ITS"},"content":{"rendered":"<div data-elementor-type=\"wp-page\" data-elementor-id=\"39\" class=\"elementor elementor-39\" data-elementor-post-type=\"page\">\n\t\t\t\t<div class=\"elementor-element elementor-element-d3364a0 e-flex e-con-boxed e-con e-parent\" data-id=\"d3364a0\" data-element_type=\"container\" data-e-type=\"container\" data-settings=\"{&quot;background_background&quot;:&quot;gradient&quot;}\">\n\t\t\t\t\t<div class=\"e-con-inner\">\n\t\t<div class=\"elementor-element elementor-element-f23dc47 e-con-full e-flex e-con e-child\" data-id=\"f23dc47\" data-element_type=\"container\" data-e-type=\"container\" data-settings=\"{&quot;background_background&quot;:&quot;classic&quot;}\">\n\t\t\t\t<div class=\"elementor-element elementor-element-2ca82e1 elementor-invisible elementor-widget elementor-widget-heading\" data-id=\"2ca82e1\" data-element_type=\"widget\" data-e-type=\"widget\" data-settings=\"{&quot;_animation&quot;:&quot;fadeInUp&quot;}\" data-widget_type=\"heading.default\">\n\t\t\t\t<div class=\"elementor-widget-container\">\n\t\t\t\t\t<h1 class=\"elementor-heading-title elementor-size-default\">Pruebas de ETS\/ITS<\/h1>\t\t\t\t<\/div>\n\t\t\t\t<\/div>\n\t\t\t\t<\/div>\n\t\t\t\t\t<\/div>\n\t\t\t\t<\/div>\n\t\t<div class=\"elementor-element elementor-element-c03e4f0 e-flex e-con-boxed e-con e-parent\" data-id=\"c03e4f0\" data-element_type=\"container\" data-e-type=\"container\">\n\t\t\t\t\t<div class=\"e-con-inner\">\n\t\t<div class=\"elementor-element elementor-element-8da6c3f e-con-full e-flex e-con e-child\" data-id=\"8da6c3f\" data-element_type=\"container\" data-e-type=\"container\" data-settings=\"{&quot;background_background&quot;:&quot;classic&quot;}\">\n\t\t<div class=\"elementor-element elementor-element-dbbc452 e-con-full e-flex e-con e-child\" data-id=\"dbbc452\" data-element_type=\"container\" data-e-type=\"container\">\n\t\t<div class=\"elementor-element elementor-element-d38c0f0 e-con-full e-flex elementor-invisible e-con e-child\" data-id=\"d38c0f0\" data-element_type=\"container\" data-e-type=\"container\" data-settings=\"{&quot;animation&quot;:&quot;fadeInUp&quot;}\">\n\t\t\t\t<div class=\"elementor-element elementor-element-dc92c4d common-cont elementor-widget elementor-widget-text-editor\" data-id=\"dc92c4d\" data-element_type=\"widget\" data-e-type=\"widget\" data-widget_type=\"text-editor.default\">\n\t\t\t\t<div class=\"elementor-widget-container\">\n\t\t\t\t\t\t\t\t\t<p><strong>\u00bfC\u00f3mo me afectar\u00e1 tener una ETS si me realizo un aborto?<br \/><\/strong>Si tienes alguna ETS\/ITC en el momento de someterte a un aborto, tu salud reproductiva podr\u00eda verse afectada de por vida debido a complicaciones como la enfermedad inflamatoria p\u00e9lvica (EIP) y la infertilidad<\/p>\n<p><strong>\u00bfC\u00f3mo me afectar\u00e1 tener una ETS si sigo adelante con el embarazo?<br \/><\/strong>Las pruebas de ETS se realizan de forma rutinaria durante la primera consulta con el obstetra. Algunas enfermedades de transmisi\u00f3n sexual pueden tratarse y curarse durante el embarazo. Otras infecciones son cr\u00f3nicas, pero tu proveedor de atenci\u00f3n m\u00e9dica puede elaborar un plan para controlar estas infecciones durante el embarazo. Es importante que seas sincera con tu proveedor de atenci\u00f3n m\u00e9dica para recibir la atenci\u00f3n que necesitas y proteger la salud de tu beb\u00e9.<\/p>\t\t\t\t\t\t\t\t<\/div>\n\t\t\t\t<\/div>\n\t\t\t\t<div class=\"elementor-element elementor-element-6159a32 common-cont elementor-widget elementor-widget-text-editor\" data-id=\"6159a32\" data-element_type=\"widget\" data-e-type=\"widget\" data-widget_type=\"text-editor.default\">\n\t\t\t\t<div class=\"elementor-widget-container\">\n\t\t\t\t\t\t\t\t\t<p><span class=\"\">Fuente:&nbsp;<\/span><em>CDC: Enfermedades de transmisi\u00f3n sexual (ETS), diciembre de 2021, datos y estad\u00edsticas<\/em><\/p>\t\t\t\t\t\t\t\t<\/div>\n\t\t\t\t<\/div>\n\t\t\t\t<\/div>\n\t\t\t\t<\/div>\n\t\t<div class=\"elementor-element elementor-element-3b85d50 e-con-full e-flex elementor-invisible e-con e-child\" data-id=\"3b85d50\" data-element_type=\"container\" data-e-type=\"container\" data-settings=\"{&quot;animation&quot;:&quot;fadeInUp&quot;}\">\n\t\t\t\t<div class=\"elementor-element elementor-element-e337100 elementor-widget elementor-widget-image\" data-id=\"e337100\" data-element_type=\"widget\" data-e-type=\"widget\" data-widget_type=\"image.default\">\n\t\t\t\t<div class=\"elementor-widget-container\">\n\t\t\t\t\t\t\t\t\t\t\t\t\t\t\t<img alt=\"\" fetchpriority=\"high\" decoding=\"async\" width=\"1254\" height=\"837\" src=\"https:\/\/www.apsmke.com\/wp-content\/uploads\/2024\/11\/APSMEDICALSTD_STIs-1920w.jpg\" class=\"attachment-full size-full wp-image-174\" srcset=\"https:\/\/www.apsmke.com\/wp-content\/uploads\/2024\/11\/APSMEDICALSTD_STIs-1920w.jpg 1254w, https:\/\/www.apsmke.com\/wp-content\/uploads\/2024\/11\/APSMEDICALSTD_STIs-1920w-300x200.jpg 300w, https:\/\/www.apsmke.com\/wp-content\/uploads\/2024\/11\/APSMEDICALSTD_STIs-1920w-1024x683.jpg 1024w, https:\/\/www.apsmke.com\/wp-content\/uploads\/2024\/11\/APSMEDICALSTD_STIs-1920w-768x513.jpg 768w, https:\/\/www.apsmke.com\/wp-content\/uploads\/2024\/11\/APSMEDICALSTD_STIs-1920w-600x400.jpg 600w\" sizes=\"(max-width: 1254px) 100vw, 1254px\" \/>\t\t\t\t\t\t\t\t\t\t\t\t\t\t\t<\/div>\n\t\t\t\t<\/div>\n\t\t\t\t<\/div>\n\t\t\t\t<\/div>\n\t\t\t\t\t<\/div>\n\t\t\t\t<\/div>\n\t\t<div class=\"elementor-element elementor-element-1d92e89c e-flex e-con-boxed e-con e-parent\" data-id=\"1d92e89c\" data-element_type=\"container\" data-e-type=\"container\">\n\t\t\t\t\t<div class=\"e-con-inner\">\n\t\t<div class=\"elementor-element elementor-element-6061f8c9 e-con-full e-flex e-con e-child\" data-id=\"6061f8c9\" data-element_type=\"container\" data-e-type=\"container\" data-settings=\"{&quot;background_background&quot;:&quot;classic&quot;}\">\n\t\t<div class=\"elementor-element elementor-element-bccba1b e-con-full e-flex elementor-invisible e-con e-child\" data-id=\"bccba1b\" data-element_type=\"container\" data-e-type=\"container\" data-settings=\"{&quot;animation&quot;:&quot;fadeInUp&quot;}\">\n\t\t<div class=\"elementor-element elementor-element-6d9e3b16 e-con-full e-flex e-con e-child\" data-id=\"6d9e3b16\" data-element_type=\"container\" data-e-type=\"container\">\n\t\t\t\t<div class=\"elementor-element elementor-element-f129ecd common-cont elementor-widget elementor-widget-text-editor\" data-id=\"f129ecd\" data-element_type=\"widget\" data-e-type=\"widget\" data-widget_type=\"text-editor.default\">\n\t\t\t\t<div class=\"elementor-widget-container\">\n\t\t\t\t\t\t\t\t\t<p><strong>\u00bfQu\u00e9 sabes sobre las ETS?<br \/><\/strong>Una ITS (infecci\u00f3n de transmisi\u00f3n sexual) es una infecci\u00f3n que no presenta signos ni s\u00edntomas f\u00edsicos. Se contrae de otra persona infectada a trav\u00e9s de la actividad sexual. Una ITS suele denominarse ETS (enfermedad de transmisi\u00f3n sexual) cuando aparecen los s\u00edntomas. Es importante recordar que no todas las personas infectadas presentan signos o s\u00edntomas. El problema es que algunas de estas ITS pueden causar mucho da\u00f1o y pueden transmitirse a tu pareja sin que te des cuenta. No es necesario tener s\u00edntomas para ser contagioso; puedes transmitir la enfermedad en cualquier momento.<\/p>\t\t\t\t\t\t\t\t<\/div>\n\t\t\t\t<\/div>\n\t\t\t\t<\/div>\n\t\t\t\t<\/div>\n\t\t<div class=\"elementor-element elementor-element-402d57d6 e-con-full e-flex elementor-invisible e-con e-child\" data-id=\"402d57d6\" data-element_type=\"container\" data-e-type=\"container\" data-settings=\"{&quot;animation&quot;:&quot;fadeInUp&quot;}\">\n\t\t\t\t<div class=\"elementor-element elementor-element-1279309 common-cont elementor-widget elementor-widget-text-editor\" data-id=\"1279309\" data-element_type=\"widget\" data-e-type=\"widget\" data-widget_type=\"text-editor.default\">\n\t\t\t\t<div class=\"elementor-widget-container\">\n\t\t\t\t\t\t\t\t\t<p><strong>Obt\u00e9n informaci\u00f3n sobre las pruebas.<br \/><\/strong><a href=\"https:\/\/www.apsmke.com\/es\/contactanos\/\" type=\"page\">Cont\u00e1ctanos<\/a><span class=\"\"> para obtener informaci\u00f3n sobre pruebas de embarazo gratuitas, opciones disponibles y otros servicios. Pruebas y tratamiento de ETS para <span style=\"font-weight: 400;\">La clamidia y la gonorrea son<\/span>\u00a0disponible para las pacientes que cumplan los requisitos y den positivo en la prueba de embarazo.<\/span><\/p>\n<p>\u00a0<\/p>\t\t\t\t\t\t\t\t<\/div>\n\t\t\t\t<\/div>\n\t\t\t\t<\/div>\n\t\t\t\t<\/div>\n\t\t\t\t\t<\/div>\n\t\t\t\t<\/div>\n\t\t<div class=\"elementor-element elementor-element-64bd013 e-flex e-con-boxed e-con e-parent\" data-id=\"64bd013\" data-element_type=\"container\" data-e-type=\"container\">\n\t\t\t\t\t<div class=\"e-con-inner\">\n\t\t<div class=\"elementor-element elementor-element-f72b071 e-con-full e-flex e-con e-child\" data-id=\"f72b071\" data-element_type=\"container\" data-e-type=\"container\" data-settings=\"{&quot;background_background&quot;:&quot;classic&quot;}\">\n\t\t\t\t<div class=\"elementor-element elementor-element-4118f75 elementor-align-center elementor-invisible elementor-widget elementor-widget-button\" data-id=\"4118f75\" data-element_type=\"widget\" data-e-type=\"widget\" data-settings=\"{&quot;_animation&quot;:&quot;fadeInUp&quot;}\" data-widget_type=\"button.default\">\n\t\t\t\t<div class=\"elementor-widget-container\">\n\t\t\t\t\t\t\t\t\t<div class=\"elementor-button-wrapper\">\n\t\t\t\t\t<a class=\"elementor-button elementor-button-link elementor-size-sm\" href=\"https:\/\/www.apsmke.com\/es\/solicitud-de-cita-medica\/\">\n\t\t\t\t\t\t<span class=\"elementor-button-content-wrapper\">\n\t\t\t\t\t\t\t\t\t<span class=\"elementor-button-text\">Haz tu prueba GRATIS hoy mismo<\/span>\n\t\t\t\t\t<\/span>\n\t\t\t\t\t<\/a>\n\t\t\t\t<\/div>\n\t\t\t\t\t\t\t\t<\/div>\n\t\t\t\t<\/div>\n\t\t\t\t<\/div>\n\t\t\t\t\t<\/div>\n\t\t\t\t<\/div>\n\t\t\t\t<\/div>","protected":false},"excerpt":{"rendered":"<p>STD\/STI Testing How will having an STD\/STI impact me if I have an abortion?If you are infected with certain STD\/STIs when you have an abortion, your reproductive health could be negatively impacted for a lifetime due to complications such as Pelvic Inflammatory Disease (PID) and infertility How will having an STD\/STI impact me if I continue my pregnancy?STD\/STI testing is routinely performed during your initial OB visit. Some sexually transmitted diseases can be treated and cured during pregnancy. Other infections are chronic, but your healthcare provider can develop a plan to manage these infections during pregnancy. It is important to be honest with your healthcare provider in order to receive the care you need and to protect the health of your baby. Source:&nbsp;CDC Sexually Transmitted Diseases (STDs), December 2021, Data and Statistics What Do You Know About STD\/STIs?An STI (Sexually Transmitted Infection) is an infection that does not show any physical signs or symptoms. It is contracted from another infected person through sexual activity. An STI is typically termed an STD (Sexually Transmitted Disease) when symptoms appear. It\u2019s important to remember that not all infected people will have signs or symptoms. The problem is that some of these STIs can cause a lot of damage and can be passed to your partner without your knowledge. You do not have to have symptoms to be contagious; you can spread the disease at any time. Get information about testing.Contact us for information about free pregnancy tests, options information, and other services. STD Testing and treatment for chlamydia and gonorrhea is\u00a0available to qualifying patients with positive pregnancy test. \u00a0 Get Your FREE Test Today<\/p>","protected":false},"author":6,"featured_media":0,"parent":0,"menu_order":0,"comment_status":"closed","ping_status":"closed","template":"elementor_header_footer","meta":{"_seopress_robots_primary_cat":"","_seopress_titles_title":"","_seopress_titles_desc":"","_seopress_robots_index":"","footnotes":""},"class_list":["post-39","page","type-page","status-publish","hentry"],"featured_image_src":null,"featured_image_src_square":null,"_links":{"self":[{"href":"https:\/\/www.apsmke.com\/es\/wp-json\/wp\/v2\/pages\/39","targetHints":{"allow":["GET"]}}],"collection":[{"href":"https:\/\/www.apsmke.com\/es\/wp-json\/wp\/v2\/pages"}],"about":[{"href":"https:\/\/www.apsmke.com\/es\/wp-json\/wp\/v2\/types\/page"}],"author":[{"embeddable":true,"href":"https:\/\/www.apsmke.com\/es\/wp-json\/wp\/v2\/users\/6"}],"replies":[{"embeddable":true,"href":"https:\/\/www.apsmke.com\/es\/wp-json\/wp\/v2\/comments?post=39"}],"version-history":[{"count":5,"href":"https:\/\/www.apsmke.com\/es\/wp-json\/wp\/v2\/pages\/39\/revisions"}],"predecessor-version":[{"id":2199,"href":"https:\/\/www.apsmke.com\/es\/wp-json\/wp\/v2\/pages\/39\/revisions\/2199"}],"wp:attachment":[{"href":"https:\/\/www.apsmke.com\/es\/wp-json\/wp\/v2\/media?parent=39"}],"curies":[{"name":"la hora de","href":"https:\/\/api.w.org\/{rel}","templated":true}]}}