{"id":48,"date":"2024-11-15T07:26:19","date_gmt":"2024-11-15T07:26:19","guid":{"rendered":"https:\/\/www.apsmke.com\/?page_id=48"},"modified":"2024-11-18T12:13:50","modified_gmt":"2024-11-18T12:13:50","slug":"resenas","status":"publish","type":"page","link":"https:\/\/www.apsmke.com\/es\/reviews\/","title":{"rendered":"Opiniones"},"content":{"rendered":"<div data-elementor-type=\"wp-page\" data-elementor-id=\"48\" class=\"elementor elementor-48\" data-elementor-post-type=\"page\">\n\t\t\t\t<div class=\"elementor-element elementor-element-51fe129b e-flex e-con-boxed e-con e-parent\" data-id=\"51fe129b\" data-element_type=\"container\" data-e-type=\"container\" data-settings=\"{&quot;background_background&quot;:&quot;gradient&quot;}\">\n\t\t\t\t\t<div class=\"e-con-inner\">\n\t\t<div class=\"elementor-element elementor-element-6916bbdf e-con-full e-flex e-con e-child\" data-id=\"6916bbdf\" data-element_type=\"container\" data-e-type=\"container\" data-settings=\"{&quot;background_background&quot;:&quot;classic&quot;}\">\n\t\t\t\t<div class=\"elementor-element elementor-element-ce8c6b5 elementor-invisible elementor-widget elementor-widget-heading\" data-id=\"ce8c6b5\" data-element_type=\"widget\" data-e-type=\"widget\" data-settings=\"{&quot;_animation&quot;:&quot;fadeInUp&quot;}\" data-widget_type=\"heading.default\">\n\t\t\t\t<div class=\"elementor-widget-container\">\n\t\t\t\t\t<h1 class=\"elementor-heading-title elementor-size-default\">Opiniones<\/h1>\t\t\t\t<\/div>\n\t\t\t\t<\/div>\n\t\t\t\t<\/div>\n\t\t\t\t\t<\/div>\n\t\t\t\t<\/div>\n\t\t<div class=\"elementor-element elementor-element-1b1de9c8 e-flex e-con-boxed e-con e-parent\" data-id=\"1b1de9c8\" data-element_type=\"container\" data-e-type=\"container\">\n\t\t\t\t\t<div class=\"e-con-inner\">\n\t\t<div class=\"elementor-element elementor-element-25bb6c44 e-con-full e-flex e-con e-child\" data-id=\"25bb6c44\" data-element_type=\"container\" data-e-type=\"container\" data-settings=\"{&quot;background_background&quot;:&quot;classic&quot;}\">\n\t\t\t\t<div class=\"elementor-element elementor-element-bc8b05b elementor-invisible elementor-widget elementor-widget-heading\" data-id=\"bc8b05b\" data-element_type=\"widget\" data-e-type=\"widget\" data-settings=\"{&quot;_animation&quot;:&quot;fadeInUp&quot;}\" data-widget_type=\"heading.default\">\n\t\t\t\t<div class=\"elementor-widget-container\">\n\t\t\t\t\t<h3 class=\"elementor-heading-title elementor-size-default\">Opiniones de nuestros clientes:<\/h3>\t\t\t\t<\/div>\n\t\t\t\t<\/div>\n\t\t<div class=\"elementor-element elementor-element-7108973 e-con-full e-flex e-con e-child\" data-id=\"7108973\" data-element_type=\"container\" data-e-type=\"container\">\n\t\t<div class=\"elementor-element elementor-element-5446fde0 e-con-full e-flex elementor-invisible e-con e-child\" data-id=\"5446fde0\" data-element_type=\"container\" data-e-type=\"container\" data-settings=\"{&quot;animation&quot;:&quot;fadeInUp&quot;}\">\n\t\t\t\t<div class=\"elementor-element elementor-element-2de6e75a common-cont elementor-widget elementor-widget-text-editor\" data-id=\"2de6e75a\" data-element_type=\"widget\" data-e-type=\"widget\" data-widget_type=\"text-editor.default\">\n\t\t\t\t<div class=\"elementor-widget-container\">\n\t\t\t\t\t\t\t\t\t<h3><em>\u201cMe sent\u00ed muy bien al recibir ayuda y no sentirme mal por necesitarla\u201d.\u201d<\/em> \u2013 CS<\/h3><h3><em>\u201cEl personal que trabaja aqu\u00ed como voluntario es muy amable y servicial. \u00a1Much\u00edsimas gracias!\u201d \u2013 <\/em>CW<\/h3>\t\t\t\t\t\t\t\t<\/div>\n\t\t\t\t<\/div>\n\t\t\t\t<\/div>\n\t\t<div class=\"elementor-element elementor-element-572b8b18 e-con-full e-flex elementor-invisible e-con e-child\" data-id=\"572b8b18\" data-element_type=\"container\" data-e-type=\"container\" data-settings=\"{&quot;animation&quot;:&quot;fadeInUp&quot;}\">\n\t\t\t\t<div class=\"elementor-element elementor-element-c06fac3 common-cont elementor-widget elementor-widget-text-editor\" data-id=\"c06fac3\" data-element_type=\"widget\" data-e-type=\"widget\" data-widget_type=\"text-editor.default\">\n\t\t\t\t<div class=\"elementor-widget-container\">\n\t\t\t\t\t\t\t\t\t<h3><em>\u201cMe sent\u00ed segura y como si fuera importante\u201d.\u201d<\/em> \u2013 AG<br \/><br \/><\/h3><h3><em>\u201cEs un gran consuelo saber que hay un grupo que te apoya y servicios a los que recurrir cuando crees que no tienes nada ni a nadie\u201d.\u201d<\/em> \u2013 JS<\/h3>\t\t\t\t\t\t\t\t<\/div>\n\t\t\t\t<\/div>\n\t\t\t\t<\/div>\n\t\t\t\t<\/div>\n\t\t\t\t<\/div>\n\t\t\t\t\t<\/div>\n\t\t\t\t<\/div>\n\t\t<div class=\"elementor-element elementor-element-5afe7405 e-flex e-con-boxed e-con e-parent\" data-id=\"5afe7405\" data-element_type=\"container\" data-e-type=\"container\">\n\t\t\t\t\t<div class=\"e-con-inner\">\n\t\t<div class=\"elementor-element elementor-element-78fd0974 e-con-full e-flex e-con e-child\" data-id=\"78fd0974\" data-element_type=\"container\" data-e-type=\"container\" data-settings=\"{&quot;background_background&quot;:&quot;classic&quot;}\">\n\t\t<div class=\"elementor-element elementor-element-fab720c e-con-full e-flex elementor-invisible e-con e-child\" data-id=\"fab720c\" data-element_type=\"container\" data-e-type=\"container\" data-settings=\"{&quot;animation&quot;:&quot;fadeInUp&quot;}\">\n\t\t\t\t<div class=\"elementor-element elementor-element-dba298a elementor-widget elementor-widget-video\" data-id=\"dba298a\" data-element_type=\"widget\" data-e-type=\"widget\" data-settings=\"{&quot;video_type&quot;:&quot;hosted&quot;,&quot;controls&quot;:&quot;yes&quot;}\" data-widget_type=\"video.default\">\n\t\t\t\t<div class=\"elementor-widget-container\">\n\t\t\t\t\t\t\t<div class=\"e-hosted-video elementor-wrapper elementor-open-inline\">\n\t\t\t\t\t<video class=\"elementor-video\" src=\"https:\/\/www.apsmke.com\/wp-content\/uploads\/2024\/11\/kbBFCoIvQ022yRPh4f46_tle2020justclients-v.mp4\" controls=\"\" preload=\"metadata\" controlslist=\"nodownload\"><\/video>\n\t\t\t\t<\/div>\n\t\t\t\t\t\t<\/div>\n\t\t\t\t<\/div>\n\t\t\t\t<\/div>\n\t\t\t\t<\/div>\n\t\t\t\t\t<\/div>\n\t\t\t\t<\/div>\n\t\t<div class=\"elementor-element elementor-element-42ab68d e-flex e-con-boxed e-con e-parent\" data-id=\"42ab68d\" data-element_type=\"container\" data-e-type=\"container\" data-settings=\"{&quot;background_background&quot;:&quot;classic&quot;}\">\n\t\t\t\t\t<div class=\"e-con-inner\">\n\t\t<div class=\"elementor-element elementor-element-5342738 e-con-full e-flex e-con e-child\" data-id=\"5342738\" data-element_type=\"container\" data-e-type=\"container\" data-settings=\"{&quot;background_background&quot;:&quot;classic&quot;}\">\n\t\t<div class=\"elementor-element elementor-element-e49fb5e e-con-full e-flex e-con e-child\" data-id=\"e49fb5e\" data-element_type=\"container\" data-e-type=\"container\">\n\t\t<div class=\"elementor-element elementor-element-36198f0 e-con-full e-flex elementor-invisible e-con e-child\" data-id=\"36198f0\" data-element_type=\"container\" data-e-type=\"container\" data-settings=\"{&quot;animation&quot;:&quot;fadeInUp&quot;}\">\n\t\t\t\t<div class=\"elementor-element elementor-element-789d7f5 common-cont elementor-widget elementor-widget-text-editor\" data-id=\"789d7f5\" data-element_type=\"widget\" data-e-type=\"widget\" data-widget_type=\"text-editor.default\">\n\t\t\t\t<div class=\"elementor-widget-container\">\n\t\t\t\t\t\t\t\t\t<p><em>\u201cEste lugar me parece muy acogedor y los orientadores son muy atentos. No cambiar\u00eda nada\u201d.\u201d<\/em><\/p><p><span class=\"lh-1\">\u2013 SV<\/span><\/p>\t\t\t\t\t\t\t\t<\/div>\n\t\t\t\t<\/div>\n\t\t\t\t<\/div>\n\t\t<div class=\"elementor-element elementor-element-647d845 e-con-full e-flex elementor-invisible e-con e-child\" data-id=\"647d845\" data-element_type=\"container\" data-e-type=\"container\" data-settings=\"{&quot;animation&quot;:&quot;fadeInUp&quot;}\">\n\t\t\t\t<div class=\"elementor-element elementor-element-2f34606 common-cont elementor-widget elementor-widget-text-editor\" data-id=\"2f34606\" data-element_type=\"widget\" data-e-type=\"widget\" data-widget_type=\"text-editor.default\">\n\t\t\t\t<div class=\"elementor-widget-container\">\n\t\t\t\t\t\t\t\t\t<p><em>\u201cLa se\u00f1ora que me concert\u00f3 la cita se adapt\u00f3 enseguida a mi horario y la consejera me hizo sentir muy bien recibida a nivel personal\u201d.\u201d<\/em><\/p><p>\u2013 M<\/p>\t\t\t\t\t\t\t\t<\/div>\n\t\t\t\t<\/div>\n\t\t\t\t<\/div>\n\t\t<div class=\"elementor-element elementor-element-05c72c9 e-con-full e-flex elementor-invisible e-con e-child\" data-id=\"05c72c9\" data-element_type=\"container\" data-e-type=\"container\" data-settings=\"{&quot;animation&quot;:&quot;fadeInUp&quot;}\">\n\t\t\t\t<div class=\"elementor-element elementor-element-6898e48 common-cont elementor-widget elementor-widget-text-editor\" data-id=\"6898e48\" data-element_type=\"widget\" data-e-type=\"widget\" data-widget_type=\"text-editor.default\">\n\t\t\t\t<div class=\"elementor-widget-container\">\n\t\t\t\t\t\t\t\t\t<p><em>\u201cMe dio la informaci\u00f3n que necesitaba para empezar a cuidar de mi beb\u00e9 y encauzar mi vida desde el punto de vista espiritual\u201d.\u201d<\/em><\/p><p>\u2013 LJ<\/p>\t\t\t\t\t\t\t\t<\/div>\n\t\t\t\t<\/div>\n\t\t\t\t<\/div>\n\t\t\t\t<\/div>\n\t\t\t\t<\/div>\n\t\t\t\t\t<\/div>\n\t\t\t\t<\/div>\n\t\t<div class=\"elementor-element elementor-element-f9fc96c e-flex e-con-boxed e-con e-parent\" data-id=\"f9fc96c\" data-element_type=\"container\" data-e-type=\"container\">\n\t\t\t\t\t<div class=\"e-con-inner\">\n\t\t<div class=\"elementor-element elementor-element-11cccf7 e-con-full e-flex e-con e-child\" data-id=\"11cccf7\" data-element_type=\"container\" data-e-type=\"container\" data-settings=\"{&quot;background_background&quot;:&quot;classic&quot;}\">\n\t\t<div class=\"elementor-element elementor-element-c6998f9 e-con-full e-flex e-con e-child\" data-id=\"c6998f9\" data-element_type=\"container\" data-e-type=\"container\">\n\t\t<div class=\"elementor-element elementor-element-146530b e-con-full e-flex elementor-invisible e-con e-child\" data-id=\"146530b\" data-element_type=\"container\" data-e-type=\"container\" data-settings=\"{&quot;animation&quot;:&quot;fadeInUp&quot;}\">\n\t\t\t\t<div class=\"elementor-element elementor-element-5527a50 common-cont elementor-widget elementor-widget-text-editor\" data-id=\"5527a50\" data-element_type=\"widget\" data-e-type=\"widget\" data-widget_type=\"text-editor.default\">\n\t\t\t\t<div class=\"elementor-widget-container\">\n\t\t\t\t\t\t\t\t\t<h3><em>\u201cEste es el mejor lugar al que acudir para obtener informaci\u00f3n, y son de lo m\u00e1s serviciales. Sin duda, recomendar\u00e9 APS\u201d.\u201d<\/em>\u2013 JG<\/h3>\t\t\t\t\t\t\t\t<\/div>\n\t\t\t\t<\/div>\n\t\t\t\t<\/div>\n\t\t<div class=\"elementor-element elementor-element-d65a572 e-con-full e-flex elementor-invisible e-con e-child\" data-id=\"d65a572\" data-element_type=\"container\" data-e-type=\"container\" data-settings=\"{&quot;animation&quot;:&quot;fadeInUp&quot;}\">\n\t\t\t\t<div class=\"elementor-element elementor-element-d754081 common-cont elementor-widget elementor-widget-text-editor\" data-id=\"d754081\" data-element_type=\"widget\" data-e-type=\"widget\" data-widget_type=\"text-editor.default\">\n\t\t\t\t<div class=\"elementor-widget-container\">\n\t\t\t\t\t\t\t\t\t<h3><em>\u201cEl personal que trabaja aqu\u00ed como voluntario es muy amable y servicial. \u00a1Much\u00edsimas gracias!\u201d<\/em> \u2013 CW<\/h3>\t\t\t\t\t\t\t\t<\/div>\n\t\t\t\t<\/div>\n\t\t\t\t<\/div>\n\t\t\t\t<\/div>\n\t\t\t\t<\/div>\n\t\t\t\t\t<\/div>\n\t\t\t\t<\/div>\n\t\t\t\t<\/div>","protected":false},"excerpt":{"rendered":"<p>Reviews What Our Clients Are Saying: &#8220;It felt great getting help and not feeling bad that I needed help.&#8221; &#8211; CS &#8220;Very positive and courteous personnel that volunteer here. Thank you so much!&#8221; &#8211; CW &#8220;I felt safe and like I mattered.&#8221; &#8211; AG &#8220;It&#8217;s so nice knowing there&#8217;s a supportive group and services when you think you had nothing or nobody.&#8221; &#8211; JS https:\/\/www.apsmke.com\/wp-content\/uploads\/2024\/11\/kbBFCoIvQ022yRPh4f46_tle2020justclients-v.mp4 &#8220;I find this place very welcoming and very caring counselors. I wouldn&#8217;t change a thing.&#8221; &#8211; SV &#8220;The lady who made my appointment worked with my schedule immediately and the peer counselor made me feel welcome on a personal level.&#8221; &#8211; M &#8220;Gave me the info I need to begin caring for my baby and getting my life on track spiritually.&#8221; &#8211; LJ &#8220;This is the best place to come for info and they are as helpful as can be. I will definitely recommend APS.&#8221;&#8211; JG &#8220;Very positive and courteous personnel that volunteer here. Thank you so much!&#8221; &#8211; CW<\/p>","protected":false},"author":6,"featured_media":0,"parent":0,"menu_order":0,"comment_status":"closed","ping_status":"closed","template":"elementor_header_footer","meta":{"_seopress_robots_primary_cat":"","_seopress_titles_title":"","_seopress_titles_desc":"","_seopress_robots_index":"","footnotes":""},"class_list":["post-48","page","type-page","status-publish","hentry"],"featured_image_src":null,"featured_image_src_square":null,"_links":{"self":[{"href":"https:\/\/www.apsmke.com\/es\/wp-json\/wp\/v2\/pages\/48","targetHints":{"allow":["GET"]}}],"collection":[{"href":"https:\/\/www.apsmke.com\/es\/wp-json\/wp\/v2\/pages"}],"about":[{"href":"https:\/\/www.apsmke.com\/es\/wp-json\/wp\/v2\/types\/page"}],"author":[{"embeddable":true,"href":"https:\/\/www.apsmke.com\/es\/wp-json\/wp\/v2\/users\/6"}],"replies":[{"embeddable":true,"href":"https:\/\/www.apsmke.com\/es\/wp-json\/wp\/v2\/comments?post=48"}],"version-history":[{"count":0,"href":"https:\/\/www.apsmke.com\/es\/wp-json\/wp\/v2\/pages\/48\/revisions"}],"wp:attachment":[{"href":"https:\/\/www.apsmke.com\/es\/wp-json\/wp\/v2\/media?parent=48"}],"curies":[{"name":"la hora de","href":"https:\/\/api.w.org\/{rel}","templated":true}]}}