{"id":49,"date":"2024-11-15T07:26:19","date_gmt":"2024-11-15T07:26:19","guid":{"rendered":"https:\/\/www.apsmke.com\/?page_id=49"},"modified":"2026-02-24T19:10:48","modified_gmt":"2026-02-24T19:10:48","slug":"donar","status":"publish","type":"page","link":"https:\/\/www.apsmke.com\/es\/donate\/","title":{"rendered":"Donar"},"content":{"rendered":"<div data-elementor-type=\"wp-page\" data-elementor-id=\"49\" class=\"elementor elementor-49\" data-elementor-post-type=\"page\">\n\t\t\t\t<div class=\"elementor-element elementor-element-663be13b e-flex e-con-boxed e-con e-parent\" data-id=\"663be13b\" data-element_type=\"container\" data-e-type=\"container\" data-settings=\"{&quot;background_background&quot;:&quot;gradient&quot;}\">\n\t\t\t\t\t<div class=\"e-con-inner\">\n\t\t<div class=\"elementor-element elementor-element-2214bfef e-con-full e-flex e-con e-child\" data-id=\"2214bfef\" data-element_type=\"container\" data-e-type=\"container\" data-settings=\"{&quot;background_background&quot;:&quot;classic&quot;}\">\n\t\t\t\t<div class=\"elementor-element elementor-element-73136001 elementor-widget elementor-widget-heading\" data-id=\"73136001\" data-element_type=\"widget\" data-e-type=\"widget\" data-settings=\"{&quot;_animation&quot;:&quot;none&quot;}\" data-widget_type=\"heading.default\">\n\t\t\t\t<div class=\"elementor-widget-container\">\n\t\t\t\t\t<h1 class=\"elementor-heading-title elementor-size-default\">Donar<\/h1>\t\t\t\t<\/div>\n\t\t\t\t<\/div>\n\t\t\t\t<\/div>\n\t\t\t\t\t<\/div>\n\t\t\t\t<\/div>\n\t\t<div class=\"elementor-element elementor-element-62ea7209 e-flex e-con-boxed e-con e-parent\" data-id=\"62ea7209\" data-element_type=\"container\" data-e-type=\"container\">\n\t\t\t\t\t<div class=\"e-con-inner\">\n\t\t<div class=\"elementor-element elementor-element-49f87ce6 e-flex e-con-boxed elementor-invisible e-con e-child\" data-id=\"49f87ce6\" data-element_type=\"container\" data-e-type=\"container\" data-settings=\"{&quot;background_background&quot;:&quot;classic&quot;,&quot;animation&quot;:&quot;fadeInUp&quot;}\">\n\t\t\t\t\t<div class=\"e-con-inner\">\n\t\t\t\t<div class=\"elementor-element elementor-element-2d698b0 elementor-widget elementor-widget-heading\" data-id=\"2d698b0\" data-element_type=\"widget\" data-e-type=\"widget\" data-widget_type=\"heading.default\">\n\t\t\t\t<div class=\"elementor-widget-container\">\n\t\t\t\t\t<h3 class=\"elementor-heading-title elementor-size-default\">Tu donaci\u00f3n transforma vidas<\/h3>\t\t\t\t<\/div>\n\t\t\t\t<\/div>\n\t\t\t\t<div class=\"elementor-element elementor-element-7def42d9 common-cont elementor-widget elementor-widget-text-editor\" data-id=\"7def42d9\" data-element_type=\"widget\" data-e-type=\"widget\" data-widget_type=\"text-editor.default\">\n\t\t\t\t<div class=\"elementor-widget-container\">\n\t\t\t\t\t\t\t\t\t<p class=\"yiv3941300180MsoNormal\">Cada d\u00eda, personas y familias que atraviesan situaciones dif\u00edciles acuden a nosotros en busca de esperanza y apoyo. \u00bfQuieres apoyar a APS Medical para que puedan recibir una atenci\u00f3n compasiva sin costo alguno?<b><\/b><\/p><p class=\"yiv3941300180MsoNormal\">Todos los servicios que presta APS Medical son gratuitos, gracias a la generosidad de personas como usted.<\/p>\t\t\t\t\t\t\t\t<\/div>\n\t\t\t\t<\/div>\n\t\t\t\t<div class=\"elementor-element elementor-element-f9324a9 elementor-align-center elementor-widget elementor-widget-button\" data-id=\"f9324a9\" data-element_type=\"widget\" data-e-type=\"widget\" data-widget_type=\"button.default\">\n\t\t\t\t<div class=\"elementor-widget-container\">\n\t\t\t\t\t\t\t\t\t<div class=\"elementor-button-wrapper\">\n\t\t\t\t\t<a class=\"elementor-button elementor-button-link elementor-size-sm\" href=\"https:\/\/secure.qgiv.com\/for\/apcofclu\">\n\t\t\t\t\t\t<span class=\"elementor-button-content-wrapper\">\n\t\t\t\t\t\t\t\t\t<span class=\"elementor-button-text\">Apoya a las mam\u00e1s y a las familias<\/span>\n\t\t\t\t\t<\/span>\n\t\t\t\t\t<\/a>\n\t\t\t\t<\/div>\n\t\t\t\t\t\t\t\t<\/div>\n\t\t\t\t<\/div>\n\t\t\t\t<div class=\"elementor-element elementor-element-540359f elementor-widget elementor-widget-text-editor\" data-id=\"540359f\" data-element_type=\"widget\" data-e-type=\"widget\" data-widget_type=\"text-editor.default\">\n\t\t\t\t<div class=\"elementor-widget-container\">\n\t\t\t\t\t\t\t\t\t<p class=\"yiv3941300180MsoNormal\">Tu generosidad financia directamente servicios esenciales, como consultas sobre opciones, pruebas de embarazo, ecograf\u00edas y pruebas de ETS.<\/p><p class=\"yiv3941300180MsoNormal\">Con tu donaci\u00f3n, nos ayudas a seguir apoyando a personas y familias en algunos de los momentos m\u00e1s dif\u00edciles de sus vidas.<\/p><p class=\"yiv3941300180MsoNormal\">Por favor, haz tu donaci\u00f3n hoy. Gracias.<\/p>\t\t\t\t\t\t\t\t<\/div>\n\t\t\t\t<\/div>\n\t\t\t\t\t<\/div>\n\t\t\t\t<\/div>\n\t\t\t\t\t<\/div>\n\t\t\t\t<\/div>\n\t\t\t\t<\/div>","protected":false},"excerpt":{"rendered":"<p>Donate Your Gift Transforms Lives Every day, individuals and families facing difficult circumstances turn to us for hope and support.\u00a0Will you support APS Medical, making it possible for them to receive compassionate care at no cost? Every service provided by APS Medical is offered free of charge, thanks to generous people like you. Support Moms &amp; Families Your generosity directly funds critical services, including options consultations, pregnancy tests, ultrasounds, STD testing. By donating, you help us continue to support individuals and families during some of the most challenging times in their lives. Please give today. Thank you.<\/p>","protected":false},"author":6,"featured_media":0,"parent":0,"menu_order":0,"comment_status":"closed","ping_status":"closed","template":"elementor_header_footer","meta":{"_seopress_robots_primary_cat":"","_seopress_titles_title":"","_seopress_titles_desc":"","_seopress_robots_index":"","footnotes":""},"class_list":["post-49","page","type-page","status-publish","hentry"],"featured_image_src":null,"featured_image_src_square":null,"_links":{"self":[{"href":"https:\/\/www.apsmke.com\/es\/wp-json\/wp\/v2\/pages\/49","targetHints":{"allow":["GET"]}}],"collection":[{"href":"https:\/\/www.apsmke.com\/es\/wp-json\/wp\/v2\/pages"}],"about":[{"href":"https:\/\/www.apsmke.com\/es\/wp-json\/wp\/v2\/types\/page"}],"author":[{"embeddable":true,"href":"https:\/\/www.apsmke.com\/es\/wp-json\/wp\/v2\/users\/6"}],"replies":[{"embeddable":true,"href":"https:\/\/www.apsmke.com\/es\/wp-json\/wp\/v2\/comments?post=49"}],"version-history":[{"count":6,"href":"https:\/\/www.apsmke.com\/es\/wp-json\/wp\/v2\/pages\/49\/revisions"}],"predecessor-version":[{"id":2248,"href":"https:\/\/www.apsmke.com\/es\/wp-json\/wp\/v2\/pages\/49\/revisions\/2248"}],"wp:attachment":[{"href":"https:\/\/www.apsmke.com\/es\/wp-json\/wp\/v2\/media?parent=49"}],"curies":[{"name":"la hora de","href":"https:\/\/api.w.org\/{rel}","templated":true}]}}