{"id":50,"date":"2024-11-15T07:26:19","date_gmt":"2024-11-15T07:26:19","guid":{"rendered":"https:\/\/www.apsmke.com\/?page_id=50"},"modified":"2026-02-24T21:43:48","modified_gmt":"2026-02-24T21:43:48","slug":"contactanos","status":"publish","type":"page","link":"https:\/\/www.apsmke.com\/es\/contact-us\/","title":{"rendered":"Cont\u00e1ctanos"},"content":{"rendered":"\t\t<div data-elementor-type=\"wp-page\" data-elementor-id=\"50\" class=\"elementor elementor-50\" data-elementor-post-type=\"page\">\n\t\t\t\t<div class=\"elementor-element elementor-element-3fe17ccf e-flex e-con-boxed e-con e-parent\" data-id=\"3fe17ccf\" data-element_type=\"container\" data-e-type=\"container\" data-settings=\"{&quot;background_background&quot;:&quot;gradient&quot;}\">\n\t\t\t\t\t<div class=\"e-con-inner\">\n\t\t<div class=\"elementor-element elementor-element-103cb901 e-con-full e-flex e-con e-child\" data-id=\"103cb901\" data-element_type=\"container\" data-e-type=\"container\" data-settings=\"{&quot;background_background&quot;:&quot;classic&quot;}\">\n\t\t\t\t<div class=\"elementor-element elementor-element-38a2b10 elementor-widget elementor-widget-heading\" data-id=\"38a2b10\" data-element_type=\"widget\" data-e-type=\"widget\" data-widget_type=\"heading.default\">\n\t\t\t\t<div class=\"elementor-widget-container\">\n\t\t\t\t\t<h2 class=\"elementor-heading-title elementor-size-default\">Contact Us<\/h2>\t\t\t\t<\/div>\n\t\t\t\t<\/div>\n\t\t\t\t<\/div>\n\t\t\t\t\t<\/div>\n\t\t\t\t<\/div>\n\t\t<div class=\"elementor-element elementor-element-1892a4d4 e-flex e-con-boxed e-con e-parent\" data-id=\"1892a4d4\" data-element_type=\"container\" data-e-type=\"container\">\n\t\t\t\t\t<div class=\"e-con-inner\">\n\t\t<div class=\"elementor-element elementor-element-14ba07d e-con-full e-flex elementor-invisible e-con e-child\" data-id=\"14ba07d\" data-element_type=\"container\" data-e-type=\"container\" data-settings=\"{&quot;background_background&quot;:&quot;classic&quot;,&quot;animation&quot;:&quot;fadeInUp&quot;}\">\n\t\t\t\t<div class=\"elementor-element elementor-element-8b97019 elementor-widget elementor-widget-heading\" data-id=\"8b97019\" data-element_type=\"widget\" data-e-type=\"widget\" data-widget_type=\"heading.default\">\n\t\t\t\t<div class=\"elementor-widget-container\">\n\t\t\t\t\t<h3 class=\"elementor-heading-title elementor-size-default\">Schedule Your Confidential Appointment<\/h3>\t\t\t\t<\/div>\n\t\t\t\t<\/div>\n\t\t\t\t<div class=\"elementor-element elementor-element-25afab90 common-cont elementor-widget elementor-widget-text-editor\" data-id=\"25afab90\" data-element_type=\"widget\" data-e-type=\"widget\" data-widget_type=\"text-editor.default\">\n\t\t\t\t<div class=\"elementor-widget-container\">\n\t\t\t\t\t\t\t\t\t<div>APS Medical offers a wide range of services to help you make an informed decision.\u00a0\u00a0<\/div><div>All services are free of charge.\u00a0 We&#8217;re here to help.<\/div><div>\u00a0<\/div><div><div>How to reach us:<\/div><\/div>\t\t\t\t\t\t\t\t<\/div>\n\t\t\t\t<\/div>\n\t\t\t\t<\/div>\n\t\t\t\t\t<\/div>\n\t\t\t\t<\/div>\n\t\t<div class=\"elementor-element elementor-element-4e31c3a e-grid e-con-boxed e-con e-parent\" data-id=\"4e31c3a\" data-element_type=\"container\" data-e-type=\"container\">\n\t\t\t\t\t<div class=\"e-con-inner\">\n\t\t\t\t<div class=\"elementor-element elementor-element-8525e53 elementor-align-right elementor-widget elementor-widget-button\" data-id=\"8525e53\" data-element_type=\"widget\" data-e-type=\"widget\" data-widget_type=\"button.default\">\n\t\t\t\t<div class=\"elementor-widget-container\">\n\t\t\t\t\t\t\t\t\t<div class=\"elementor-button-wrapper\">\n\t\t\t\t\t<a class=\"elementor-button elementor-button-link elementor-size-sm\" href=\"tel:4147278177\">\n\t\t\t\t\t\t<span class=\"elementor-button-content-wrapper\">\n\t\t\t\t\t\t<span class=\"elementor-button-icon\">\n\t\t\t\t<svg aria-hidden=\"true\" class=\"e-font-icon-svg e-fas-phone-alt\" viewBox=\"0 0 512 512\" xmlns=\"http:\/\/www.w3.org\/2000\/svg\"><path d=\"M497.39 361.8l-112-48a24 24 0 0 0-28 6.9l-49.6 60.6A370.66 370.66 0 0 1 130.6 204.11l60.6-49.6a23.94 23.94 0 0 0 6.9-28l-48-112A24.16 24.16 0 0 0 122.6.61l-104 24A24 24 0 0 0 0 48c0 256.5 207.9 464 464 464a24 24 0 0 0 23.4-18.6l24-104a24.29 24.29 0 0 0-14.01-27.6z\"><\/path><\/svg>\t\t\t<\/span>\n\t\t\t\t\t\t\t\t\t<span class=\"elementor-button-text\">CALL<\/span>\n\t\t\t\t\t<\/span>\n\t\t\t\t\t<\/a>\n\t\t\t\t<\/div>\n\t\t\t\t\t\t\t\t<\/div>\n\t\t\t\t<\/div>\n\t\t\t\t<div class=\"elementor-element elementor-element-9e8a855 elementor-align-left elementor-widget elementor-widget-button\" data-id=\"9e8a855\" data-element_type=\"widget\" data-e-type=\"widget\" data-widget_type=\"button.default\">\n\t\t\t\t<div class=\"elementor-widget-container\">\n\t\t\t\t\t\t\t\t\t<div class=\"elementor-button-wrapper\">\n\t\t\t\t\t<a class=\"elementor-button elementor-button-link elementor-size-sm\" href=\"sms:%204144652246\">\n\t\t\t\t\t\t<span class=\"elementor-button-content-wrapper\">\n\t\t\t\t\t\t<span class=\"elementor-button-icon\">\n\t\t\t\t<svg aria-hidden=\"true\" class=\"e-font-icon-svg e-far-comment-dots\" viewBox=\"0 0 512 512\" xmlns=\"http:\/\/www.w3.org\/2000\/svg\"><path d=\"M144 208c-17.7 0-32 14.3-32 32s14.3 32 32 32 32-14.3 32-32-14.3-32-32-32zm112 0c-17.7 0-32 14.3-32 32s14.3 32 32 32 32-14.3 32-32-14.3-32-32-32zm112 0c-17.7 0-32 14.3-32 32s14.3 32 32 32 32-14.3 32-32-14.3-32-32-32zM256 32C114.6 32 0 125.1 0 240c0 47.6 19.9 91.2 52.9 126.3C38 405.7 7 439.1 6.5 439.5c-6.6 7-8.4 17.2-4.6 26S14.4 480 24 480c61.5 0 110-25.7 139.1-46.3C192 442.8 223.2 448 256 448c141.4 0 256-93.1 256-208S397.4 32 256 32zm0 368c-26.7 0-53.1-4.1-78.4-12.1l-22.7-7.2-19.5 13.8c-14.3 10.1-33.9 21.4-57.5 29 7.3-12.1 14.4-25.7 19.9-40.2l10.6-28.1-20.6-21.8C69.7 314.1 48 282.2 48 240c0-88.2 93.3-160 208-160s208 71.8 208 160-93.3 160-208 160z\"><\/path><\/svg>\t\t\t<\/span>\n\t\t\t\t\t\t\t\t\t<span class=\"elementor-button-text\">TEXT<\/span>\n\t\t\t\t\t<\/span>\n\t\t\t\t\t<\/a>\n\t\t\t\t<\/div>\n\t\t\t\t\t\t\t\t<\/div>\n\t\t\t\t<\/div>\n\t\t\t\t\t<\/div>\n\t\t\t\t<\/div>\n\t\t<div class=\"elementor-element elementor-element-0c19cd1 e-flex e-con-boxed e-con e-parent\" data-id=\"0c19cd1\" data-element_type=\"container\" data-e-type=\"container\">\n\t\t\t\t\t<div class=\"e-con-inner\">\n\t\t\t\t<div class=\"elementor-element elementor-element-1a7d436 elementor-widget elementor-widget-text-editor\" data-id=\"1a7d436\" data-element_type=\"widget\" data-e-type=\"widget\" data-widget_type=\"text-editor.default\">\n\t\t\t\t<div class=\"elementor-widget-container\">\n\t\t\t\t\t\t\t\t\t<p>Or <strong>fill out the form below<\/strong> and we will contact you via text within 24 hours to schedule your appointment.<\/p>\t\t\t\t\t\t\t\t<\/div>\n\t\t\t\t<\/div>\n\t\t\t\t\t<\/div>\n\t\t\t\t<\/div>\n\t\t<div class=\"elementor-element elementor-element-6a6715f e-flex e-con-boxed e-con e-parent\" data-id=\"6a6715f\" data-element_type=\"container\" data-e-type=\"container\">\n\t\t\t\t\t<div class=\"e-con-inner\">\n\t\t<div class=\"elementor-element elementor-element-27643728 e-con-full e-flex e-con e-child\" data-id=\"27643728\" data-element_type=\"container\" data-e-type=\"container\" data-settings=\"{&quot;background_background&quot;:&quot;classic&quot;}\">\n\t\t\t\t<div class=\"elementor-element elementor-element-d75562a elementor-widget__width-initial elementor-widget elementor-widget-text-editor\" data-id=\"d75562a\" data-element_type=\"widget\" data-e-type=\"widget\" data-widget_type=\"text-editor.default\">\n\t\t\t\t<div class=\"elementor-widget-container\">\n\t\t\t\t\t\t\t\t\t<script src=https:\/\/hsformwidget.azurewebsites.net\/embed.js data-form-id=\"304e6e83-d27c-49b4-92df-66e51956aac4\"><\/script><iframe id=\"hsformwidget-ga-iframe\" src=\"about:blank\" height=\"0\" width=\"0\" style=\"display:none;visibility:hidden\"><\/iframe>\t\t\t\t\t\t\t\t<\/div>\n\t\t\t\t<\/div>\n\t\t\t\t<\/div>\n\t\t\t\t\t<\/div>\n\t\t\t\t<\/div>\n\t\t<div class=\"elementor-element elementor-element-2c5e249d e-flex e-con-boxed e-con e-parent\" data-id=\"2c5e249d\" data-element_type=\"container\" data-e-type=\"container\" id=\"LocationandHours\">\n\t\t\t\t\t<div class=\"e-con-inner\">\n\t\t<div class=\"elementor-element elementor-element-5f04fa41 e-con-full e-flex e-con e-child\" data-id=\"5f04fa41\" data-element_type=\"container\" data-e-type=\"container\" data-settings=\"{&quot;background_background&quot;:&quot;classic&quot;}\">\n\t\t<div class=\"elementor-element elementor-element-3f283ed6 e-con-full e-flex elementor-invisible e-con e-child\" data-id=\"3f283ed6\" data-element_type=\"container\" data-e-type=\"container\" data-settings=\"{&quot;animation&quot;:&quot;fadeInUp&quot;}\">\n\t\t<div class=\"elementor-element elementor-element-73460891 e-con-full e-flex e-con e-child\" data-id=\"73460891\" data-element_type=\"container\" data-e-type=\"container\">\n\t\t\t\t<div class=\"elementor-element elementor-element-4380f65b common-cont elementor-widget elementor-widget-text-editor\" data-id=\"4380f65b\" data-element_type=\"widget\" data-e-type=\"widget\" data-widget_type=\"text-editor.default\">\n\t\t\t\t<div class=\"elementor-widget-container\">\n\t\t\t\t\t\t\t\t\t<p class=\"text-align-center\"><strong>West Allis Location<br \/><\/strong>8501 West Lincoln Avenue\u00a0<br \/>West Allis, WI 53227<\/p>\t\t\t\t\t\t\t\t<\/div>\n\t\t\t\t<\/div>\n\t\t\t\t<\/div>\n\t\t\t\t<\/div>\n\t\t<div class=\"elementor-element elementor-element-3dac012 e-con-full e-flex elementor-invisible e-con e-child\" data-id=\"3dac012\" data-element_type=\"container\" data-e-type=\"container\" data-settings=\"{&quot;animation&quot;:&quot;fadeInUp&quot;}\">\n\t\t\t\t<div class=\"elementor-element elementor-element-1cd66bc5 common-cont elementor-widget elementor-widget-text-editor\" data-id=\"1cd66bc5\" data-element_type=\"widget\" data-e-type=\"widget\" data-widget_type=\"text-editor.default\">\n\t\t\t\t<div class=\"elementor-widget-container\">\n\t\t\t\t\t\t\t\t\t<p><strong>Hours<\/strong><br \/>Monday 10am &#8211; 4pm<br \/>Tuesday 10am &#8211; 4pm<br \/>Wednesday 10am &#8211; 4pm<br \/>Thursday 10am &#8211; 4pm<\/p>\t\t\t\t\t\t\t\t<\/div>\n\t\t\t\t<\/div>\n\t\t\t\t<\/div>\n\t\t\t\t<\/div>\n\t\t\t\t\t<\/div>\n\t\t\t\t<\/div>\n\t\t<div class=\"elementor-element elementor-element-c23830f e-con-full e-flex elementor-invisible e-con e-parent\" data-id=\"c23830f\" data-element_type=\"container\" data-e-type=\"container\" data-settings=\"{&quot;animation&quot;:&quot;fadeInUp&quot;}\">\n\t\t\t\t<div class=\"elementor-element elementor-element-78dc945 elementor-widget elementor-widget-wpr-google-maps\" data-id=\"78dc945\" data-element_type=\"widget\" data-e-type=\"widget\" data-settings=\"{&quot;gm_zoom_depth&quot;:{&quot;unit&quot;:&quot;px&quot;,&quot;size&quot;:12,&quot;sizes&quot;:[]},&quot;gm_height&quot;:{&quot;unit&quot;:&quot;px&quot;,&quot;size&quot;:500,&quot;sizes&quot;:[]},&quot;gm_height_widescreen&quot;:{&quot;unit&quot;:&quot;px&quot;,&quot;size&quot;:&quot;&quot;,&quot;sizes&quot;:[]},&quot;gm_height_laptop&quot;:{&quot;unit&quot;:&quot;px&quot;,&quot;size&quot;:&quot;&quot;,&quot;sizes&quot;:[]},&quot;gm_height_tablet_extra&quot;:{&quot;unit&quot;:&quot;px&quot;,&quot;size&quot;:&quot;&quot;,&quot;sizes&quot;:[]},&quot;gm_height_tablet&quot;:{&quot;unit&quot;:&quot;px&quot;,&quot;size&quot;:&quot;&quot;,&quot;sizes&quot;:[]},&quot;gm_height_mobile_extra&quot;:{&quot;unit&quot;:&quot;px&quot;,&quot;size&quot;:&quot;&quot;,&quot;sizes&quot;:[]},&quot;gm_height_mobile&quot;:{&quot;unit&quot;:&quot;px&quot;,&quot;size&quot;:&quot;&quot;,&quot;sizes&quot;:[]}}\" data-widget_type=\"wpr-google-maps.default\">\n\t\t\t\t<div class=\"elementor-widget-container\">\n\t\t\t\t\t<div class=\"wpr-google-map\"  data-settings=\"{&quot;type&quot;:&quot;roadmap&quot;,&quot;style&quot;:&quot;custom&quot;,&quot;zoom_depth&quot;:12,&quot;zoom_on_scroll&quot;:&quot;yes&quot;,&quot;cluster_markers&quot;:&quot;yes&quot;,&quot;clusters_url&quot;:&quot;https:\\\/\\\/www.apsmke.com\\\/wp-content\\\/plugins\\\/royal-elementor-addons\\\/assets\\\/js\\\/lib\\\/gmap\\\/clusters\\\/m&quot;,&quot;custom_style&quot;:&quot;[{\\u0022featureType\\u0022:\\u0022administrative\\u0022,\\u0022elementType\\u0022:\\u0022labels.text.fill\\u0022,\\u0022stylers\\u0022:[{\\u0022color\\u0022:\\u0022#6195a0\\u0022}]},{\\u0022featureType\\u0022:\\u0022administrative.province\\u0022,\\u0022elementType\\u0022:\\u0022geometry.stroke\\u0022,\\u0022stylers\\u0022:[{\\u0022visibility\\u0022:\\u0022off\\u0022}]},{\\u0022featureType\\u0022:\\u0022landscape\\u0022,\\u0022elementType\\u0022:\\u0022geometry\\u0022,\\u0022stylers\\u0022:[{\\u0022lightness\\u0022:\\u00220\\u0022},{\\u0022saturation\\u0022:\\u00220\\u0022},{\\u0022gamma\\u0022:\\u00221\\u0022}]},{\\u0022featureType\\u0022:\\u0022landscape.man_made\\u0022,\\u0022elementType\\u0022:\\u0022all\\u0022,\\u0022stylers\\u0022:[{\\u0022lightness\\u0022:\\u0022-3\\u0022},{\\u0022gamma\\u0022:\\u00221.00\\u0022}]},{\\u0022featureType\\u0022:\\u0022landscape.natural.terrain\\u0022,\\u0022elementType\\u0022:\\u0022all\\u0022,\\u0022stylers\\u0022:[{\\u0022visibility\\u0022:\\u0022off\\u0022}]},{\\u0022featureType\\u0022:\\u0022poi\\u0022,\\u0022elementType\\u0022:\\u0022all\\u0022,\\u0022stylers\\u0022:[{\\u0022visibility\\u0022:\\u0022off\\u0022}]},{\\u0022featureType\\u0022:\\u0022poi.park\\u0022,\\u0022elementType\\u0022:\\u0022geometry.fill\\u0022,\\u0022stylers\\u0022:[{\\u0022color\\u0022:\\u0022#cfe7b6\\u0022},{\\u0022visibility\\u0022:\\u0022on\\u0022}]},{\\u0022featureType\\u0022:\\u0022road\\u0022,\\u0022elementType\\u0022:\\u0022all\\u0022,\\u0022stylers\\u0022:[{\\u0022saturation\\u0022:-100},{\\u0022lightness\\u0022:45},{\\u0022visibility\\u0022:\\u0022simplified\\u0022}]},{\\u0022featureType\\u0022:\\u0022road.highway\\u0022,\\u0022elementType\\u0022:\\u0022all\\u0022,\\u0022stylers\\u0022:[{\\u0022visibility\\u0022:\\u0022simplified\\u0022}]},{\\u0022featureType\\u0022:\\u0022road.highway\\u0022,\\u0022elementType\\u0022:\\u0022geometry.fill\\u0022,\\u0022stylers\\u0022:[{\\u0022color\\u0022:\\u0022#fac9a9\\u0022},{\\u0022visibility\\u0022:\\u0022simplified\\u0022}]},{\\u0022featureType\\u0022:\\u0022road.highway\\u0022,\\u0022elementType\\u0022:\\u0022labels.text\\u0022,\\u0022stylers\\u0022:[{\\u0022color\\u0022:\\u0022#4e4e4e\\u0022}]},{\\u0022featureType\\u0022:\\u0022road.arterial\\u0022,\\u0022elementType\\u0022:\\u0022labels.text.fill\\u0022,\\u0022stylers\\u0022:[{\\u0022color\\u0022:\\u0022#787878\\u0022}]},{\\u0022featureType\\u0022:\\u0022road.arterial\\u0022,\\u0022elementType\\u0022:\\u0022labels.icon\\u0022,\\u0022stylers\\u0022:[{\\u0022visibility\\u0022:\\u0022off\\u0022}]},{\\u0022featureType\\u0022:\\u0022transit\\u0022,\\u0022elementType\\u0022:\\u0022all\\u0022,\\u0022stylers\\u0022:[{\\u0022visibility\\u0022:\\u0022simplified\\u0022}]},{\\u0022featureType\\u0022:\\u0022transit.station.airport\\u0022,\\u0022elementType\\u0022:\\u0022labels.icon\\u0022,\\u0022stylers\\u0022:[{\\u0022hue\\u0022:\\u0022#0a00ff\\u0022},{\\u0022saturation\\u0022:\\u0022-77\\u0022},{\\u0022gamma\\u0022:\\u00220.57\\u0022},{\\u0022lightness\\u0022:\\u00220\\u0022}]},{\\u0022featureType\\u0022:\\u0022transit.station.rail\\u0022,\\u0022elementType\\u0022:\\u0022labels.text.fill\\u0022,\\u0022stylers\\u0022:[{\\u0022color\\u0022:\\u0022#43321e\\u0022}]},{\\u0022featureType\\u0022:\\u0022transit.station.rail\\u0022,\\u0022elementType\\u0022:\\u0022labels.icon\\u0022,\\u0022stylers\\u0022:[{\\u0022hue\\u0022:\\u0022#ff6c00\\u0022},{\\u0022lightness\\u0022:\\u00224\\u0022},{\\u0022gamma\\u0022:\\u00220.75\\u0022},{\\u0022saturation\\u0022:\\u0022-68\\u0022}]},{\\u0022featureType\\u0022:\\u0022water\\u0022,\\u0022elementType\\u0022:\\u0022all\\u0022,\\u0022stylers\\u0022:[{\\u0022color\\u0022:\\u0022#eaf6f8\\u0022},{\\u0022visibility\\u0022:\\u0022on\\u0022}]},{\\u0022featureType\\u0022:\\u0022water\\u0022,\\u0022elementType\\u0022:\\u0022geometry.fill\\u0022,\\u0022stylers\\u0022:[{\\u0022color\\u0022:\\u0022#c4d9d3\\u0022}]},{\\u0022featureType\\u0022:\\u0022water\\u0022,\\u0022elementType\\u0022:\\u0022labels.text.fill\\u0022,\\u0022stylers\\u0022:[{\\u0022lightness\\u0022:\\u0022-49\\u0022},{\\u0022saturation\\u0022:\\u0022-53\\u0022},{\\u0022gamma\\u0022:\\u00220.79\\u0022}]}]&quot;}\" data-locations=\"[{&quot;gm_location_title&quot;:&quot;APS Medical&quot;,&quot;gm_latitude&quot;:&quot;43.002390&quot;,&quot;gm_longtitude&quot;:&quot;-88.018850&quot;,&quot;_id&quot;:&quot;129f812&quot;,&quot;gm_show_info_window&quot;:&quot;load&quot;,&quot;gm_location_description&quot;:&quot;&quot;,&quot;gm_info_window_width&quot;:{&quot;unit&quot;:&quot;px&quot;,&quot;size&quot;:300,&quot;sizes&quot;:[]},&quot;gm_marker_animation&quot;:&quot;none&quot;,&quot;gm_custom_marker&quot;:&quot;&quot;,&quot;gm_marker_icon&quot;:{&quot;url&quot;:&quot;&quot;,&quot;id&quot;:&quot;&quot;,&quot;size&quot;:&quot;&quot;},&quot;gm_marker_icon_size_width&quot;:{&quot;unit&quot;:&quot;px&quot;,&quot;size&quot;:35,&quot;sizes&quot;:[]},&quot;gm_marker_icon_size_height&quot;:{&quot;unit&quot;:&quot;px&quot;,&quot;size&quot;:35,&quot;sizes&quot;:[]}}]\" data-controls=\"{&quot;type&quot;:&quot;&quot;,&quot;fullscreen&quot;:&quot;yes&quot;,&quot;zoom&quot;:&quot;yes&quot;,&quot;streetview&quot;:&quot;&quot;}\"><\/div>\t\t\t\t<\/div>\n\t\t\t\t<\/div>\n\t\t\t\t<\/div>\n\t\t\t\t<\/div>\n\t\t","protected":false},"excerpt":{"rendered":"<p>Cont\u00e1ctanos Agenda tu cita confidencial APS Medical ofrece una amplia gama de servicios para ayudarte a tomar una decisi\u00f3n informada. Todos los servicios son gratuitos. Estamos aqu\u00ed para ayudarte. C\u00f3mo contactarnos: LLAMA ENV\u00cdA UN MENSAJE DE TEXTO O completa el siguiente formulario y nos pondremos en contacto contigo por mensaje de texto dentro de las 24 horas para agendar tu cita. Ubicaci\u00f3n de West Allis 8501 West Lincoln Avenue West Allis, WI 53227 Horario Lunes 10am \u2013 4pm Martes 10am \u2013 4pm Mi\u00e9rcoles 10am \u2013 4pm Jueves 10am \u2013 4pm<\/p>","protected":false},"author":6,"featured_media":0,"parent":0,"menu_order":0,"comment_status":"closed","ping_status":"closed","template":"elementor_header_footer","meta":{"_seopress_robots_primary_cat":"","_seopress_titles_title":"","_seopress_titles_desc":"","_seopress_robots_index":"","footnotes":""},"class_list":["post-50","page","type-page","status-publish","hentry"],"featured_image_src":null,"featured_image_src_square":null,"_links":{"self":[{"href":"https:\/\/www.apsmke.com\/es\/wp-json\/wp\/v2\/pages\/50","targetHints":{"allow":["GET"]}}],"collection":[{"href":"https:\/\/www.apsmke.com\/es\/wp-json\/wp\/v2\/pages"}],"about":[{"href":"https:\/\/www.apsmke.com\/es\/wp-json\/wp\/v2\/types\/page"}],"author":[{"embeddable":true,"href":"https:\/\/www.apsmke.com\/es\/wp-json\/wp\/v2\/users\/6"}],"replies":[{"embeddable":true,"href":"https:\/\/www.apsmke.com\/es\/wp-json\/wp\/v2\/comments?post=50"}],"version-history":[{"count":12,"href":"https:\/\/www.apsmke.com\/es\/wp-json\/wp\/v2\/pages\/50\/revisions"}],"predecessor-version":[{"id":2255,"href":"https:\/\/www.apsmke.com\/es\/wp-json\/wp\/v2\/pages\/50\/revisions\/2255"}],"wp:attachment":[{"href":"https:\/\/www.apsmke.com\/es\/wp-json\/wp\/v2\/media?parent=50"}],"curies":[{"name":"la hora de","href":"https:\/\/api.w.org\/{rel}","templated":true}]}}